{"id":222,"date":"2019-03-18T12:22:28","date_gmt":"2019-03-18T15:22:28","guid":{"rendered":"https:\/\/www.ufsm.br\/cursos\/pos-graduacao\/santa-maria\/profmat\/?page_id=222"},"modified":"2024-03-07T14:50:23","modified_gmt":"2024-03-07T17:50:23","slug":"docentes","status":"publish","type":"page","link":"https:\/\/www.ufsm.br\/cursos\/pos-graduacao\/santa-maria\/profmat\/docentes","title":{"rendered":"Docentes"},"content":{"rendered":"\t\t<div data-elementor-type=\"wp-post\" data-elementor-id=\"222\" class=\"elementor elementor-222\">\n\t\t\t\t\t\t<section class=\"elementor-section elementor-top-section elementor-element elementor-element-7ae1db9b elementor-section-boxed elementor-section-height-default elementor-section-height-default\" data-id=\"7ae1db9b\" data-element_type=\"section\">\n\t\t\t\t\t\t<div class=\"elementor-container elementor-column-gap-default\">\n\t\t\t\t\t<div class=\"elementor-column elementor-col-100 elementor-top-column elementor-element elementor-element-7adc2ffd\" data-id=\"7adc2ffd\" data-element_type=\"column\">\n\t\t\t<div class=\"elementor-widget-wrap elementor-element-populated\">\n\t\t\t\t\t\t<div class=\"elementor-element elementor-element-719412d5 elementor-widget elementor-widget-text-editor\" data-id=\"719412d5\" data-element_type=\"widget\" data-widget_type=\"text-editor.default\">\n\t\t\t\t<div class=\"elementor-widget-container\">\n\t\t\t\t\t\t\t<p><!-- wp:tadv\/classic-paragraph --><\/p>\n<p><a href=\"http:\/\/lattes.cnpq.br\/1143985671114403\">Alice de Jesus Kozakevicius (afastada)<br><\/a>Doutor em Matem\u00e1tica Aplicada &nbsp;&#8211; USP<\/p>\n<p><a href=\"http:\/\/lattes.cnpq.br\/5048965212765046\">Cl\u00e1udia Candida Pansonato&nbsp;<br><\/a>Doutor em Matem\u00e1tica &nbsp;&#8211; UNICAMP<\/p>\n<p><a href=\"http:\/\/buscatextual.cnpq.br\/buscatextual\/visualizacv.do?id=K4700739Y6\">Carmen Vieira Mathias<br><\/a>Doutor em Matem\u00e1tica &#8211; UFRGS<\/p>\n<p><a href=\"http:\/\/buscatextual.cnpq.br\/buscatextual\/visualizacv.do?id=K4778302H7\">Den\u00edlson Gomes<br><\/a>Doutor em Matem\u00e1tica Aplicada &#8211; UNICAMP<\/p>\n<p><a href=\"\/\/lattes.cnpq.br\/6402813587470564\">Eduardo Casagrande Stabel<br><\/a>Doutor em Matem\u00e1tica &#8211; UFRGS<\/p>\n<p><a href=\"http:\/\/buscatextual.cnpq.br\/buscatextual\/visualizacv.do?id=K4705991D8\">Edson Sidney Figueiredo<br><\/a>Doutor em Matem\u00e1tica &#8211; UFRGS<\/p>\n<p><a href=\"http:\/\/buscatextual.cnpq.br\/buscatextual\/visualizacv.do?id=K4705991D8\">F<\/a><a id=\"__mce_tmp\" href=\"http:\/\/coral.ufsm.br\/profmat\/index.php\/2015-08-12-13-15-13\/docentes#\">id\u00e9lis Bitencourt<\/a><br>Doutor em Matem\u00e1tica &#8211; UFRGS<\/p>\n<p><a href=\"http:\/\/lattes.cnpq.br\/5849885985531239\">Janice Rachelli<\/a><\/p>\n<p><span style=\"font-size: 1rem\">Doutor em Ci\u00eancias e Matem\u00e1tica &#8211; UFN<\/span><\/p>\n<p><a href=\"http:\/\/buscatextual.cnpq.br\/buscatextual\/visualizacv.do?id=K4771708E6\">Jo\u00e3o Roberto Lazzarin<br><\/a>Doutor em Matem\u00e1tica &#8211; UFRGS<\/p>\n<p><a href=\"http:\/\/buscatextual.cnpq.br\/buscatextual\/visualizacv.do?id=K4796315T6\">Karine Faverzani Magnago<br><\/a>Doutor em Matem\u00e1tica Aplicada &#8211; UNICAMP.<\/p>\n<p><a href=\"http:\/\/buscatextual.cnpq.br\/buscatextual\/visualizacv.do?id=K4202033H9\" style=\"font-size: 1rem;font-weight: var( --e-global-typography-text-font-weight );text-align: var(--bs-body-text-align)\">Luciane Gobbi Tonet<\/a><br><\/p><p>Doutor em Matem\u00e1tica &#8211; UFRGS<\/p>\n<p><a href=\"http:\/\/buscatextual.cnpq.br\/buscatextual\/visualizacv.do?id=K4721201H5\">Pedro Fusieger<br><\/a>Doutor em Matem\u00e1tica &#8211; UFRGS<\/p>\n<p><a href=\"http:\/\/buscatextual.cnpq.br\/buscatextual\/visualizacv.jsp?id=K4169126J6\" style=\"font-size: 1rem;font-weight: var( --e-global-typography-text-font-weight );text-align: var(--bs-body-text-align)\">Val\u00e9ria de F\u00e1tima Maciel Cardoso Brum<\/a><br><\/p><p>Doutor em Matem\u00e1tica \u2013 UFRGS<\/p>\n<p><!-- \/wp:tadv\/classic-paragraph --><\/p>\t\t\t\t\t\t<\/div>\n\t\t\t\t<\/div>\n\t\t\t\t\t<\/div>\n\t\t<\/div>\n\t\t\t\t\t<\/div>\n\t\t<\/section>\n\t\t\t\t<\/div>\n\t\t","protected":false},"excerpt":{"rendered":"<p>Alice de Jesus Kozakevicius (afastada)Doutor em Matem\u00e1tica Aplicada &nbsp;&#8211; USP Cl\u00e1udia Candida Pansonato&nbsp;Doutor em Matem\u00e1tica &nbsp;&#8211; UNICAMP Carmen Vieira MathiasDoutor em Matem\u00e1tica &#8211; UFRGS Den\u00edlson GomesDoutor em Matem\u00e1tica Aplicada &#8211; UNICAMP Eduardo Casagrande StabelDoutor em Matem\u00e1tica &#8211; UFRGS Edson Sidney FigueiredoDoutor em Matem\u00e1tica &#8211; UFRGS Fid\u00e9lis BitencourtDoutor em Matem\u00e1tica &#8211; UFRGS Janice Rachelli Doutor em [&hellip;]<\/p>\n","protected":false},"author":115,"featured_media":0,"parent":0,"menu_order":0,"comment_status":"closed","ping_status":"closed","template":"","meta":{"footnotes":""},"categories":[],"tags":[],"class_list":["post-222","page","type-page","status-publish","hentry"],"acf":[],"_links":{"self":[{"href":"https:\/\/www.ufsm.br\/cursos\/pos-graduacao\/santa-maria\/profmat\/wp-json\/wp\/v2\/pages\/222","targetHints":{"allow":["GET"]}}],"collection":[{"href":"https:\/\/www.ufsm.br\/cursos\/pos-graduacao\/santa-maria\/profmat\/wp-json\/wp\/v2\/pages"}],"about":[{"href":"https:\/\/www.ufsm.br\/cursos\/pos-graduacao\/santa-maria\/profmat\/wp-json\/wp\/v2\/types\/page"}],"author":[{"embeddable":true,"href":"https:\/\/www.ufsm.br\/cursos\/pos-graduacao\/santa-maria\/profmat\/wp-json\/wp\/v2\/users\/115"}],"replies":[{"embeddable":true,"href":"https:\/\/www.ufsm.br\/cursos\/pos-graduacao\/santa-maria\/profmat\/wp-json\/wp\/v2\/comments?post=222"}],"version-history":[{"count":0,"href":"https:\/\/www.ufsm.br\/cursos\/pos-graduacao\/santa-maria\/profmat\/wp-json\/wp\/v2\/pages\/222\/revisions"}],"wp:attachment":[{"href":"https:\/\/www.ufsm.br\/cursos\/pos-graduacao\/santa-maria\/profmat\/wp-json\/wp\/v2\/media?parent=222"}],"wp:term":[{"taxonomy":"category","embeddable":true,"href":"https:\/\/www.ufsm.br\/cursos\/pos-graduacao\/santa-maria\/profmat\/wp-json\/wp\/v2\/categories?post=222"},{"taxonomy":"post_tag","embeddable":true,"href":"https:\/\/www.ufsm.br\/cursos\/pos-graduacao\/santa-maria\/profmat\/wp-json\/wp\/v2\/tags?post=222"}],"curies":[{"name":"wp","href":"https:\/\/api.w.org\/{rel}","templated":true}]}}