{"id":268,"date":"2021-05-04T11:14:24","date_gmt":"2021-05-04T14:14:24","guid":{"rendered":"https:\/\/www.ufsm.br\/cursos\/pos-graduacao\/santa-maria\/profmat\/?page_id=268"},"modified":"2021-10-08T16:51:35","modified_gmt":"2021-10-08T19:51:35","slug":"produtos","status":"publish","type":"page","link":"https:\/\/www.ufsm.br\/cursos\/pos-graduacao\/santa-maria\/profmat\/produtos","title":{"rendered":"Produtos"},"content":{"rendered":"\n<p><strong>2019<\/strong><\/p>\n\n\n\n<p><strong><em>Applets<\/em> para Estudo de Trigonometria e Fun\u00e7\u00f5es Trigonom\u00e9tricas Seno, Cosseno e Tangente<\/strong> &#8211; Autor: <\/p>\n\n\n\n<p>Jairo Renato Araujo Chaves &#8211; Orientadora: Karine Faverzani Magnago<\/p>\n\n\n\n<div class=\"wp-block-file\"><a href=\"https:\/\/www.ufsm.br\/app\/uploads\/sites\/508\/2021\/05\/Descricao-Applets-Jairo.pdf\"><em>Applets<\/em> para Estudo de Trigonometria e Funs\u00e7\u00f5es Trigonom\u00e9tricas Seno, Cosseno e Tangente<\/a><a href=\"https:\/\/www.ufsm.br\/app\/uploads\/sites\/508\/2021\/05\/Descricao-Applets-Jairo.pdf\" class=\"wp-block-file__button\" download>Baixar<\/a><\/div>\n\n\n\n<p><strong>Notas sobre o ensino da divis\u00e3o: Algumas sugest\u00f5es para pr\u00e1ticas docentes no ciclo de alfabetiza\u00e7\u00e3o<\/strong> &#8211; Autor: Matheus Luz Cust\u00f3dio &#8211; Orientadora: Karine Faverzani Magnago<\/p>\n\n\n\n<div class=\"wp-block-file\"><a href=\"https:\/\/www.ufsm.br\/app\/uploads\/sites\/508\/2021\/05\/Produto-Matheus-Custodio.pdf\">Notas sobre o ensino da divis\u00e3o: Algumas sugest\u00f5es para pr\u00e1ticas docentes no ciclo de alfabetiza\u00e7\u00e3o<\/a><a href=\"https:\/\/www.ufsm.br\/app\/uploads\/sites\/508\/2021\/05\/Produto-Matheus-Custodio.pdf\" class=\"wp-block-file__button\" download>Baixar<\/a><\/div>\n\n\n\n<p><strong>2020<\/strong><\/p>\n\n\n\n<p><strong>Elemento Neutro e Oposto<\/strong> &#8211; Autora: Ivana Manfio Cocco &#8211; Orientadora: Luciane Gobbi Tonet<\/p>\n\n\n\n<div class=\"wp-block-file\"><a href=\"https:\/\/www.ufsm.br\/app\/uploads\/sites\/508\/2021\/05\/Produto_Ivana.pdf\">Elemento Neutro e Oposto<\/a><a href=\"https:\/\/www.ufsm.br\/app\/uploads\/sites\/508\/2021\/05\/Produto_Ivana.pdf\" class=\"wp-block-file__button\" download>Baixar<\/a><\/div>\n\n\n\n<p><strong>Transforma\u00e7\u00f5es Geom\u00e9tricas e Matrizes<\/strong> &#8211; Autora: Luciana Zanchettin &#8211; Orientadora: Janice Rachelli<\/p>\n\n\n\n<div class=\"wp-block-file\"><a href=\"https:\/\/www.ufsm.br\/app\/uploads\/sites\/508\/2021\/05\/Produto-Educacional_Luciana-Zanchettin_Transf_Geom_Matrizes.pdf\">Transforma\u00e7\u00f5es Geom\u00e9tricas e Matrizes<\/a><a href=\"https:\/\/www.ufsm.br\/app\/uploads\/sites\/508\/2021\/05\/Produto-Educacional_Luciana-Zanchettin_Transf_Geom_Matrizes.pdf\" class=\"wp-block-file__button\" download>Baixar<\/a><\/div>\n\n\n\n<p><strong>2021<\/strong><\/p>\n\n\n\n<p><strong>O equil\u00edbrio dos planos e os pontos not\u00e1veis do tri\u00e2ngulo: Arquimedes, Euclides, Huzita e Hatori trabalhando juntos<\/strong> &#8211; Autor: Luiz Fernando Pereira &#8211; Orientador: Edson Sidney Figueiredo<\/p>\n\n\n\n<p><a rel=\"noreferrer noopener\" href=\"https:\/\/www.ufsm.br\/app\/uploads\/sites\/508\/2021\/10\/Produto-Educacional-Luiz-Fernando-Pereira-2-1.pdf\" target=\"_blank\">O equil\u00edbrio dos planos e os pontos not\u00e1veis do tri\u00e2ngulo: Arquimedes, Euclides, Huzita e Hatori trabalhando juntos<\/a><\/p>\n\n\n\n<p><strong>Utiliza\u00e7\u00e3o do ALGEPLAN nas opera\u00e7\u00f5es com polin\u00f4mios e ra\u00edzes de equa\u00e7\u00f5es do 2o grau<\/strong> &#8211; Autora: Lidiane Garcia Bressan &#8211; Orientadora: Val\u00e9ria de F\u00e1tima Maciel Cardoso Brum<\/p>\n\n\n\n<p><a rel=\"noreferrer noopener\" href=\"https:\/\/www.ufsm.br\/app\/uploads\/sites\/508\/2021\/10\/Produto-Lidiane-Bressan.pdf\" target=\"_blank\">Utiliza\u00e7\u00e3o do ALGEPLAN nas opera\u00e7\u00f5es com polin\u00f4mios e ra\u00edzes de equa\u00e7\u00f5es do 2o grau<\/a><\/p>\n\n\n\n<p><strong>Minicurso de Python para auxiliar a inser\u00e7\u00e3o do pensamento computacional na disciplina de Matem\u00e1tica<\/strong> &#8211; Autor: Leomir Augusto Severo Grave &#8211; Orientador: Tiago Martinuzzi Buriol<\/p>\n\n\n\n<p><a href=\"https:\/\/www.ufsm.br\/app\/uploads\/sites\/508\/2021\/10\/PRODUTO_EDUCACIONAL_GRAVE_LEOMIR_PENSAMENTO_COMPUTACIONAL.pdf\" target=\"_blank\" rel=\"noreferrer noopener\">Minicurso de Python para auxiliar a inser\u00e7\u00e3o do pensamento computacional na disciplina de Matem\u00e1tica<\/a><\/p>\n","protected":false},"excerpt":{"rendered":"<p>2019 Applets para Estudo de Trigonometria e Fun\u00e7\u00f5es Trigonom\u00e9tricas Seno, Cosseno e Tangente &#8211; Autor: Jairo Renato Araujo Chaves &#8211; Orientadora: Karine Faverzani Magnago Notas sobre o ensino da divis\u00e3o: Algumas sugest\u00f5es para pr\u00e1ticas docentes no ciclo de alfabetiza\u00e7\u00e3o &#8211; Autor: Matheus Luz Cust\u00f3dio &#8211; Orientadora: Karine Faverzani Magnago 2020 Elemento Neutro e Oposto &#8211; [&hellip;]<\/p>\n","protected":false},"author":1599,"featured_media":0,"parent":0,"menu_order":0,"comment_status":"closed","ping_status":"closed","template":"","meta":{"footnotes":""},"categories":[],"tags":[],"class_list":["post-268","page","type-page","status-publish","hentry"],"acf":[],"_links":{"self":[{"href":"https:\/\/www.ufsm.br\/cursos\/pos-graduacao\/santa-maria\/profmat\/wp-json\/wp\/v2\/pages\/268","targetHints":{"allow":["GET"]}}],"collection":[{"href":"https:\/\/www.ufsm.br\/cursos\/pos-graduacao\/santa-maria\/profmat\/wp-json\/wp\/v2\/pages"}],"about":[{"href":"https:\/\/www.ufsm.br\/cursos\/pos-graduacao\/santa-maria\/profmat\/wp-json\/wp\/v2\/types\/page"}],"author":[{"embeddable":true,"href":"https:\/\/www.ufsm.br\/cursos\/pos-graduacao\/santa-maria\/profmat\/wp-json\/wp\/v2\/users\/1599"}],"replies":[{"embeddable":true,"href":"https:\/\/www.ufsm.br\/cursos\/pos-graduacao\/santa-maria\/profmat\/wp-json\/wp\/v2\/comments?post=268"}],"version-history":[{"count":0,"href":"https:\/\/www.ufsm.br\/cursos\/pos-graduacao\/santa-maria\/profmat\/wp-json\/wp\/v2\/pages\/268\/revisions"}],"wp:attachment":[{"href":"https:\/\/www.ufsm.br\/cursos\/pos-graduacao\/santa-maria\/profmat\/wp-json\/wp\/v2\/media?parent=268"}],"wp:term":[{"taxonomy":"category","embeddable":true,"href":"https:\/\/www.ufsm.br\/cursos\/pos-graduacao\/santa-maria\/profmat\/wp-json\/wp\/v2\/categories?post=268"},{"taxonomy":"post_tag","embeddable":true,"href":"https:\/\/www.ufsm.br\/cursos\/pos-graduacao\/santa-maria\/profmat\/wp-json\/wp\/v2\/tags?post=268"}],"curies":[{"name":"wp","href":"https:\/\/api.w.org\/{rel}","templated":true}]}}