{"id":377,"date":"2025-10-15T09:54:43","date_gmt":"2025-10-15T12:54:43","guid":{"rendered":"https:\/\/www.ufsm.br\/cursos\/pos-graduacao\/santa-maria\/profmat\/?page_id=377"},"modified":"2025-10-15T09:54:43","modified_gmt":"2025-10-15T12:54:43","slug":"regulamento-interno-profmat-ufsm","status":"publish","type":"page","link":"https:\/\/www.ufsm.br\/cursos\/pos-graduacao\/santa-maria\/profmat\/regulamento-interno-profmat-ufsm","title":{"rendered":"Regulamento Interno PROFMAT\/UFSM"},"content":{"rendered":"\n<p>O Regulamento Interno do Programa de P\u00f3s-Gradua\u00e7\u00e3o em Matem\u00e1tica em Rede Nacional (PROFMAT) do CCNE da UFSM foi aprovado como anexo \u00e0 Portaria Normativa do CCNE n\u00b0 002, de 02 de outubro de 2025).<\/p>\n\n\n\n<p>O Regulamento, publicado no Portal de Documentos da UFSM, est\u00e1 dispon\u00edvel <em><a href=\"https:\/\/portal.ufsm.br\/documentos\/publico\/documento.html?id=15613326\">neste link<\/a><\/em>. <\/p>\n","protected":false},"excerpt":{"rendered":"<p>O Regulamento Interno do Programa de P\u00f3s-Gradua\u00e7\u00e3o em Matem\u00e1tica em Rede Nacional (PROFMAT) do CCNE da UFSM foi aprovado como anexo \u00e0 Portaria Normativa do CCNE n\u00b0 002, de 02 de outubro de 2025). O Regulamento, publicado no Portal de Documentos da UFSM, est\u00e1 dispon\u00edvel neste link.<\/p>\n","protected":false},"author":1890,"featured_media":0,"parent":0,"menu_order":0,"comment_status":"closed","ping_status":"closed","template":"","meta":{"footnotes":""},"categories":[],"tags":[],"class_list":["post-377","page","type-page","status-publish","hentry"],"acf":[],"_links":{"self":[{"href":"https:\/\/www.ufsm.br\/cursos\/pos-graduacao\/santa-maria\/profmat\/wp-json\/wp\/v2\/pages\/377","targetHints":{"allow":["GET"]}}],"collection":[{"href":"https:\/\/www.ufsm.br\/cursos\/pos-graduacao\/santa-maria\/profmat\/wp-json\/wp\/v2\/pages"}],"about":[{"href":"https:\/\/www.ufsm.br\/cursos\/pos-graduacao\/santa-maria\/profmat\/wp-json\/wp\/v2\/types\/page"}],"author":[{"embeddable":true,"href":"https:\/\/www.ufsm.br\/cursos\/pos-graduacao\/santa-maria\/profmat\/wp-json\/wp\/v2\/users\/1890"}],"replies":[{"embeddable":true,"href":"https:\/\/www.ufsm.br\/cursos\/pos-graduacao\/santa-maria\/profmat\/wp-json\/wp\/v2\/comments?post=377"}],"version-history":[{"count":0,"href":"https:\/\/www.ufsm.br\/cursos\/pos-graduacao\/santa-maria\/profmat\/wp-json\/wp\/v2\/pages\/377\/revisions"}],"wp:attachment":[{"href":"https:\/\/www.ufsm.br\/cursos\/pos-graduacao\/santa-maria\/profmat\/wp-json\/wp\/v2\/media?parent=377"}],"wp:term":[{"taxonomy":"category","embeddable":true,"href":"https:\/\/www.ufsm.br\/cursos\/pos-graduacao\/santa-maria\/profmat\/wp-json\/wp\/v2\/categories?post=377"},{"taxonomy":"post_tag","embeddable":true,"href":"https:\/\/www.ufsm.br\/cursos\/pos-graduacao\/santa-maria\/profmat\/wp-json\/wp\/v2\/tags?post=377"}],"curies":[{"name":"wp","href":"https:\/\/api.w.org\/{rel}","templated":true}]}}