{"id":2162,"date":"2025-12-18T14:41:24","date_gmt":"2025-12-18T17:41:24","guid":{"rendered":"https:\/\/www.ufsm.br\/cursos\/pos-graduacao\/santa-maria\/residenciamulti\/?page_id=2162"},"modified":"2026-02-26T10:52:30","modified_gmt":"2026-02-26T13:52:30","slug":"processo-seletivo-2026-enare","status":"publish","type":"page","link":"https:\/\/www.ufsm.br\/cursos\/pos-graduacao\/santa-maria\/residenciamulti\/processo-seletivo-2026-enare","title":{"rendered":"Processo Seletivo 2026 (ENARE)"},"content":{"rendered":"\t\t<div data-elementor-type=\"wp-page\" data-elementor-id=\"2162\" class=\"elementor elementor-2162\">\n\t\t\t\t\t\t<section class=\"elementor-section elementor-top-section elementor-element elementor-element-43a95fc elementor-section-boxed elementor-section-height-default elementor-section-height-default\" data-id=\"43a95fc\" data-element_type=\"section\">\n\t\t\t\t\t\t<div class=\"elementor-container elementor-column-gap-default\">\n\t\t\t\t\t<div class=\"elementor-column elementor-col-100 elementor-top-column elementor-element elementor-element-bbcf226\" data-id=\"bbcf226\" data-element_type=\"column\">\n\t\t\t<div class=\"elementor-widget-wrap elementor-element-populated\">\n\t\t\t\t\t\t<div class=\"elementor-element elementor-element-5ebbe9d elementor-widget elementor-widget-text-editor\" data-id=\"5ebbe9d\" data-element_type=\"widget\" data-widget_type=\"text-editor.default\">\n\t\t\t\t<div class=\"elementor-widget-container\">\n\t\t\t\t\t\t\t<p style=\"text-align: center\"><b>INSTRU\u00c7\u00d5ES E CONVOCA\u00c7\u00c3O PARA MATR\u00cdCULA<\/b><br \/><span style=\"color: #ff0000\"><b>2\u00aa CHAMADA DE SUPLENTES<\/b><\/span><br \/><span style=\"color: #ff0000\"><b>PUBLICADO!<\/b><\/span><\/p><p style=\"text-align: center\"><span style=\"color: #000000\">As orienta\u00e7\u00f5es para confirma\u00e7\u00e3o de vaga foram publicadas. <\/span><\/p><p style=\"text-align: center\"><span style=\"color: #000000\">Clique no bot\u00e3o abaixo para acessar a p\u00e1gina de publica\u00e7\u00f5es e convoca\u00e7\u00f5es. Leiam com aten\u00e7\u00e3o as instru\u00e7\u00f5es<\/span><\/p>\t\t\t\t\t\t<\/div>\n\t\t\t\t<\/div>\n\t\t\t\t<div class=\"elementor-element elementor-element-170e96a elementor-view-framed elementor-shape-circle elementor-position-top elementor-mobile-position-top elementor-widget elementor-widget-icon-box\" data-id=\"170e96a\" data-element_type=\"widget\" data-widget_type=\"icon-box.default\">\n\t\t\t\t<div class=\"elementor-widget-container\">\n\t\t\t\t\t<div class=\"elementor-icon-box-wrapper\">\n\n\t\t\t\t\t\t<div class=\"elementor-icon-box-icon\">\n\t\t\t\t<a href=\"https:\/\/www.ufsm.br\/pro-reitorias\/prpgp\/editais\/007-2026\" target=\"_blank\" class=\"elementor-icon elementor-animation-\" tabindex=\"-1\">\n\t\t\t\t<i aria-hidden=\"true\" class=\"far fa-eye\"><\/i>\t\t\t\t<\/a>\n\t\t\t<\/div>\n\t\t\t\n\t\t\t\t\t\t<div class=\"elementor-icon-box-content\">\n\n\t\t\t\t\t\t\t\t\t<h1 class=\"elementor-icon-box-title\">\n\t\t\t\t\t\t<a href=\"https:\/\/www.ufsm.br\/pro-reitorias\/prpgp\/editais\/007-2026\" target=\"_blank\" >\n\t\t\t\t\t\t\tInstru\u00e7\u00f5es  e convoca\u00e7\u00f5es de matr\u00edcula (UFSM)\t\t\t\t\t\t<\/a>\n\t\t\t\t\t<\/h1>\n\t\t\t\t\n\t\t\t\t\t\t\t\t\t<p class=\"elementor-icon-box-description\">\n\t\t\t\t\t\tPUBLICADO\t\t\t\t\t<\/p>\n\t\t\t\t\n\t\t\t<\/div>\n\t\t\t\n\t\t<\/div>\n\t\t\t\t<\/div>\n\t\t\t\t<\/div>\n\t\t\t\t\t<\/div>\n\t\t<\/div>\n\t\t\t\t\t<\/div>\n\t\t<\/section>\n\t\t\t\t<section class=\"elementor-section elementor-top-section elementor-element elementor-element-261830c elementor-section-boxed elementor-section-height-default elementor-section-height-default\" data-id=\"261830c\" data-element_type=\"section\">\n\t\t\t\t\t\t<div class=\"elementor-container elementor-column-gap-default\">\n\t\t\t\t\t<div class=\"elementor-column elementor-col-100 elementor-top-column elementor-element elementor-element-c33384b\" data-id=\"c33384b\" data-element_type=\"column\">\n\t\t\t<div class=\"elementor-widget-wrap elementor-element-populated\">\n\t\t\t\t\t\t<div class=\"elementor-element elementor-element-ef1b2ce elementor-widget elementor-widget-text-editor\" data-id=\"ef1b2ce\" data-element_type=\"widget\" data-widget_type=\"text-editor.default\">\n\t\t\t\t<div class=\"elementor-widget-container\">\n\t\t\t\t\t\t\t<p style=\"text-align: left\"><b><span style=\"font-size: large\">Considerando <\/span><\/b>a divulga\u00e7\u00e3o do resultado do <strong>ENARE 2026<\/strong> para ingresso nos Programas de Resid\u00eancia Multiprofissional da UFSM,<\/p><table class=\" alignleft\" style=\"border-collapse: collapse;width: 100%;height: 72px\"><tbody><tr style=\"height: 72px\"><td style=\"width: 100%;text-align: center;height: 72px\"><img decoding=\"async\" class=\"emoji\" role=\"img\" src=\"https:\/\/s.w.org\/images\/core\/emoji\/17.0.2\/svg\/1f4c5.svg\" alt=\"\ud83d\udcc5\" \/> Per\u00edodo para <strong>confirma\u00e7\u00e3o de vaga\/matr\u00edcula<\/strong> dos candidatos classificados <br \/>(2\u00aa CHAMADA DE SUPLENTES)\u00a0<br \/><span style=\"color: #ff0000\"><strong>26 a 28 de fevereiro de 2026<\/strong><\/span><\/td><\/tr><\/tbody><\/table><p style=\"text-align: left\">Nas instru\u00e7\u00f5es consta a lista dos(as) candidatos(as) habilitados(as).\u00a0<\/p><p style=\"text-align: left\"><b><u><span style=\"font-size: large\">IMPORTANTE<\/span><\/u><\/b>: A aceita\u00e7\u00e3o da convoca\u00e7\u00e3o no sistema do ENARE\u00a0<b>n\u00e3o\u00a0<\/b>efetiva a matr\u00edcula, esta ocorrer\u00e1 ap\u00f3s cumpridas todas as exig\u00eancias da UFSM.<\/p><p style=\"text-align: left\">A UFSM est\u00e1 com hor\u00e1rio reduzido devido \u00e0s f\u00e9rias acad\u00eamicas, portanto, o\u00a0hor\u00e1rio de funcionamento da coordena\u00e7\u00e3o\/secretaria est\u00e1 sendo das\u00a0<b><span style=\"font-size: large\">8h \u00e0s 13h30<\/span><\/b>.\u00a0\u00a0<\/p>\t\t\t\t\t\t<\/div>\n\t\t\t\t<\/div>\n\t\t\t\t\t<\/div>\n\t\t<\/div>\n\t\t\t\t\t<\/div>\n\t\t<\/section>\n\t\t\t\t<section class=\"elementor-section elementor-top-section elementor-element elementor-element-b3d689f elementor-section-boxed elementor-section-height-default elementor-section-height-default\" data-id=\"b3d689f\" data-element_type=\"section\">\n\t\t\t\t\t\t<div class=\"elementor-container elementor-column-gap-default\">\n\t\t\t\t\t<div class=\"elementor-column elementor-col-33 elementor-top-column elementor-element elementor-element-406fc64\" data-id=\"406fc64\" data-element_type=\"column\">\n\t\t\t<div class=\"elementor-widget-wrap elementor-element-populated\">\n\t\t\t\t\t\t<div class=\"elementor-element elementor-element-cce86c9 elementor-view-framed elementor-shape-circle elementor-position-top elementor-mobile-position-top elementor-widget elementor-widget-icon-box\" data-id=\"cce86c9\" data-element_type=\"widget\" data-widget_type=\"icon-box.default\">\n\t\t\t\t<div class=\"elementor-widget-container\">\n\t\t\t\t\t<div class=\"elementor-icon-box-wrapper\">\n\n\t\t\t\t\t\t<div class=\"elementor-icon-box-icon\">\n\t\t\t\t<span  class=\"elementor-icon elementor-animation-\">\n\t\t\t\t<i aria-hidden=\"true\" class=\"far fa-money-bill-alt\"><\/i>\t\t\t\t<\/span>\n\t\t\t<\/div>\n\t\t\t\n\t\t\t\t\t\t<div class=\"elementor-icon-box-content\">\n\n\t\t\t\t\t\t\t\t\t<h3 class=\"elementor-icon-box-title\">\n\t\t\t\t\t\t<span  >\n\t\t\t\t\t\t\tCadastro financeiro\t\t\t\t\t\t<\/span>\n\t\t\t\t\t<\/h3>\n\t\t\t\t\n\t\t\t\t\t\t\t\t\t<p class=\"elementor-icon-box-description\">\n\t\t\t\t\t\tSIG-RESID\u00caNCIA (EM BREVE)\t\t\t\t\t<\/p>\n\t\t\t\t\n\t\t\t<\/div>\n\t\t\t\n\t\t<\/div>\n\t\t\t\t<\/div>\n\t\t\t\t<\/div>\n\t\t\t\t\t<\/div>\n\t\t<\/div>\n\t\t\t\t<div class=\"elementor-column elementor-col-33 elementor-top-column elementor-element elementor-element-f2be853\" data-id=\"f2be853\" data-element_type=\"column\">\n\t\t\t<div class=\"elementor-widget-wrap elementor-element-populated\">\n\t\t\t\t\t\t<div class=\"elementor-element elementor-element-dce1951 elementor-view-framed elementor-shape-circle elementor-position-top elementor-mobile-position-top elementor-widget elementor-widget-icon-box\" data-id=\"dce1951\" data-element_type=\"widget\" data-widget_type=\"icon-box.default\">\n\t\t\t\t<div class=\"elementor-widget-container\">\n\t\t\t\t\t<div class=\"elementor-icon-box-wrapper\">\n\n\t\t\t\t\t\t<div class=\"elementor-icon-box-icon\">\n\t\t\t\t<a href=\"https:\/\/www.gov.br\/ebserh\/pt-br\/hospitais-universitarios\/regiao-sul\/husm-ufsm\/ensino-e-pesquisa\/capacitacoes\/curso_acolhimento_husm_2025.html\" target=\"_blank\" class=\"elementor-icon elementor-animation-\" tabindex=\"-1\">\n\t\t\t\t<i aria-hidden=\"true\" class=\"far fa-id-badge\"><\/i>\t\t\t\t<\/a>\n\t\t\t<\/div>\n\t\t\t\n\t\t\t\t\t\t<div class=\"elementor-icon-box-content\">\n\n\t\t\t\t\t\t\t\t\t<h1 class=\"elementor-icon-box-title\">\n\t\t\t\t\t\t<a href=\"https:\/\/www.gov.br\/ebserh\/pt-br\/hospitais-universitarios\/regiao-sul\/husm-ufsm\/ensino-e-pesquisa\/capacitacoes\/curso_acolhimento_husm_2025.html\" target=\"_blank\" >\n\t\t\t\t\t\t\tCurso de Acolhimento para residentes que atuar\u00e3o no HUSM\t\t\t\t\t\t<\/a>\n\t\t\t\t\t<\/h1>\n\t\t\t\t\n\t\t\t\t\t\t\t\t\t<p class=\"elementor-icon-box-description\">\n\t\t\t\t\t\tRealizar SOMENTE ap\u00f3s a efetiva\u00e7\u00e3o da MATR\u00cdCULA\t\t\t\t\t<\/p>\n\t\t\t\t\n\t\t\t<\/div>\n\t\t\t\n\t\t<\/div>\n\t\t\t\t<\/div>\n\t\t\t\t<\/div>\n\t\t\t\t\t<\/div>\n\t\t<\/div>\n\t\t\t\t<div class=\"elementor-column elementor-col-33 elementor-top-column elementor-element elementor-element-a8e0eb6\" data-id=\"a8e0eb6\" data-element_type=\"column\">\n\t\t\t<div class=\"elementor-widget-wrap elementor-element-populated\">\n\t\t\t\t\t\t<div class=\"elementor-element elementor-element-c987ee5 elementor-view-framed elementor-shape-circle elementor-position-top elementor-mobile-position-top elementor-widget elementor-widget-icon-box\" data-id=\"c987ee5\" data-element_type=\"widget\" data-widget_type=\"icon-box.default\">\n\t\t\t\t<div class=\"elementor-widget-container\">\n\t\t\t\t\t<div class=\"elementor-icon-box-wrapper\">\n\n\t\t\t\t\t\t<div class=\"elementor-icon-box-icon\">\n\t\t\t\t<a href=\"https:\/\/enare-inscricao.conhecimento.fgv.br\/Concurso\/Inscricao\" target=\"_blank\" class=\"elementor-icon elementor-animation-\" tabindex=\"-1\">\n\t\t\t\t<i aria-hidden=\"true\" class=\"fas fa-user-check\"><\/i>\t\t\t\t<\/a>\n\t\t\t<\/div>\n\t\t\t\n\t\t\t\t\t\t<div class=\"elementor-icon-box-content\">\n\n\t\t\t\t\t\t\t\t\t<h1 class=\"elementor-icon-box-title\">\n\t\t\t\t\t\t<a href=\"https:\/\/enare-inscricao.conhecimento.fgv.br\/Concurso\/Inscricao\" target=\"_blank\" >\n\t\t\t\t\t\t\t\u00c1rea do candidato (ENARE)\t\t\t\t\t\t<\/a>\n\t\t\t\t\t<\/h1>\n\t\t\t\t\n\t\t\t\t\t\t\t\t\t<p class=\"elementor-icon-box-description\">\n\t\t\t\t\t\tEdital, provas, resultados, convoca\u00e7\u00f5es\t\t\t\t\t<\/p>\n\t\t\t\t\n\t\t\t<\/div>\n\t\t\t\n\t\t<\/div>\n\t\t\t\t<\/div>\n\t\t\t\t<\/div>\n\t\t\t\t\t<\/div>\n\t\t<\/div>\n\t\t\t\t\t<\/div>\n\t\t<\/section>\n\t\t\t\t<\/div>\n\t\t","protected":false},"excerpt":{"rendered":"<p>INSTRU\u00c7\u00d5ES E CONVOCA\u00c7\u00c3O PARA MATR\u00cdCULA2\u00aa CHAMADA DE SUPLENTESPUBLICADO! As orienta\u00e7\u00f5es para confirma\u00e7\u00e3o de vaga foram publicadas. Clique no bot\u00e3o abaixo para acessar a p\u00e1gina de publica\u00e7\u00f5es e convoca\u00e7\u00f5es. Leiam com aten\u00e7\u00e3o as instru\u00e7\u00f5es Instru\u00e7\u00f5es e convoca\u00e7\u00f5es de matr\u00edcula (UFSM) PUBLICADO Considerando a divulga\u00e7\u00e3o do resultado do ENARE 2026 para ingresso nos Programas de Resid\u00eancia Multiprofissional [&hellip;]<\/p>\n","protected":false},"author":938,"featured_media":0,"parent":0,"menu_order":0,"comment_status":"closed","ping_status":"closed","template":"","meta":{"footnotes":""},"categories":[],"tags":[],"class_list":["post-2162","page","type-page","status-publish","hentry"],"acf":[],"_links":{"self":[{"href":"https:\/\/www.ufsm.br\/cursos\/pos-graduacao\/santa-maria\/residenciamulti\/wp-json\/wp\/v2\/pages\/2162","targetHints":{"allow":["GET"]}}],"collection":[{"href":"https:\/\/www.ufsm.br\/cursos\/pos-graduacao\/santa-maria\/residenciamulti\/wp-json\/wp\/v2\/pages"}],"about":[{"href":"https:\/\/www.ufsm.br\/cursos\/pos-graduacao\/santa-maria\/residenciamulti\/wp-json\/wp\/v2\/types\/page"}],"author":[{"embeddable":true,"href":"https:\/\/www.ufsm.br\/cursos\/pos-graduacao\/santa-maria\/residenciamulti\/wp-json\/wp\/v2\/users\/938"}],"replies":[{"embeddable":true,"href":"https:\/\/www.ufsm.br\/cursos\/pos-graduacao\/santa-maria\/residenciamulti\/wp-json\/wp\/v2\/comments?post=2162"}],"version-history":[{"count":0,"href":"https:\/\/www.ufsm.br\/cursos\/pos-graduacao\/santa-maria\/residenciamulti\/wp-json\/wp\/v2\/pages\/2162\/revisions"}],"wp:attachment":[{"href":"https:\/\/www.ufsm.br\/cursos\/pos-graduacao\/santa-maria\/residenciamulti\/wp-json\/wp\/v2\/media?parent=2162"}],"wp:term":[{"taxonomy":"category","embeddable":true,"href":"https:\/\/www.ufsm.br\/cursos\/pos-graduacao\/santa-maria\/residenciamulti\/wp-json\/wp\/v2\/categories?post=2162"},{"taxonomy":"post_tag","embeddable":true,"href":"https:\/\/www.ufsm.br\/cursos\/pos-graduacao\/santa-maria\/residenciamulti\/wp-json\/wp\/v2\/tags?post=2162"}],"curies":[{"name":"wp","href":"https:\/\/api.w.org\/{rel}","templated":true}]}}