{"id":156,"date":"2019-02-08T08:46:56","date_gmt":"2019-02-08T10:46:56","guid":{"rendered":"https:\/\/www.ufsm.br\/cursos\/tecnico\/educacao-a-distancia\/fruticultura\/?page_id=156"},"modified":"2019-02-08T08:46:59","modified_gmt":"2019-02-08T10:46:59","slug":"sobre-o-curso","status":"publish","type":"page","link":"https:\/\/www.ufsm.br\/cursos\/tecnico\/educacao-a-distancia\/fruticultura\/sobre-o-curso","title":{"rendered":"Sobre o Curso"},"content":{"rendered":"\n<p>T\u00edtulo: T\u00e9cnico em Fruticultura<br \/>Eixo Tecnol\u00f3gico: Recursos Naturais<br \/>Carga hor\u00e1ria total: 1200 horas<\/p>\n<p><strong>Objetivo geral do Curso T\u00e9cnico em Fruticultura<\/strong><br \/>O Curso T\u00e9cnico em Fruticultura visa formar e preparar profissionais e cidad\u00e3os com compet\u00eancias t\u00e9cnicas e humanas, aptos para o exerc\u00edcio de fun\u00e7\u00f5es profissionais que atendam as demandas da sociedade para um desenvolvimento rural sustent\u00e1vel.<\/p>\n","protected":false},"excerpt":{"rendered":"<p>T\u00edtulo: T\u00e9cnico em FruticulturaEixo Tecnol\u00f3gico: Recursos NaturaisCarga hor\u00e1ria total: 1200 horas Objetivo geral do Curso T\u00e9cnico em FruticulturaO Curso T\u00e9cnico em Fruticultura visa formar e preparar profissionais e cidad\u00e3os com compet\u00eancias t\u00e9cnicas e humanas, aptos para o exerc\u00edcio de fun\u00e7\u00f5es profissionais que atendam as demandas da sociedade para um desenvolvimento rural sustent\u00e1vel.<\/p>\n","protected":false},"author":117,"featured_media":0,"parent":0,"menu_order":0,"comment_status":"closed","ping_status":"closed","template":"","meta":{"footnotes":""},"categories":[],"tags":[],"class_list":["post-156","page","type-page","status-publish","hentry"],"acf":[],"_links":{"self":[{"href":"https:\/\/www.ufsm.br\/cursos\/tecnico\/educacao-a-distancia\/fruticultura\/wp-json\/wp\/v2\/pages\/156","targetHints":{"allow":["GET"]}}],"collection":[{"href":"https:\/\/www.ufsm.br\/cursos\/tecnico\/educacao-a-distancia\/fruticultura\/wp-json\/wp\/v2\/pages"}],"about":[{"href":"https:\/\/www.ufsm.br\/cursos\/tecnico\/educacao-a-distancia\/fruticultura\/wp-json\/wp\/v2\/types\/page"}],"author":[{"embeddable":true,"href":"https:\/\/www.ufsm.br\/cursos\/tecnico\/educacao-a-distancia\/fruticultura\/wp-json\/wp\/v2\/users\/117"}],"replies":[{"embeddable":true,"href":"https:\/\/www.ufsm.br\/cursos\/tecnico\/educacao-a-distancia\/fruticultura\/wp-json\/wp\/v2\/comments?post=156"}],"version-history":[{"count":0,"href":"https:\/\/www.ufsm.br\/cursos\/tecnico\/educacao-a-distancia\/fruticultura\/wp-json\/wp\/v2\/pages\/156\/revisions"}],"wp:attachment":[{"href":"https:\/\/www.ufsm.br\/cursos\/tecnico\/educacao-a-distancia\/fruticultura\/wp-json\/wp\/v2\/media?parent=156"}],"wp:term":[{"taxonomy":"category","embeddable":true,"href":"https:\/\/www.ufsm.br\/cursos\/tecnico\/educacao-a-distancia\/fruticultura\/wp-json\/wp\/v2\/categories?post=156"},{"taxonomy":"post_tag","embeddable":true,"href":"https:\/\/www.ufsm.br\/cursos\/tecnico\/educacao-a-distancia\/fruticultura\/wp-json\/wp\/v2\/tags?post=156"}],"curies":[{"name":"wp","href":"https:\/\/api.w.org\/{rel}","templated":true}]}}