{"id":161,"date":"2019-02-08T08:49:02","date_gmt":"2019-02-08T10:49:02","guid":{"rendered":"https:\/\/www.ufsm.br\/cursos\/tecnico\/educacao-a-distancia\/fruticultura\/?page_id=161"},"modified":"2019-02-08T08:49:04","modified_gmt":"2019-02-08T10:49:04","slug":"perfil-profissional","status":"publish","type":"page","link":"https:\/\/www.ufsm.br\/cursos\/tecnico\/educacao-a-distancia\/fruticultura\/perfil-profissional","title":{"rendered":"Perfil Profissional"},"content":{"rendered":"\n<p>O T\u00e9cnico em Fruticultura \u00e9 um profissional apto a exercer as seguintes fun\u00e7\u00f5es:<\/p>\n<ul>\n<li>Participar do planejamento, execu\u00e7\u00e3o e monitoramento das etapas da produ\u00e7\u00e3o de plantas frut\u00edferas, vinculado \u00e0s problem\u00e1ticas locais;<\/li>\n<li>Planejar e acompanhar a colheita e a p\u00f3s-colheita de frutas, incluindo o controle de qualidade do produto;<\/li>\n<li>Atuar no mercado de distribui\u00e7\u00e3o e comercializa\u00e7\u00e3o de frutas;<\/li>\n<li>Desempenhar atividades de assist\u00eancia t\u00e9cnica e extens\u00e3o rural, elabora\u00e7\u00e3o de projetos, e concep\u00e7\u00e3o de estrat\u00e9gias de desenvolvimento a partir da fruticultura;<\/li>\n<li>Conceber, construir e executar projetos relacionados a fruticultura;<\/li>\n<li>Atuar na administra\u00e7\u00e3o de propriedades rurais;<\/li>\n<li>Atuar em processos de mobiliza\u00e7\u00e3o social, coopera\u00e7\u00e3o, movimentos sociais e associativismo;<\/li>\n<li>Conceber e desenvolver tecnologias que promovam a sustentabilidade do meio rural.<\/li>\n<\/ul>\n","protected":false},"excerpt":{"rendered":"<p>O T\u00e9cnico em Fruticultura \u00e9 um profissional apto a exercer as seguintes fun\u00e7\u00f5es: Participar do planejamento, execu\u00e7\u00e3o e monitoramento das etapas da produ\u00e7\u00e3o de plantas frut\u00edferas, vinculado \u00e0s problem\u00e1ticas locais; Planejar e acompanhar a colheita e a p\u00f3s-colheita de frutas, incluindo o controle de qualidade do produto; Atuar no mercado de distribui\u00e7\u00e3o e comercializa\u00e7\u00e3o de [&hellip;]<\/p>\n","protected":false},"author":117,"featured_media":0,"parent":0,"menu_order":0,"comment_status":"closed","ping_status":"closed","template":"","meta":{"footnotes":""},"categories":[],"tags":[],"class_list":["post-161","page","type-page","status-publish","hentry"],"acf":[],"_links":{"self":[{"href":"https:\/\/www.ufsm.br\/cursos\/tecnico\/educacao-a-distancia\/fruticultura\/wp-json\/wp\/v2\/pages\/161","targetHints":{"allow":["GET"]}}],"collection":[{"href":"https:\/\/www.ufsm.br\/cursos\/tecnico\/educacao-a-distancia\/fruticultura\/wp-json\/wp\/v2\/pages"}],"about":[{"href":"https:\/\/www.ufsm.br\/cursos\/tecnico\/educacao-a-distancia\/fruticultura\/wp-json\/wp\/v2\/types\/page"}],"author":[{"embeddable":true,"href":"https:\/\/www.ufsm.br\/cursos\/tecnico\/educacao-a-distancia\/fruticultura\/wp-json\/wp\/v2\/users\/117"}],"replies":[{"embeddable":true,"href":"https:\/\/www.ufsm.br\/cursos\/tecnico\/educacao-a-distancia\/fruticultura\/wp-json\/wp\/v2\/comments?post=161"}],"version-history":[{"count":0,"href":"https:\/\/www.ufsm.br\/cursos\/tecnico\/educacao-a-distancia\/fruticultura\/wp-json\/wp\/v2\/pages\/161\/revisions"}],"wp:attachment":[{"href":"https:\/\/www.ufsm.br\/cursos\/tecnico\/educacao-a-distancia\/fruticultura\/wp-json\/wp\/v2\/media?parent=161"}],"wp:term":[{"taxonomy":"category","embeddable":true,"href":"https:\/\/www.ufsm.br\/cursos\/tecnico\/educacao-a-distancia\/fruticultura\/wp-json\/wp\/v2\/categories?post=161"},{"taxonomy":"post_tag","embeddable":true,"href":"https:\/\/www.ufsm.br\/cursos\/tecnico\/educacao-a-distancia\/fruticultura\/wp-json\/wp\/v2\/tags?post=161"}],"curies":[{"name":"wp","href":"https:\/\/api.w.org\/{rel}","templated":true}]}}