{"id":155,"date":"2019-02-07T10:37:08","date_gmt":"2019-02-07T12:37:08","guid":{"rendered":"https:\/\/www.ufsm.br\/cursos\/tecnico\/santa-maria\/administracao\/?page_id=155"},"modified":"2019-02-07T10:54:06","modified_gmt":"2019-02-07T12:54:06","slug":"sobre-o-curso","status":"publish","type":"page","link":"https:\/\/www.ufsm.br\/cursos\/tecnico\/santa-maria\/administracao\/sobre-o-curso","title":{"rendered":"Sobre o Curso"},"content":{"rendered":"\n<p>T\u00edtulo: T\u00e9cnico em Administra\u00e7\u00e3o<br>Eixo Tecnol\u00f3gico: Gest\u00e3o e Neg\u00f3cios<br>Carga Hor\u00e1ria: 1005 Horas<br>Modalidade: Subsequente &#8211; P\u00f3s Ensino M\u00e9dio<\/p>\n<div class=\"item-page\">\n<div>\n<p><strong>Objetivo Geral do Curso T\u00e9cnico em Administra\u00e7\u00e3o<\/strong><\/p>\n<p class=\"text-justify\">O Curso T\u00e9cnico em Administra\u00e7\u00e3o visa \u00e0 prepara\u00e7\u00e3o para o trabalho e para a cidadania, atrav\u00e9s da forma\u00e7\u00e3o de profissionais com compet\u00eancias t\u00e9cnicas e cient\u00edficas, e capacidade de relacionamento humano, que os habilite a compreender as atividades de administra\u00e7\u00e3o e de suporte \u00e0 produ\u00e7\u00e3o e \u00e0 presta\u00e7\u00e3o de servi\u00e7os em qualquer setor econ\u00f4mico, de forma que possam atuar conscientemente, atendendo \u00e0s necessidades da sociedade e do processo produtivo.<\/p>\n<\/div>\n<\/div>\n","protected":false},"excerpt":{"rendered":"<p>T\u00edtulo: T\u00e9cnico em Administra\u00e7\u00e3oEixo Tecnol\u00f3gico: Gest\u00e3o e Neg\u00f3ciosCarga Hor\u00e1ria: 1005 HorasModalidade: Subsequente &#8211; P\u00f3s Ensino M\u00e9dio Objetivo Geral do Curso T\u00e9cnico em Administra\u00e7\u00e3o O Curso T\u00e9cnico em Administra\u00e7\u00e3o visa \u00e0 prepara\u00e7\u00e3o para o trabalho e para a cidadania, atrav\u00e9s da forma\u00e7\u00e3o de profissionais com compet\u00eancias t\u00e9cnicas e cient\u00edficas, e capacidade de relacionamento humano, que os [&hellip;]<\/p>\n","protected":false},"author":117,"featured_media":0,"parent":0,"menu_order":0,"comment_status":"closed","ping_status":"closed","template":"","meta":{"footnotes":""},"categories":[],"tags":[],"class_list":["post-155","page","type-page","status-publish","hentry"],"acf":[],"_links":{"self":[{"href":"https:\/\/www.ufsm.br\/cursos\/tecnico\/santa-maria\/administracao\/wp-json\/wp\/v2\/pages\/155","targetHints":{"allow":["GET"]}}],"collection":[{"href":"https:\/\/www.ufsm.br\/cursos\/tecnico\/santa-maria\/administracao\/wp-json\/wp\/v2\/pages"}],"about":[{"href":"https:\/\/www.ufsm.br\/cursos\/tecnico\/santa-maria\/administracao\/wp-json\/wp\/v2\/types\/page"}],"author":[{"embeddable":true,"href":"https:\/\/www.ufsm.br\/cursos\/tecnico\/santa-maria\/administracao\/wp-json\/wp\/v2\/users\/117"}],"replies":[{"embeddable":true,"href":"https:\/\/www.ufsm.br\/cursos\/tecnico\/santa-maria\/administracao\/wp-json\/wp\/v2\/comments?post=155"}],"version-history":[{"count":0,"href":"https:\/\/www.ufsm.br\/cursos\/tecnico\/santa-maria\/administracao\/wp-json\/wp\/v2\/pages\/155\/revisions"}],"wp:attachment":[{"href":"https:\/\/www.ufsm.br\/cursos\/tecnico\/santa-maria\/administracao\/wp-json\/wp\/v2\/media?parent=155"}],"wp:term":[{"taxonomy":"category","embeddable":true,"href":"https:\/\/www.ufsm.br\/cursos\/tecnico\/santa-maria\/administracao\/wp-json\/wp\/v2\/categories?post=155"},{"taxonomy":"post_tag","embeddable":true,"href":"https:\/\/www.ufsm.br\/cursos\/tecnico\/santa-maria\/administracao\/wp-json\/wp\/v2\/tags?post=155"}],"curies":[{"name":"wp","href":"https:\/\/api.w.org\/{rel}","templated":true}]}}