{"id":159,"date":"2019-02-07T10:39:44","date_gmt":"2019-02-07T12:39:44","guid":{"rendered":"https:\/\/www.ufsm.br\/cursos\/tecnico\/santa-maria\/administracao\/?page_id=159"},"modified":"2019-02-07T10:39:47","modified_gmt":"2019-02-07T12:39:47","slug":"titulo-conferido","status":"publish","type":"page","link":"https:\/\/www.ufsm.br\/cursos\/tecnico\/santa-maria\/administracao\/titulo-conferido","title":{"rendered":"T\u00edtulo Conferido"},"content":{"rendered":"\n<p class=\"text-justify\">Aos estudantes que obtiverem aprova\u00e7\u00e3o em todos os componentes curriculares do curso ser\u00e1 conferido o Diploma com o t\u00edtulo de T\u00c9CNICO EM ADMINISTRA\u00c7\u00c3O, no Eixo Tecnol\u00f3gico \u201cGest\u00e3o e Neg\u00f3cios\u201d, de acordo com a Lei n\u00ba 9.394\/96, o Parecer CNE\/CEB n\u00ba 11\/2012, a Resolu\u00e7\u00e3o CNE\/CEB n\u00ba 06\/2012, o Decreto Federal n\u00ba 5154\/2004, o Parecer CNE\/CEB n\u00ba 11\/2008, a Resolu\u00e7\u00e3o CNE\/CEB n\u00ba 03\/2008, a Portaria do MEC n\u00ba 870\/2008 e a Resolu\u00e7\u00e3o CNE\/CEB n\u00ba 01\/2014.<\/p>\n<p class=\"text-justify\">Aos estudantes que obtiverem aprova\u00e7\u00e3o em todas as disciplinas relativas a um ou mais m\u00f3dulos qualificadores, ser\u00e1 concedido certificado de qualifica\u00e7\u00e3o profissional t\u00e9cnica referente ao(s) m\u00f3dulo(s) cursado(s), observando o que segue:<\/p>\n<ul>\n<li>M\u00f3dulo de Agente Administrativo &#8211; T\u00edtulo:\u00a0<strong>Agente Administrativo<\/strong>.<\/li>\n<li>M\u00f3dulo de Gest\u00e3o de Pessoas e Produ\u00e7\u00e3o &#8211; T\u00edtulo:\u00a0<strong>Agente de Gest\u00e3o de Pessoas e Produ\u00e7\u00e3o<\/strong>.<\/li>\n<li>M\u00f3dulo de Gest\u00e3o de Marketing e Finan\u00e7as &#8211; T\u00edtulo:\u00a0<strong>Agente de Gest\u00e3o de Marketing e Finan\u00e7as<\/strong>.<\/li>\n<\/ul>\n<p class=\"text-justify\">Os diplomas e certificados ser\u00e3o acompanhados de hist\u00f3rico escolar no qual constar\u00e3o os componentes curriculares elencados na organiza\u00e7\u00e3o curricular, definidos pelo perfil profissional de conclus\u00e3o, as respectivas cargas hor\u00e1rias, frequ\u00eancias e aproveitamento dos concluintes, nos termos em que prev\u00ea o par\u00e1grafo quinto do Art. 38 da Resolu\u00e7\u00e3o CNE\/CEB n\u00ba 06\/2012.<\/p>\n","protected":false},"excerpt":{"rendered":"<p>Aos estudantes que obtiverem aprova\u00e7\u00e3o em todos os componentes curriculares do curso ser\u00e1 conferido o Diploma com o t\u00edtulo de T\u00c9CNICO EM ADMINISTRA\u00c7\u00c3O, no Eixo Tecnol\u00f3gico \u201cGest\u00e3o e Neg\u00f3cios\u201d, de acordo com a Lei n\u00ba 9.394\/96, o Parecer CNE\/CEB n\u00ba 11\/2012, a Resolu\u00e7\u00e3o CNE\/CEB n\u00ba 06\/2012, o Decreto Federal n\u00ba 5154\/2004, o Parecer CNE\/CEB n\u00ba [&hellip;]<\/p>\n","protected":false},"author":117,"featured_media":0,"parent":0,"menu_order":0,"comment_status":"closed","ping_status":"closed","template":"","meta":{"footnotes":""},"categories":[],"tags":[],"class_list":["post-159","page","type-page","status-publish","hentry"],"acf":[],"_links":{"self":[{"href":"https:\/\/www.ufsm.br\/cursos\/tecnico\/santa-maria\/administracao\/wp-json\/wp\/v2\/pages\/159","targetHints":{"allow":["GET"]}}],"collection":[{"href":"https:\/\/www.ufsm.br\/cursos\/tecnico\/santa-maria\/administracao\/wp-json\/wp\/v2\/pages"}],"about":[{"href":"https:\/\/www.ufsm.br\/cursos\/tecnico\/santa-maria\/administracao\/wp-json\/wp\/v2\/types\/page"}],"author":[{"embeddable":true,"href":"https:\/\/www.ufsm.br\/cursos\/tecnico\/santa-maria\/administracao\/wp-json\/wp\/v2\/users\/117"}],"replies":[{"embeddable":true,"href":"https:\/\/www.ufsm.br\/cursos\/tecnico\/santa-maria\/administracao\/wp-json\/wp\/v2\/comments?post=159"}],"version-history":[{"count":0,"href":"https:\/\/www.ufsm.br\/cursos\/tecnico\/santa-maria\/administracao\/wp-json\/wp\/v2\/pages\/159\/revisions"}],"wp:attachment":[{"href":"https:\/\/www.ufsm.br\/cursos\/tecnico\/santa-maria\/administracao\/wp-json\/wp\/v2\/media?parent=159"}],"wp:term":[{"taxonomy":"category","embeddable":true,"href":"https:\/\/www.ufsm.br\/cursos\/tecnico\/santa-maria\/administracao\/wp-json\/wp\/v2\/categories?post=159"},{"taxonomy":"post_tag","embeddable":true,"href":"https:\/\/www.ufsm.br\/cursos\/tecnico\/santa-maria\/administracao\/wp-json\/wp\/v2\/tags?post=159"}],"curies":[{"name":"wp","href":"https:\/\/api.w.org\/{rel}","templated":true}]}}