{"id":5,"date":"2018-01-18T08:39:17","date_gmt":"2018-01-18T10:39:17","guid":{"rendered":"https:\/\/www.ufsm.br\/cursos\/graduacao\/nutricao\/12352\/?page_id=5"},"modified":"2023-09-29T11:27:00","modified_gmt":"2023-09-29T14:27:00","slug":"pagina-inicial","status":"publish","type":"page","link":"https:\/\/www.ufsm.br\/cursos\/tecnico\/santa-maria\/administracao\/","title":{"rendered":"P\u00e1gina Inicial"},"content":{"rendered":"\t\t<div data-elementor-type=\"wp-post\" data-elementor-id=\"5\" class=\"elementor elementor-5\">\n\t\t\t\t\t\t<section class=\"elementor-section elementor-top-section elementor-element elementor-element-f6a61e1 elementor-section-boxed elementor-section-height-default elementor-section-height-default\" data-id=\"f6a61e1\" data-element_type=\"section\">\n\t\t\t\t\t\t<div class=\"elementor-container elementor-column-gap-default\">\n\t\t\t\t\t<div class=\"elementor-column elementor-col-100 elementor-top-column elementor-element elementor-element-81ce27f\" data-id=\"81ce27f\" data-element_type=\"column\">\n\t\t\t<div class=\"elementor-widget-wrap elementor-element-populated\">\n\t\t\t\t\t\t<div class=\"elementor-element elementor-element-1536bc6 elementor-hidden-desktop elementor-hidden-tablet elementor-hidden-mobile elementor-widget elementor-widget-wp-widget-ufsm_noticias_widget\" data-id=\"1536bc6\" data-element_type=\"widget\" data-widget_type=\"wp-widget-ufsm_noticias_widget.default\">\n\t\t\t\t<div class=\"elementor-widget-container\">\n\t\t\t<div id='ufsm-carousel-1775550552-762295781' class='carousel slide carousel-ufsm' data-bs-ride='carousel' aria-hidden='true'>\n    <div class='carousel-inner'>\n                    \n\n            <div class='carousel-item active' data-bs-interval='4000'>\n                                    <!-- Link && Slider Image -->\n                    <a href='https:\/\/www.ufsm.br\/unidades-universitarias\/politecnico\/2023\/07\/03\/ufsm-atinge-nota-maxima-na-avaliacao-do-inep'>\n                        <img class='w-100' style='max-height:270px; object-fit:cover;' alt=\"O Conceito Institucional \u00e9 conferido ap\u00f3s a Institui\u00e7\u00e3o de Ensino Superior passar pelo processo de recredenciamento institucional.\" srcset=\"https:\/\/www.ufsm.br\/app\/uploads\/sites\/405\/2023\/07\/Banner_WEB_Recredenciamento_nota_4ou5_Prancheta-1-300x80.jpg 300w, https:\/\/www.ufsm.br\/app\/uploads\/sites\/405\/2023\/07\/Banner_WEB_Recredenciamento_nota_4ou5_Prancheta-1-1024x273.jpg 1024w, https:\/\/www.ufsm.br\/app\/uploads\/sites\/405\/2023\/07\/Banner_WEB_Recredenciamento_nota_4ou5_Prancheta-1-768x205.jpg 768w, https:\/\/www.ufsm.br\/app\/uploads\/sites\/405\/2023\/07\/Banner_WEB_Recredenciamento_nota_4ou5_Prancheta-1.jpg 1500w\">\n                    <\/a>\n                \n                \n                                                            <\/div>\n                    \n\n            <div class='carousel-item ' data-bs-interval='4000'>\n                                    <!-- Link && Slider Image -->\n                    <a href='https:\/\/www.ufsm.br\/unidades-universitarias\/politecnico\/2023\/02\/03\/publicado-o-edital-para-ingresso-reingresso-e-transferencia-nos-cursos-tecnicos-do-politecnico'>\n                        <img class='w-100' style='max-height:270px; object-fit:cover;' alt=\"Selecionados ser\u00e3o matriculados no primeiro semestre letivo de 2023\" srcset=\"https:\/\/www.ufsm.br\/app\/uploads\/sites\/405\/2023\/02\/Ed-Ingresso-Reindresso-2023-bannerSite-300x79.jpg 300w, https:\/\/www.ufsm.br\/app\/uploads\/sites\/405\/2023\/02\/Ed-Ingresso-Reindresso-2023-bannerSite-768x203.jpg 768w, https:\/\/www.ufsm.br\/app\/uploads\/sites\/405\/2023\/02\/Ed-Ingresso-Reindresso-2023-bannerSite.jpg 1024w\">\n                    <\/a>\n                \n                \n                                                            <\/div>\n                    \n\n            <div class='carousel-item ' data-bs-interval='4000'>\n                                    <!-- Link && Slider Image -->\n                    <a href='https:\/\/www.ufsm.br\/unidades-universitarias\/politecnico\/2022\/12\/21\/processo-seletivo-2023-colegio-politecnico-e-colegio-tecnico-industrial-da-ufsm-confira-orientacoes-essenciais-para-o-dia-de-prova'>\n                        <img class='w-100' style='max-height:270px; object-fit:cover;' alt=\"No dia 8 de janeiro de 2023, os candidatos e candidatas inscritos prestar\u00e3o a prova do Processo Seletivo para ingresso nos Col\u00e9gios da UFSM. Para aqueles que buscam uma vaga no Ensino M\u00e9dio e nos cursos integrados ao Ensino M\u00e9dio,&hellip;\" srcset=\"https:\/\/www.ufsm.br\/app\/uploads\/sites\/405\/2022\/12\/Janeiro-23-300x79.jpg 300w, https:\/\/www.ufsm.br\/app\/uploads\/sites\/405\/2022\/12\/Janeiro-23-768x203.jpg 768w, https:\/\/www.ufsm.br\/app\/uploads\/sites\/405\/2022\/12\/Janeiro-23.jpg 1024w\">\n                    <\/a>\n                \n                \n                                                            <\/div>\n                    <!-- Exibi Indicadores -->\n                    <ol class='carousel-indicators carousel-indicators-numbers d-none d-md-flex align-self-end m-0'>\n                <li data-bs-target='#ufsm-carousel-1775550552-762295781' data-bs-slide-to='0' class='d-flex rounded-circle active'><span class='m-auto fw-bold'>1<\/span><\/li><li data-bs-target='#ufsm-carousel-1775550552-762295781' data-bs-slide-to='1' class='d-flex rounded-circle '><span class='m-auto fw-bold'>2<\/span><\/li><li data-bs-target='#ufsm-carousel-1775550552-762295781' data-bs-slide-to='2' class='d-flex rounded-circle '><span class='m-auto fw-bold'>3<\/span><\/li>            <\/ol>\n            <a class='carousel-control-prev' href='#ufsm-carousel-1775550552-762295781' role='button' data-bs-slide='prev'>\n                <span class='carousel-control-prev-icon' aria-hidden='true'><\/span>\n                <span class='visually-hidden'>Previous<\/span>\n            <\/a>\n            <a class='carousel-control-next' href='#ufsm-carousel-1775550552-762295781' role='button' data-bs-slide='next'>\n                <span class='carousel-control-next-icon' aria-hidden='true'><\/span>\n                <span class='visually-hidden'>Next<\/span>\n            <\/a>\n            <\/div>\n<\/div>\n<!-- Acessibilidade, apenas leitor de tela -->\n<ul class='visually-hidden'>\n    <li><a href='https:\/\/www.ufsm.br\/unidades-universitarias\/politecnico\/2023\/07\/03\/ufsm-atinge-nota-maxima-na-avaliacao-do-inep'>UFSM atinge nota m\u00e1xima na avalia\u00e7\u00e3o do INEP<\/a><\/li><li><a href='https:\/\/www.ufsm.br\/unidades-universitarias\/politecnico\/2023\/02\/03\/publicado-o-edital-para-ingresso-reingresso-e-transferencia-nos-cursos-tecnicos-do-politecnico'>Publicado o Edital para Ingresso, Reingresso e Transfer\u00eancia nos Cursos T\u00e9cnicos do Polit\u00e9cnico<\/a><\/li><li><a href='https:\/\/www.ufsm.br\/unidades-universitarias\/politecnico\/2022\/12\/21\/processo-seletivo-2023-colegio-politecnico-e-colegio-tecnico-industrial-da-ufsm-confira-orientacoes-essenciais-para-o-dia-de-prova'>Processo Seletivo 2023 Col\u00e9gio Polit\u00e9cnico e Col\u00e9gio T\u00e9cnico Industrial da UFSM: confira orienta\u00e7\u00f5es essenciais para o dia de prova<\/a><\/li><\/ul>\n\t\t<\/div>\n\t\t\t\t<\/div>\n\t\t\t\t<div class=\"elementor-element elementor-element-094a4b1 elementor-widget elementor-widget-image\" data-id=\"094a4b1\" data-element_type=\"widget\" data-widget_type=\"image.default\">\n\t\t\t\t<div class=\"elementor-widget-container\">\n\t\t\t\t\t\t\t\t\t\t\t\t\t<img fetchpriority=\"high\" decoding=\"async\" width=\"1176\" height=\"300\" src=\"https:\/\/www.ufsm.br\/app\/uploads\/sites\/573\/2023\/09\/banners_site_tec_administracao.jpg\" class=\"attachment-full size-full wp-image-203\" alt=\"\" srcset=\"https:\/\/www.ufsm.br\/app\/uploads\/sites\/573\/2023\/09\/banners_site_tec_administracao.jpg 1176w, https:\/\/www.ufsm.br\/app\/uploads\/sites\/573\/2023\/09\/banners_site_tec_administracao-300x77.jpg 300w, https:\/\/www.ufsm.br\/app\/uploads\/sites\/573\/2023\/09\/banners_site_tec_administracao-1024x261.jpg 1024w, https:\/\/www.ufsm.br\/app\/uploads\/sites\/573\/2023\/09\/banners_site_tec_administracao-768x196.jpg 768w\" sizes=\"(max-width: 1176px) 100vw, 1176px\" \/>\t\t\t\t\t\t\t\t\t\t\t\t\t<\/div>\n\t\t\t\t<\/div>\n\t\t\t\t\t<\/div>\n\t\t<\/div>\n\t\t\t\t\t<\/div>\n\t\t<\/section>\n\t\t\t\t<section class=\"elementor-section elementor-top-section elementor-element elementor-element-71f1b01 elementor-section-boxed elementor-section-height-default elementor-section-height-default\" data-id=\"71f1b01\" data-element_type=\"section\">\n\t\t\t\t\t\t<div class=\"elementor-container elementor-column-gap-default\">\n\t\t\t\t\t<div class=\"elementor-column elementor-col-100 elementor-top-column elementor-element elementor-element-c711c96\" data-id=\"c711c96\" data-element_type=\"column\">\n\t\t\t<div class=\"elementor-widget-wrap elementor-element-populated\">\n\t\t\t\t\t\t<div class=\"elementor-element elementor-element-9bf8518 elementor-widget elementor-widget-heading\" data-id=\"9bf8518\" data-element_type=\"widget\" data-widget_type=\"heading.default\">\n\t\t\t\t<div class=\"elementor-widget-container\">\n\t\t\t<h5 class=\"elementor-heading-title elementor-size-default\">Apresenta\u00e7\u00e3o<\/h5>\t\t<\/div>\n\t\t\t\t<\/div>\n\t\t\t\t<div class=\"elementor-element elementor-element-07fa4c0 elementor-widget elementor-widget-text-editor\" data-id=\"07fa4c0\" data-element_type=\"widget\" data-widget_type=\"text-editor.default\">\n\t\t\t\t<div class=\"elementor-widget-container\">\n\t\t\t\t\t\t\t<p>O Curso T\u00e9cnico em Administra\u00e7\u00e3o forma profissionais capazes de atuar no apoio \u00e0 gest\u00e3o das organiza\u00e7\u00f5es nos mais diversos segmentos, contribuindo no planejamento e na execu\u00e7\u00e3o das atividades dessas organiza\u00e7\u00f5es. No decorrer de sua forma\u00e7\u00e3o, o aluno aprender\u00e1 a usar as ferramentas de gest\u00e3o financeira, de pessoas, de marketing e de opera\u00e7\u00f5es, assim como ser\u00e1 incentivado a empreender, por meio da cria\u00e7\u00e3o de uma empresa. Depois de formado, o profissional estar\u00e1 habilitado para atuar em qualquer tipo de organiza\u00e7\u00e3o, seja ela p\u00fablica ou privada,ou tornar-se um empreendedor. O perfil esperado para atuar como T\u00e9cnico em Administra\u00e7\u00e3o \u00e9 o de pessoas interessadas e comprometidas com o desenvolvimento local e regional da sociedade, em seus aspectos social, econ\u00f4mico e ambiental.<\/p>\t\t\t\t\t\t<\/div>\n\t\t\t\t<\/div>\n\t\t\t\t<div class=\"elementor-element elementor-element-32089a5 elementor-widget elementor-widget-text-editor\" data-id=\"32089a5\" data-element_type=\"widget\" data-widget_type=\"text-editor.default\">\n\t\t\t\t<div class=\"elementor-widget-container\">\n\t\t\t\t\t\t\t<p><p>O curso de <b>T\u00e9cnico em Administra\u00e7\u00e3o<\/b> est\u00e1 localizado em <b>Campus Camobi &#8211; UFSM<\/b> na modalidade <b>T\u00e9cnico &#8211; Presencial<\/b> sendo <b>Noturno<\/b> o seu turno de funcionamento. A \u00e1rea de conhecimento do curso \u00e9 classificada como <b>Eixo Tecnol\u00f3gico GEST\u00c3O E NEG\u00d3CIOS<\/b>. Atualmente, a coordena\u00e7\u00e3o \u00e9 de responsabilidade de <b>GUSTAVO FONTINELLI ROSS\u00c9S<\/b> e a coordena\u00e7\u00e3o substituta de <b>FABIANA LETICIA PEREIRA ALVES STECCA<\/b>.<\/p><p>O curso \u00e9 ofertado em per\u00edodo <b>Semestral<\/b>, sendo <b>3<\/b> o n\u00famero de per\u00edodos indicados para sua conclus\u00e3o.<\/p><\/p>\t\t\t\t\t\t<\/div>\n\t\t\t\t<\/div>\n\t\t\t\t\t<\/div>\n\t\t<\/div>\n\t\t\t\t\t<\/div>\n\t\t<\/section>\n\t\t\t\t<section class=\"elementor-section elementor-top-section elementor-element elementor-element-401b46b elementor-section-boxed elementor-section-height-default elementor-section-height-default\" data-id=\"401b46b\" data-element_type=\"section\">\n\t\t\t\t\t\t<div class=\"elementor-container elementor-column-gap-default\">\n\t\t\t\t\t<div class=\"elementor-column elementor-col-100 elementor-top-column elementor-element elementor-element-551f512\" data-id=\"551f512\" data-element_type=\"column\">\n\t\t\t<div class=\"elementor-widget-wrap elementor-element-populated\">\n\t\t\t\t\t\t<div class=\"elementor-element elementor-element-f33edfc elementor-widget elementor-widget-wp-widget-ufsm_utilidades\" data-id=\"f33edfc\" data-element_type=\"widget\" data-widget_type=\"wp-widget-ufsm_utilidades.default\">\n\t\t\t\t<div class=\"elementor-widget-container\">\n\t\t\t\t\t<h5 class=\"card-title titulo-conteudos\">Utilidades<\/h5>\n\t\t\t\t\n\t\t<div class=\"row d-flex justify-content-around\">\n\t\t\t\t\t\t\t<div class=\"col-12 col-sm-6 col-md-2 mt-4 text-center\">\n\t\t\t\t\t\t\t\t\t\t\t<a href=\"https:\/\/www.ufsm.br\/cursos\/tecnico\/santa-maria\/administracao\/horarios\" class=\"item-utilidades d-block\">\n\t\t\t\t\t\t\t\t\t\t<i class=\"fas fa-pencil-alt animation-pulse\" aria-hidden=\"true\"><\/i><b>Oferta \/ Hor\u00e1rios<\/b><\/a>\n\t\t\t\t<\/div>\n\t\t\t\t\t\t\t<div class=\"col-12 col-sm-6 col-md-2 mt-4 text-center\">\n\t\t\t\t\t\t\t\t\t\t\t<a href=\"https:\/\/portal.ufsm.br\/aluno\/\" class=\"item-utilidades d-block\">\n\t\t\t\t\t\t\t\t\t\t<i class=\"fa fa-user animation-pulse\" aria-hidden=\"true\"><\/i><b>Portal do Aluno<\/b><\/a>\n\t\t\t\t<\/div>\n\t\t\t\t\t\t\t<div class=\"col-12 col-sm-6 col-md-2 mt-4 text-center\">\n\t\t\t\t\t\t\t\t\t\t\t<a href=\"https:\/\/www.ufsm.br\/cursos\/tecnico\/santa-maria\/administracao\/informacoes-do-curriculo\" class=\"item-utilidades d-block\">\n\t\t\t\t\t\t\t\t\t\t<i class=\"fa fa-clipboard animation-pulse\" aria-hidden=\"true\"><\/i><b>Informa\u00e7\u00f5es Curriculares<\/b><\/a>\n\t\t\t\t<\/div>\n\t\t\t\t\t\t\t<div class=\"col-12 col-sm-6 col-md-2 mt-4 text-center\">\n\t\t\t\t\t\t\t\t\t\t\t<a href=\"https:\/\/www.ufsm.br\/cursos\/tecnico\/santa-maria\/administracao\/projeto-pedagogico\" class=\"item-utilidades d-block\">\n\t\t\t\t\t\t\t\t\t\t<i class=\"fa fa-book animation-pulse\" aria-hidden=\"true\"><\/i><b>Projeto Pedag\u00f3gico<\/b><\/a>\n\t\t\t\t<\/div>\n\t\t\t\t\t\t\t<div class=\"col-12 col-sm-6 col-md-2 mt-4 text-center\">\n\t\t\t\t\t\t\t\t\t\t\t<a href=\"https:\/\/ead06.proj.ufsm.br\/login\/\" class=\"item-utilidades d-block\">\n\t\t\t\t\t\t\t\t\t\t<i class=\"ufsm ufsm-moodle animation-pulse\" aria-hidden=\"true\"><\/i><b>Ambiente Virtual Moodle<\/b><\/a>\n\t\t\t\t<\/div>\n\t\t\t\t\t\t\t<div class=\"col-12 col-sm-6 col-md-2 mt-4 text-center\">\n\t\t\t\t\t\t\t\t\t\t\t<a href=\"https:\/\/www.ufsm.br\/cursos\/tecnico\/santa-maria\/administracao\/grupos\" class=\"item-utilidades d-block\">\n\t\t\t\t\t\t\t\t\t\t<i class=\"fas fa-user-friends animation-pulse\" aria-hidden=\"true\"><\/i><b>Grupos Acad\u00eamicos<\/b><\/a>\n\t\t\t\t<\/div>\n\t\t\t\t\t<\/div>\n\t\t\t\t<\/div>\n\t\t\t\t<\/div>\n\t\t\t\t\t<\/div>\n\t\t<\/div>\n\t\t\t\t\t<\/div>\n\t\t<\/section>\n\t\t\t\t<section class=\"elementor-section elementor-top-section elementor-element elementor-element-2240f90 elementor-section-boxed elementor-section-height-default elementor-section-height-default\" data-id=\"2240f90\" data-element_type=\"section\">\n\t\t\t\t\t\t<div class=\"elementor-container elementor-column-gap-default\">\n\t\t\t\t\t<div class=\"elementor-column elementor-col-100 elementor-top-column elementor-element elementor-element-46955e3\" data-id=\"46955e3\" data-element_type=\"column\">\n\t\t\t<div class=\"elementor-widget-wrap elementor-element-populated\">\n\t\t\t\t\t\t<div class=\"elementor-element elementor-element-971c054 elementor-widget elementor-widget-wp-widget-ufsm_noticias_widget\" data-id=\"971c054\" data-element_type=\"widget\" data-widget_type=\"wp-widget-ufsm_noticias_widget.default\">\n\t\t\t\t<div class=\"elementor-widget-container\">\n\t\t\t<h5 class='titulo-conteudos'>Not\u00edcias<\/h5><p>Nenhuma not\u00edcia encontrada para esta se\u00e7\u00e3o.<\/p><div class=\"leia-mais p-1\">\n                <a href=\"https:\/\/www.ufsm.br\/cursos\/tecnico\/santa-maria\/administracao\/busca\/?q=&area=post&orderby=date&sites%5B%5D=573\">\n            LEIA MAIS            <span class=\"icon-box\">\n                <span class=\"bg-ufsm-widget-icon\">\n                    <i class=\"fas fa-chevron-right\" aria-hidden=\"true\"><\/i>\n                <\/span>\n            <\/span>\n        <\/a>\n    <\/div>\n\t\t<\/div>\n\t\t\t\t<\/div>\n\t\t\t\t\t<\/div>\n\t\t<\/div>\n\t\t\t\t\t<\/div>\n\t\t<\/section>\n\t\t\t\t<section class=\"elementor-section elementor-top-section elementor-element elementor-element-fe9c523 elementor-section-boxed elementor-section-height-default elementor-section-height-default\" data-id=\"fe9c523\" data-element_type=\"section\">\n\t\t\t\t\t\t<div class=\"elementor-container elementor-column-gap-default\">\n\t\t\t\t\t<div class=\"elementor-column elementor-col-100 elementor-top-column elementor-element elementor-element-3ae485d\" data-id=\"3ae485d\" data-element_type=\"column\">\n\t\t\t<div class=\"elementor-widget-wrap elementor-element-populated\">\n\t\t\t\t\t\t<div class=\"elementor-element elementor-element-22158d0 elementor-widget elementor-widget-wp-widget-ufsm_eventos_widget\" data-id=\"22158d0\" data-element_type=\"widget\" data-widget_type=\"wp-widget-ufsm_eventos_widget.default\">\n\t\t\t\t<div class=\"elementor-widget-container\">\n\t\t\t<H2 class='titulo-conteudos'>Eventos<\/H2>\n          <div class='d-flex flex-column align-items-center justify-content-center py-4'>\n        <span class='text-muted fs-5 mb-2 d-flex align-items-center'>\n          <i class='fas fa-calendar-times fa-2x me-2'><\/i>\n          Nenhum evento futuro encontrado.\n        <\/span>\n        <a class='btn btn-outline-primary mt-2' href='https:\/\/www.ufsm.br\/cursos\/tecnico\/santa-maria\/administracao\/busca\/?q=&orderby=date&order=DESC&perpage=15&area=eventos&sites%5B%5D=573'>\n          Confira os eventos j\u00e1 realizados\n          <i class='fas fa-arrow-right ms-2'><\/i>\n        <\/a>\n          <\/div>\n        \t\t<\/div>\n\t\t\t\t<\/div>\n\t\t\t\t\t<\/div>\n\t\t<\/div>\n\t\t\t\t\t<\/div>\n\t\t<\/section>\n\t\t\t\t<\/div>\n\t\t","protected":false},"excerpt":{"rendered":"<p>Apresenta\u00e7\u00e3o O Curso T\u00e9cnico em Administra\u00e7\u00e3o forma profissionais capazes de atuar no apoio \u00e0 gest\u00e3o das organiza\u00e7\u00f5es nos mais diversos segmentos, contribuindo no planejamento e na execu\u00e7\u00e3o das atividades dessas organiza\u00e7\u00f5es. No decorrer de sua forma\u00e7\u00e3o, o aluno aprender\u00e1 a usar as ferramentas de gest\u00e3o financeira, de pessoas, de marketing e de opera\u00e7\u00f5es, assim como [&hellip;]<\/p>\n","protected":false},"author":8,"featured_media":0,"parent":0,"menu_order":0,"comment_status":"closed","ping_status":"closed","template":"","meta":{"footnotes":""},"categories":[],"tags":[],"class_list":["post-5","page","type-page","status-publish","hentry"],"acf":[],"_links":{"self":[{"href":"https:\/\/www.ufsm.br\/cursos\/tecnico\/santa-maria\/administracao\/wp-json\/wp\/v2\/pages\/5","targetHints":{"allow":["GET"]}}],"collection":[{"href":"https:\/\/www.ufsm.br\/cursos\/tecnico\/santa-maria\/administracao\/wp-json\/wp\/v2\/pages"}],"about":[{"href":"https:\/\/www.ufsm.br\/cursos\/tecnico\/santa-maria\/administracao\/wp-json\/wp\/v2\/types\/page"}],"author":[{"embeddable":true,"href":"https:\/\/www.ufsm.br\/cursos\/tecnico\/santa-maria\/administracao\/wp-json\/wp\/v2\/users\/8"}],"replies":[{"embeddable":true,"href":"https:\/\/www.ufsm.br\/cursos\/tecnico\/santa-maria\/administracao\/wp-json\/wp\/v2\/comments?post=5"}],"version-history":[{"count":0,"href":"https:\/\/www.ufsm.br\/cursos\/tecnico\/santa-maria\/administracao\/wp-json\/wp\/v2\/pages\/5\/revisions"}],"wp:attachment":[{"href":"https:\/\/www.ufsm.br\/cursos\/tecnico\/santa-maria\/administracao\/wp-json\/wp\/v2\/media?parent=5"}],"wp:term":[{"taxonomy":"category","embeddable":true,"href":"https:\/\/www.ufsm.br\/cursos\/tecnico\/santa-maria\/administracao\/wp-json\/wp\/v2\/categories?post=5"},{"taxonomy":"post_tag","embeddable":true,"href":"https:\/\/www.ufsm.br\/cursos\/tecnico\/santa-maria\/administracao\/wp-json\/wp\/v2\/tags?post=5"}],"curies":[{"name":"wp","href":"https:\/\/api.w.org\/{rel}","templated":true}]}}