{"id":155,"date":"2019-02-07T10:55:29","date_gmt":"2019-02-07T12:55:29","guid":{"rendered":"https:\/\/www.ufsm.br\/cursos\/tecnico\/santa-maria\/agricultura-de-precisao\/?page_id=155"},"modified":"2020-09-17T18:17:16","modified_gmt":"2020-09-17T21:17:16","slug":"sobre-o-curso","status":"publish","type":"page","link":"https:\/\/www.ufsm.br\/cursos\/tecnico\/santa-maria\/agricultura-de-precisao\/sobre-o-curso","title":{"rendered":"Sobre o Curso"},"content":{"rendered":"\n<p>T\u00edtulo: T\u00e9cnico em Agricultura de Precis\u00e3o<br \/>Eixo Tecnol\u00f3gico: Recursos Naturais<br \/>Carga hor\u00e1ria: 1.200 horas<br \/>Carga hor\u00e1ria do est\u00e1gio: 200 horas<br \/>Carga hor\u00e1ria total: 1.400 horas<br \/>Modalidade: Subsequente \u2013 P\u00f3s-Ensino M\u00e9dio<\/p>\n<p>\u00a0<\/p>\n<p><strong>Funcionamento<\/strong><\/p>\n<p>Turno: Tarde<\/p>\n<p>Hor\u00e1rio: Das 13h30min \u00e0s 18h30min<\/p>\n<p>Dura\u00e7\u00e3o do Curso: Quatro semestres, mais est\u00e1gio.<\/p>\n<p>\u00a0<\/p>\n<p><strong>Organiza\u00e7\u00e3o Curricular<\/strong><\/p>\n<p>Modular.<\/p>\n<ul>\n<li>M\u00f3dulo de Geotecnologias Aplicadas \u00e0 Agricultura de Precis\u00e3o<\/li>\n<li>M\u00f3dulo de Mecaniza\u00e7\u00e3o em Agricultura de Precis\u00e3o<\/li>\n<li>M\u00f3dulo de Produ\u00e7\u00e3o Vegetal Enfatizada na Agricultura de Precis\u00e3o<\/li>\n<\/ul>\n<p>\u00a0<\/p>\n<p><strong>Objetivo Geral do Curso T\u00e9cnico em Agricultura de Precis\u00e3o<\/strong><\/p>\n<p>Formar profissionais com conhecimentos, compet\u00eancias e habilidades que os qualifiquem a atuar, de forma respons\u00e1vel e consciente, no desenvolvimento de atividades, assist\u00eancia t\u00e9cnica e difus\u00e3o de tecnologias em Agricultura de Precis\u00e3o.<\/p>\n","protected":false},"excerpt":{"rendered":"<p>T\u00edtulo: T\u00e9cnico em Agricultura de Precis\u00e3oEixo Tecnol\u00f3gico: Recursos NaturaisCarga hor\u00e1ria: 1.200 horasCarga hor\u00e1ria do est\u00e1gio: 200 horasCarga hor\u00e1ria total: 1.400 horasModalidade: Subsequente \u2013 P\u00f3s-Ensino M\u00e9dio \u00a0 Funcionamento Turno: Tarde Hor\u00e1rio: Das 13h30min \u00e0s 18h30min Dura\u00e7\u00e3o do Curso: Quatro semestres, mais est\u00e1gio. \u00a0 Organiza\u00e7\u00e3o Curricular Modular. M\u00f3dulo de Geotecnologias Aplicadas \u00e0 Agricultura de Precis\u00e3o M\u00f3dulo de [&hellip;]<\/p>\n","protected":false},"author":117,"featured_media":0,"parent":0,"menu_order":0,"comment_status":"closed","ping_status":"closed","template":"","meta":{"footnotes":""},"categories":[],"tags":[],"class_list":["post-155","page","type-page","status-publish","hentry"],"acf":[],"_links":{"self":[{"href":"https:\/\/www.ufsm.br\/cursos\/tecnico\/santa-maria\/agricultura-de-precisao\/wp-json\/wp\/v2\/pages\/155","targetHints":{"allow":["GET"]}}],"collection":[{"href":"https:\/\/www.ufsm.br\/cursos\/tecnico\/santa-maria\/agricultura-de-precisao\/wp-json\/wp\/v2\/pages"}],"about":[{"href":"https:\/\/www.ufsm.br\/cursos\/tecnico\/santa-maria\/agricultura-de-precisao\/wp-json\/wp\/v2\/types\/page"}],"author":[{"embeddable":true,"href":"https:\/\/www.ufsm.br\/cursos\/tecnico\/santa-maria\/agricultura-de-precisao\/wp-json\/wp\/v2\/users\/117"}],"replies":[{"embeddable":true,"href":"https:\/\/www.ufsm.br\/cursos\/tecnico\/santa-maria\/agricultura-de-precisao\/wp-json\/wp\/v2\/comments?post=155"}],"version-history":[{"count":0,"href":"https:\/\/www.ufsm.br\/cursos\/tecnico\/santa-maria\/agricultura-de-precisao\/wp-json\/wp\/v2\/pages\/155\/revisions"}],"wp:attachment":[{"href":"https:\/\/www.ufsm.br\/cursos\/tecnico\/santa-maria\/agricultura-de-precisao\/wp-json\/wp\/v2\/media?parent=155"}],"wp:term":[{"taxonomy":"category","embeddable":true,"href":"https:\/\/www.ufsm.br\/cursos\/tecnico\/santa-maria\/agricultura-de-precisao\/wp-json\/wp\/v2\/categories?post=155"},{"taxonomy":"post_tag","embeddable":true,"href":"https:\/\/www.ufsm.br\/cursos\/tecnico\/santa-maria\/agricultura-de-precisao\/wp-json\/wp\/v2\/tags?post=155"}],"curies":[{"name":"wp","href":"https:\/\/api.w.org\/{rel}","templated":true}]}}