{"id":156,"date":"2019-02-07T10:56:27","date_gmt":"2019-02-07T12:56:27","guid":{"rendered":"https:\/\/www.ufsm.br\/cursos\/tecnico\/santa-maria\/agricultura-de-precisao\/?page_id=156"},"modified":"2020-09-17T18:19:36","modified_gmt":"2020-09-17T21:19:36","slug":"requisitos-e-ingresso","status":"publish","type":"page","link":"https:\/\/www.ufsm.br\/cursos\/tecnico\/santa-maria\/agricultura-de-precisao\/requisitos-e-ingresso","title":{"rendered":"Requisitos e Ingresso"},"content":{"rendered":"\n<h3>Ingresso<\/h3>\n<p>O ingresso no Curso T\u00e9cnico em Agricultura de Precis\u00e3o pode ocorrer atrav\u00e9s das seguintes formas:<\/p>\n<ol style=\"list-style-type: lower-alpha\">\n<li>Ingresso principal, que garante a possibilidade de acesso a todos os m\u00f3dulos e ao t\u00edtulo de T\u00e9cnico, o qual se dar\u00e1 mediante processo de sele\u00e7\u00e3o, cujas normas, prazos, programas, crit\u00e9rios de classifica\u00e7\u00e3o e desempate, condi\u00e7\u00f5es para matr\u00edcula e demais informa\u00e7\u00f5es ser\u00e3o publicados em edital. \u00c9 condi\u00e7\u00e3o para essa forma de ingresso no curso que os candidatos <strong style=\"font-size: inherit\">tenham conclu\u00eddo o Ensino M\u00e9dio ou equivalente<\/strong><span style=\"font-size: inherit\">.<\/span><\/li>\n<li>Ingresso de portador de diploma, para estudantes diplomados em institui\u00e7\u00f5es de ensino p\u00fablico ou privado, que garante a possibilidade de acesso a todos os m\u00f3dulos e ao t\u00edtulo de t\u00e9cnico. Neste caso, ser\u00e1 determinado em edital, o n\u00famero de vagas, os requisitos necess\u00e1rios e outras condi\u00e7\u00f5es, quando for o caso, observadas \u00e0s normas vigentes no Col\u00e9gio Polit\u00e9cnico da UFSM.<\/li>\n<li>Ingresso intermedi\u00e1rio, para estudantes que desejam apenas cursar um m\u00f3dulo qualificador a fim de obter uma forma\u00e7\u00e3o para atividade espec\u00edfica no processo produtivo. Para essa forma de ingresso, ser\u00e1 determinado em edital o n\u00famero de vagas, os pr\u00e9-requisitos, quando for o caso, a forma de sele\u00e7\u00e3o e outras condi\u00e7\u00f5es, observadas as normas vigentes no Col\u00e9gio Polit\u00e9cnico da UFSM.<\/li>\n<\/ol>\n<h3>\u00a0<\/h3>\n<h3>Transfer\u00eancia<\/h3>\n<p>As transfer\u00eancias estar\u00e3o condicionadas \u00e0 exist\u00eancia de vaga, \u00e0 compatibilidade curricular e demais crit\u00e9rios constantes nas normas vigentes no Col\u00e9gio Polit\u00e9cnico da UFSM. As transfer\u00eancias podem ocorrer de dois modos:<\/p>\n<ol style=\"list-style-type: lower-alpha\">\n<li>Transfer\u00eancia interna: troca de curso de estudante do Col\u00e9gio Polit\u00e9cnico da UFSM, regularmente matriculado, para curso afim ou similar ao de origem;<\/li>\n<li>Transfer\u00eancia externa: transfer\u00eancia de estudante de outra institui\u00e7\u00e3o de ensino, regularmente matriculado ou com trancamento de matr\u00edcula, em curso id\u00eantico, afim ou similar.<\/li>\n<\/ol>\n<p>\u00a0<\/p>\n<h3>Reingresso<\/h3>\n<p>O reingresso \u00e9 a possibilidade de o estudante retornar ao curso, a fim de conclu\u00ed-lo, ou cursar outros m\u00f3dulos qualificadores. Pode ocorrer de duas maneiras:<\/p>\n<ol style=\"list-style-type: lower-alpha\">\n<li>Reingresso: retorno de ex-estudante do Col\u00e9gio Polit\u00e9cnico da UFSM para o Curso que abandonou;<\/li>\n<li>Reingresso com transfer\u00eancia interna: retorno de ex-estudante do Col\u00e9gio Polit\u00e9cnico da UFSM, que abandonou o Curso e solicita reingresso em curso afim ou similar do Col\u00e9gio Polit\u00e9cnico da UFSM.<\/li>\n<\/ol>\n<p>Em ambos os casos, dar-se-\u00e1 mediante requerimento do interessado, condicionado \u00e0 exist\u00eancia de vaga e \u00e0 compatibilidade curricular.<\/p>\n<p>Os pedidos de reingresso est\u00e3o condicionados \u00e0 possibilidade de o estudante concluir o primeiro e o \u00faltimo m\u00f3dulo num prazo n\u00e3o superior a nove semestres.<\/p>\n<p>O reingresso de estudantes obedece \u00e0s normas vigentes no Col\u00e9gio Polit\u00e9cnico da UFSM.<\/p>\n","protected":false},"excerpt":{"rendered":"<p>Ingresso O ingresso no Curso T\u00e9cnico em Agricultura de Precis\u00e3o pode ocorrer atrav\u00e9s das seguintes formas: Ingresso principal, que garante a possibilidade de acesso a todos os m\u00f3dulos e ao t\u00edtulo de T\u00e9cnico, o qual se dar\u00e1 mediante processo de sele\u00e7\u00e3o, cujas normas, prazos, programas, crit\u00e9rios de classifica\u00e7\u00e3o e desempate, condi\u00e7\u00f5es para matr\u00edcula e demais [&hellip;]<\/p>\n","protected":false},"author":117,"featured_media":0,"parent":0,"menu_order":0,"comment_status":"closed","ping_status":"closed","template":"","meta":{"footnotes":""},"categories":[],"tags":[],"class_list":["post-156","page","type-page","status-publish","hentry"],"acf":[],"_links":{"self":[{"href":"https:\/\/www.ufsm.br\/cursos\/tecnico\/santa-maria\/agricultura-de-precisao\/wp-json\/wp\/v2\/pages\/156","targetHints":{"allow":["GET"]}}],"collection":[{"href":"https:\/\/www.ufsm.br\/cursos\/tecnico\/santa-maria\/agricultura-de-precisao\/wp-json\/wp\/v2\/pages"}],"about":[{"href":"https:\/\/www.ufsm.br\/cursos\/tecnico\/santa-maria\/agricultura-de-precisao\/wp-json\/wp\/v2\/types\/page"}],"author":[{"embeddable":true,"href":"https:\/\/www.ufsm.br\/cursos\/tecnico\/santa-maria\/agricultura-de-precisao\/wp-json\/wp\/v2\/users\/117"}],"replies":[{"embeddable":true,"href":"https:\/\/www.ufsm.br\/cursos\/tecnico\/santa-maria\/agricultura-de-precisao\/wp-json\/wp\/v2\/comments?post=156"}],"version-history":[{"count":0,"href":"https:\/\/www.ufsm.br\/cursos\/tecnico\/santa-maria\/agricultura-de-precisao\/wp-json\/wp\/v2\/pages\/156\/revisions"}],"wp:attachment":[{"href":"https:\/\/www.ufsm.br\/cursos\/tecnico\/santa-maria\/agricultura-de-precisao\/wp-json\/wp\/v2\/media?parent=156"}],"wp:term":[{"taxonomy":"category","embeddable":true,"href":"https:\/\/www.ufsm.br\/cursos\/tecnico\/santa-maria\/agricultura-de-precisao\/wp-json\/wp\/v2\/categories?post=156"},{"taxonomy":"post_tag","embeddable":true,"href":"https:\/\/www.ufsm.br\/cursos\/tecnico\/santa-maria\/agricultura-de-precisao\/wp-json\/wp\/v2\/tags?post=156"}],"curies":[{"name":"wp","href":"https:\/\/api.w.org\/{rel}","templated":true}]}}