{"id":157,"date":"2019-02-07T10:56:51","date_gmt":"2019-02-07T12:56:51","guid":{"rendered":"https:\/\/www.ufsm.br\/cursos\/tecnico\/santa-maria\/agricultura-de-precisao\/?page_id=157"},"modified":"2020-09-17T18:20:28","modified_gmt":"2020-09-17T21:20:28","slug":"perfil-profissional","status":"publish","type":"page","link":"https:\/\/www.ufsm.br\/cursos\/tecnico\/santa-maria\/agricultura-de-precisao\/perfil-profissional","title":{"rendered":"Perfil profissional"},"content":{"rendered":"\n<p>O T\u00e9cnico em Agricultura de Precis\u00e3o, no Eixo Tecnol\u00f3gico Recursos Naturais, caracteriza-se como um profissional comprometido com o desenvolvimento social e econ\u00f4mico, respeitando valores \u00e9ticos, morais, culturais, sociais e ecol\u00f3gicos, com compet\u00eancias profissionais que o qualificam a exercer as seguintes fun\u00e7\u00f5es:<\/p>\n<ul>\n<li>Orientar, desenvolver atividades e fornecer assist\u00eancia t\u00e9cnica em Agricultura de Precis\u00e3o;<\/li>\n<li>Realizar a\u00e7\u00f5es de extens\u00e3o e difundir tecnologias de Agricultura de Precis\u00e3o e Agricultura Digital;<\/li>\n<li>Utilizar equipamentos de sistemas de posicionamento global na Agricultura de Precis\u00e3o;<\/li>\n<li>Conhecer e aplicar t\u00e9cnicas de amostragem georreferenciada de atributos do solo e planta;<\/li>\n<li>Aplicar metodologias para determina\u00e7\u00e3o da variabilidade temporal e espacial de atributos de solo e planta;<\/li>\n<li>Utilizar softwares e tecnologias para o processamento de dados provenientes de an\u00e1lises de solo, clima, planta e de m\u00e1quinas agr\u00edcolas;<\/li>\n<li>Configurar, utilizar e substituir diferentes sensores de solo, clima, planta e m\u00e1quinas agr\u00edcolas para obten\u00e7\u00e3o de dados em Agricultura de Precis\u00e3o;<\/li>\n<li>Realizar o planejamento e execu\u00e7\u00e3o de voo por meio de aeronaves remotamente pilotadas e an\u00e1lise pr\u00e9via dos produtos obtidos;<\/li>\n<li>Interpretar mapas de variabilidade espacial e temporal de atributos do solo e planta;<\/li>\n<li>Recomendar a aplica\u00e7\u00e3o de insumos agr\u00edcolas (corretivos, fertilizantes, defensivos agr\u00edcolas, dentre outros) \u00e0 taxa variada ou em aplica\u00e7\u00e3o localizada;<\/li>\n<li>Recomendar, acompanhar e avaliar interven\u00e7\u00f5es de manejo em s\u00edtio espec\u00edfico de solo e planta;<\/li>\n<li>Realizar, acompanhar e avaliar o manejo de plantas daninhas, pragas e doen\u00e7as utilizando princ\u00edpios da Fitossanidade de Precis\u00e3o;<\/li>\n<li>Conhecer o funcionamento e realizar a manuten\u00e7\u00e3o de m\u00e1quinas agr\u00edcolas equipadas com eletr\u00f4nica embarcada;<\/li>\n<li>Calibrar e operar m\u00e1quinas agr\u00edcolas equipadas com sistemas de Agricultura de Precis\u00e3o;<\/li>\n<li>Exercer atividades de orienta\u00e7\u00e3o no estudo de viabilidade econ\u00f4mica de empreendimentos agropecu\u00e1rios voltados \u00e0 Agricultura de Precis\u00e3o;<\/li>\n<li>Elaborar, conduzir e avaliar projetos agropecu\u00e1rios voltados \u00e0 Agricultura de Precis\u00e3o.<\/li>\n<\/ul>\n","protected":false},"excerpt":{"rendered":"<p>O T\u00e9cnico em Agricultura de Precis\u00e3o, no Eixo Tecnol\u00f3gico Recursos Naturais, caracteriza-se como um profissional comprometido com o desenvolvimento social e econ\u00f4mico, respeitando valores \u00e9ticos, morais, culturais, sociais e ecol\u00f3gicos, com compet\u00eancias profissionais que o qualificam a exercer as seguintes fun\u00e7\u00f5es: Orientar, desenvolver atividades e fornecer assist\u00eancia t\u00e9cnica em Agricultura de Precis\u00e3o; Realizar a\u00e7\u00f5es de [&hellip;]<\/p>\n","protected":false},"author":117,"featured_media":0,"parent":0,"menu_order":0,"comment_status":"closed","ping_status":"closed","template":"","meta":{"footnotes":""},"categories":[],"tags":[],"class_list":["post-157","page","type-page","status-publish","hentry"],"acf":[],"_links":{"self":[{"href":"https:\/\/www.ufsm.br\/cursos\/tecnico\/santa-maria\/agricultura-de-precisao\/wp-json\/wp\/v2\/pages\/157","targetHints":{"allow":["GET"]}}],"collection":[{"href":"https:\/\/www.ufsm.br\/cursos\/tecnico\/santa-maria\/agricultura-de-precisao\/wp-json\/wp\/v2\/pages"}],"about":[{"href":"https:\/\/www.ufsm.br\/cursos\/tecnico\/santa-maria\/agricultura-de-precisao\/wp-json\/wp\/v2\/types\/page"}],"author":[{"embeddable":true,"href":"https:\/\/www.ufsm.br\/cursos\/tecnico\/santa-maria\/agricultura-de-precisao\/wp-json\/wp\/v2\/users\/117"}],"replies":[{"embeddable":true,"href":"https:\/\/www.ufsm.br\/cursos\/tecnico\/santa-maria\/agricultura-de-precisao\/wp-json\/wp\/v2\/comments?post=157"}],"version-history":[{"count":0,"href":"https:\/\/www.ufsm.br\/cursos\/tecnico\/santa-maria\/agricultura-de-precisao\/wp-json\/wp\/v2\/pages\/157\/revisions"}],"wp:attachment":[{"href":"https:\/\/www.ufsm.br\/cursos\/tecnico\/santa-maria\/agricultura-de-precisao\/wp-json\/wp\/v2\/media?parent=157"}],"wp:term":[{"taxonomy":"category","embeddable":true,"href":"https:\/\/www.ufsm.br\/cursos\/tecnico\/santa-maria\/agricultura-de-precisao\/wp-json\/wp\/v2\/categories?post=157"},{"taxonomy":"post_tag","embeddable":true,"href":"https:\/\/www.ufsm.br\/cursos\/tecnico\/santa-maria\/agricultura-de-precisao\/wp-json\/wp\/v2\/tags?post=157"}],"curies":[{"name":"wp","href":"https:\/\/api.w.org\/{rel}","templated":true}]}}