{"id":158,"date":"2019-02-07T10:57:19","date_gmt":"2019-02-07T12:57:19","guid":{"rendered":"https:\/\/www.ufsm.br\/cursos\/tecnico\/santa-maria\/agricultura-de-precisao\/?page_id=158"},"modified":"2020-09-17T18:27:47","modified_gmt":"2020-09-17T21:27:47","slug":"titulo-agricultura","status":"publish","type":"page","link":"https:\/\/www.ufsm.br\/cursos\/tecnico\/santa-maria\/agricultura-de-precisao\/titulo-agricultura","title":{"rendered":"T\u00edtulo"},"content":{"rendered":"\n<p>Aos estudantes que conclu\u00edrem com aproveitamento todas as disciplinas previstas na organiza\u00e7\u00e3o curricular do Curso e realizarem o est\u00e1gio supervisionado de habilita\u00e7\u00e3o profissional ser\u00e1 conferido o Diploma com o t\u00edtulo de T\u00c9CNICO EM AGRICULTURA DE PRECIS\u00c3O, no Eixo Tecnol\u00f3gico \u201cRECURSOS NATURAIS\u201d, de acordo com a Lei n\u00ba 9.394\/96, o Parecer CNE\/CEB n\u00ba 11\/2012, a Resolu\u00e7\u00e3o CNE\/CEB n\u00ba 06\/2012, o Decreto Federal n\u00ba 5154\/2004, o Parecer CNE\/CEB n\u00ba 11\/2008, a Resolu\u00e7\u00e3o CNE\/CEB n\u00ba 03\/2008, a Portaria do MEC n\u00ba 870\/2008 e a Resolu\u00e7\u00e3o CNE\/CEB n\u00ba 01\/2014.<\/p>\n<p>Aos estudantes que obtiverem aprova\u00e7\u00e3o em todas as disciplinas relativas a um ou mais m\u00f3dulos qualificadores, considerando que tenham obtido aprova\u00e7\u00e3o em todas as disciplinas do m\u00f3dulo b\u00e1sico, ser\u00e1 concedido certificado de qualifica\u00e7\u00e3o profissional t\u00e9cnica referente ao(s) m\u00f3dulo(s) cursado(s), observando o que segue:<\/p>\n<p>M\u00f3dulo de Geotecnologias Aplicadas \u00e0 Agricultura de Precis\u00e3o<\/p>\n<p>T\u00edtulo:<strong style=\"font-size: inherit\"> Agente de Geotecnologias Aplicadas \u00e0 Agricultura de Precis\u00e3o<\/strong><\/p>\n<p>\u00a0<\/p>\n<p>M\u00f3dulo de Mecaniza\u00e7\u00e3o em Agricultura de Precis\u00e3o<\/p>\n<p>T\u00edtulo: <strong>Agente de Mecaniza\u00e7\u00e3o em Agricultura de Precis\u00e3o<\/strong><\/p>\n<p>\u00a0<\/p>\n<p>M\u00f3dulo de Produ\u00e7\u00e3o Vegetal Enfatizada na Agricultura de Precis\u00e3o<\/p>\n<p>T\u00edtulo: <strong>Agente de Produ\u00e7\u00e3o Vegetal Enfatizada na Agricultura de Precis\u00e3o<\/strong><\/p>\n<p>\u00a0<\/p>\n<p>Os diplomas e certificados ser\u00e3o acompanhados de hist\u00f3rico escolar no qual constar\u00e3o os componentes curriculares elencados na organiza\u00e7\u00e3o curricular, definidos pelo perfil profissional de conclus\u00e3o, as respectivas cargas hor\u00e1rias, frequ\u00eancias e aproveitamento dos concluintes, nos termos em que prev\u00ea o par\u00e1grafo quinto do Art. 38 da Resolu\u00e7\u00e3o CNE\/CEB n\u00ba 06\/2012.<\/p>\n","protected":false},"excerpt":{"rendered":"<p>Aos estudantes que conclu\u00edrem com aproveitamento todas as disciplinas previstas na organiza\u00e7\u00e3o curricular do Curso e realizarem o est\u00e1gio supervisionado de habilita\u00e7\u00e3o profissional ser\u00e1 conferido o Diploma com o t\u00edtulo de T\u00c9CNICO EM AGRICULTURA DE PRECIS\u00c3O, no Eixo Tecnol\u00f3gico \u201cRECURSOS NATURAIS\u201d, de acordo com a Lei n\u00ba 9.394\/96, o Parecer CNE\/CEB n\u00ba 11\/2012, a Resolu\u00e7\u00e3o [&hellip;]<\/p>\n","protected":false},"author":117,"featured_media":0,"parent":0,"menu_order":0,"comment_status":"closed","ping_status":"closed","template":"","meta":{"footnotes":""},"categories":[],"tags":[],"class_list":["post-158","page","type-page","status-publish","hentry"],"acf":[],"_links":{"self":[{"href":"https:\/\/www.ufsm.br\/cursos\/tecnico\/santa-maria\/agricultura-de-precisao\/wp-json\/wp\/v2\/pages\/158","targetHints":{"allow":["GET"]}}],"collection":[{"href":"https:\/\/www.ufsm.br\/cursos\/tecnico\/santa-maria\/agricultura-de-precisao\/wp-json\/wp\/v2\/pages"}],"about":[{"href":"https:\/\/www.ufsm.br\/cursos\/tecnico\/santa-maria\/agricultura-de-precisao\/wp-json\/wp\/v2\/types\/page"}],"author":[{"embeddable":true,"href":"https:\/\/www.ufsm.br\/cursos\/tecnico\/santa-maria\/agricultura-de-precisao\/wp-json\/wp\/v2\/users\/117"}],"replies":[{"embeddable":true,"href":"https:\/\/www.ufsm.br\/cursos\/tecnico\/santa-maria\/agricultura-de-precisao\/wp-json\/wp\/v2\/comments?post=158"}],"version-history":[{"count":0,"href":"https:\/\/www.ufsm.br\/cursos\/tecnico\/santa-maria\/agricultura-de-precisao\/wp-json\/wp\/v2\/pages\/158\/revisions"}],"wp:attachment":[{"href":"https:\/\/www.ufsm.br\/cursos\/tecnico\/santa-maria\/agricultura-de-precisao\/wp-json\/wp\/v2\/media?parent=158"}],"wp:term":[{"taxonomy":"category","embeddable":true,"href":"https:\/\/www.ufsm.br\/cursos\/tecnico\/santa-maria\/agricultura-de-precisao\/wp-json\/wp\/v2\/categories?post=158"},{"taxonomy":"post_tag","embeddable":true,"href":"https:\/\/www.ufsm.br\/cursos\/tecnico\/santa-maria\/agricultura-de-precisao\/wp-json\/wp\/v2\/tags?post=158"}],"curies":[{"name":"wp","href":"https:\/\/api.w.org\/{rel}","templated":true}]}}