{"id":171,"date":"2019-02-07T11:04:24","date_gmt":"2019-02-07T13:04:24","guid":{"rendered":"https:\/\/www.ufsm.br\/cursos\/tecnico\/santa-maria\/agricultura-de-precisao\/?page_id=171"},"modified":"2020-09-17T18:18:34","modified_gmt":"2020-09-17T21:18:34","slug":"historico","status":"publish","type":"page","link":"https:\/\/www.ufsm.br\/cursos\/tecnico\/santa-maria\/agricultura-de-precisao\/historico","title":{"rendered":"Hist\u00f3rico"},"content":{"rendered":"\n<p>O curso T\u00e9cnico em Agricultura de Precis\u00e3o iniciou o seu funcionamento em mar\u00e7o de 2020, com uma turma de 30 estudantes. A forma\u00e7\u00e3o pretendida para o profissional prev\u00ea a atua\u00e7\u00e3o, de forma respons\u00e1vel e consciente, no desenvolvimento de atividades, assist\u00eancia t\u00e9cnica e difus\u00e3o de tecnologias em Agricultura de Precis\u00e3o.<\/p>\n","protected":false},"excerpt":{"rendered":"<p>O curso T\u00e9cnico em Agricultura de Precis\u00e3o iniciou o seu funcionamento em mar\u00e7o de 2020, com uma turma de 30 estudantes. A forma\u00e7\u00e3o pretendida para o profissional prev\u00ea a atua\u00e7\u00e3o, de forma respons\u00e1vel e consciente, no desenvolvimento de atividades, assist\u00eancia t\u00e9cnica e difus\u00e3o de tecnologias em Agricultura de Precis\u00e3o.<\/p>\n","protected":false},"author":117,"featured_media":0,"parent":0,"menu_order":0,"comment_status":"closed","ping_status":"closed","template":"","meta":{"footnotes":""},"categories":[],"tags":[],"class_list":["post-171","page","type-page","status-publish","hentry"],"acf":[],"_links":{"self":[{"href":"https:\/\/www.ufsm.br\/cursos\/tecnico\/santa-maria\/agricultura-de-precisao\/wp-json\/wp\/v2\/pages\/171","targetHints":{"allow":["GET"]}}],"collection":[{"href":"https:\/\/www.ufsm.br\/cursos\/tecnico\/santa-maria\/agricultura-de-precisao\/wp-json\/wp\/v2\/pages"}],"about":[{"href":"https:\/\/www.ufsm.br\/cursos\/tecnico\/santa-maria\/agricultura-de-precisao\/wp-json\/wp\/v2\/types\/page"}],"author":[{"embeddable":true,"href":"https:\/\/www.ufsm.br\/cursos\/tecnico\/santa-maria\/agricultura-de-precisao\/wp-json\/wp\/v2\/users\/117"}],"replies":[{"embeddable":true,"href":"https:\/\/www.ufsm.br\/cursos\/tecnico\/santa-maria\/agricultura-de-precisao\/wp-json\/wp\/v2\/comments?post=171"}],"version-history":[{"count":0,"href":"https:\/\/www.ufsm.br\/cursos\/tecnico\/santa-maria\/agricultura-de-precisao\/wp-json\/wp\/v2\/pages\/171\/revisions"}],"wp:attachment":[{"href":"https:\/\/www.ufsm.br\/cursos\/tecnico\/santa-maria\/agricultura-de-precisao\/wp-json\/wp\/v2\/media?parent=171"}],"wp:term":[{"taxonomy":"category","embeddable":true,"href":"https:\/\/www.ufsm.br\/cursos\/tecnico\/santa-maria\/agricultura-de-precisao\/wp-json\/wp\/v2\/categories?post=171"},{"taxonomy":"post_tag","embeddable":true,"href":"https:\/\/www.ufsm.br\/cursos\/tecnico\/santa-maria\/agricultura-de-precisao\/wp-json\/wp\/v2\/tags?post=171"}],"curies":[{"name":"wp","href":"https:\/\/api.w.org\/{rel}","templated":true}]}}