{"id":155,"date":"2019-02-07T10:55:29","date_gmt":"2019-02-07T12:55:29","guid":{"rendered":"https:\/\/www.ufsm.br\/cursos\/tecnico\/santa-maria\/agricultura\/?page_id=155"},"modified":"2019-02-07T10:55:44","modified_gmt":"2019-02-07T12:55:44","slug":"sobre-o-curso","status":"publish","type":"page","link":"https:\/\/www.ufsm.br\/cursos\/tecnico\/santa-maria\/agricultura\/sobre-o-curso","title":{"rendered":"Sobre o Curso"},"content":{"rendered":"\n<p>T\u00edtulo: T\u00e9cnico em Agricultura<br \/>Eixo Tecnol\u00f3gico: Recursos Naturais<br \/>Carga hor\u00e1ria: 1.200 horas<br \/>Carga hor\u00e1ria do est\u00e1gio: 200 horas<br \/>Carga hor\u00e1ria total: 1.400 horas<br \/>Modalidade: Subsequente \u2013 P\u00f3s-Ensino M\u00e9dio<\/p>\n<p><strong>Objetivo Geral<\/strong><\/p>\n<p>O Curso T\u00e9cnico em Agricultura visa a formar profissionais com conhecimentos, compet\u00eancias e habilidades que os qualifiquem a atuar de forma respons\u00e1vel e consciente na \u00e1rea agr\u00edcola, comprometidos com a produ\u00e7\u00e3o vegetal sustent\u00e1vel, determinando tecnologias economicamente vi\u00e1veis \u00e0s v\u00e1rias regi\u00f5es.<\/p>\n","protected":false},"excerpt":{"rendered":"<p>T\u00edtulo: T\u00e9cnico em AgriculturaEixo Tecnol\u00f3gico: Recursos NaturaisCarga hor\u00e1ria: 1.200 horasCarga hor\u00e1ria do est\u00e1gio: 200 horasCarga hor\u00e1ria total: 1.400 horasModalidade: Subsequente \u2013 P\u00f3s-Ensino M\u00e9dio Objetivo Geral O Curso T\u00e9cnico em Agricultura visa a formar profissionais com conhecimentos, compet\u00eancias e habilidades que os qualifiquem a atuar de forma respons\u00e1vel e consciente na \u00e1rea agr\u00edcola, comprometidos com a [&hellip;]<\/p>\n","protected":false},"author":117,"featured_media":0,"parent":0,"menu_order":0,"comment_status":"closed","ping_status":"closed","template":"","meta":{"footnotes":""},"categories":[],"tags":[],"class_list":["post-155","page","type-page","status-publish","hentry"],"acf":[],"_links":{"self":[{"href":"https:\/\/www.ufsm.br\/cursos\/tecnico\/santa-maria\/agricultura\/wp-json\/wp\/v2\/pages\/155","targetHints":{"allow":["GET"]}}],"collection":[{"href":"https:\/\/www.ufsm.br\/cursos\/tecnico\/santa-maria\/agricultura\/wp-json\/wp\/v2\/pages"}],"about":[{"href":"https:\/\/www.ufsm.br\/cursos\/tecnico\/santa-maria\/agricultura\/wp-json\/wp\/v2\/types\/page"}],"author":[{"embeddable":true,"href":"https:\/\/www.ufsm.br\/cursos\/tecnico\/santa-maria\/agricultura\/wp-json\/wp\/v2\/users\/117"}],"replies":[{"embeddable":true,"href":"https:\/\/www.ufsm.br\/cursos\/tecnico\/santa-maria\/agricultura\/wp-json\/wp\/v2\/comments?post=155"}],"version-history":[{"count":0,"href":"https:\/\/www.ufsm.br\/cursos\/tecnico\/santa-maria\/agricultura\/wp-json\/wp\/v2\/pages\/155\/revisions"}],"wp:attachment":[{"href":"https:\/\/www.ufsm.br\/cursos\/tecnico\/santa-maria\/agricultura\/wp-json\/wp\/v2\/media?parent=155"}],"wp:term":[{"taxonomy":"category","embeddable":true,"href":"https:\/\/www.ufsm.br\/cursos\/tecnico\/santa-maria\/agricultura\/wp-json\/wp\/v2\/categories?post=155"},{"taxonomy":"post_tag","embeddable":true,"href":"https:\/\/www.ufsm.br\/cursos\/tecnico\/santa-maria\/agricultura\/wp-json\/wp\/v2\/tags?post=155"}],"curies":[{"name":"wp","href":"https:\/\/api.w.org\/{rel}","templated":true}]}}