{"id":29,"date":"2018-01-18T09:10:07","date_gmt":"2018-01-18T11:10:07","guid":{"rendered":"https:\/\/www.ufsm.br\/cursos\/graduacao\/nutricao\/12352\/?page_id=29"},"modified":"2019-02-07T10:56:10","modified_gmt":"2019-02-07T12:56:10","slug":"contato","status":"publish","type":"page","link":"https:\/\/www.ufsm.br\/cursos\/tecnico\/santa-maria\/agricultura\/contato","title":{"rendered":"Contato"},"content":{"rendered":"<p>Sala: Setor de Culturas Anuais e Mecaniza\u00e7\u00e3o<br \/>\nFone: 3220 9419 \u2013 Ramal 241<br \/>\nE-mail:\u00a0<span id=\"cloak8c84b6fd64346960199849a59e57ec80\"><a href=\"mailto:agricultura@politecnico.ufsm.br\">agricultura@politecnico.ufsm.br<\/a><\/span><\/p>\n<p><strong>Funcionamento<\/strong><\/p>\n<p>Turno: Noite<br \/>\nHor\u00e1rio: 19h \u00e0s 23h<br \/>\nDura\u00e7\u00e3o do Curso: Quatro semestres mais est\u00e1gio obrigat\u00f3rio.<\/p>\n","protected":false},"excerpt":{"rendered":"<p>Sala: Setor de Culturas Anuais e Mecaniza\u00e7\u00e3o Fone: 3220 9419 \u2013 Ramal 241 E-mail:\u00a0agricultura@politecnico.ufsm.br Funcionamento Turno: Noite Hor\u00e1rio: 19h \u00e0s 23h Dura\u00e7\u00e3o do Curso: Quatro semestres mais est\u00e1gio obrigat\u00f3rio.<\/p>\n","protected":false},"author":8,"featured_media":0,"parent":0,"menu_order":0,"comment_status":"closed","ping_status":"closed","template":"","meta":{"footnotes":""},"categories":[],"tags":[],"class_list":["post-29","page","type-page","status-publish","hentry"],"acf":[],"_links":{"self":[{"href":"https:\/\/www.ufsm.br\/cursos\/tecnico\/santa-maria\/agricultura\/wp-json\/wp\/v2\/pages\/29","targetHints":{"allow":["GET"]}}],"collection":[{"href":"https:\/\/www.ufsm.br\/cursos\/tecnico\/santa-maria\/agricultura\/wp-json\/wp\/v2\/pages"}],"about":[{"href":"https:\/\/www.ufsm.br\/cursos\/tecnico\/santa-maria\/agricultura\/wp-json\/wp\/v2\/types\/page"}],"author":[{"embeddable":true,"href":"https:\/\/www.ufsm.br\/cursos\/tecnico\/santa-maria\/agricultura\/wp-json\/wp\/v2\/users\/8"}],"replies":[{"embeddable":true,"href":"https:\/\/www.ufsm.br\/cursos\/tecnico\/santa-maria\/agricultura\/wp-json\/wp\/v2\/comments?post=29"}],"version-history":[{"count":0,"href":"https:\/\/www.ufsm.br\/cursos\/tecnico\/santa-maria\/agricultura\/wp-json\/wp\/v2\/pages\/29\/revisions"}],"wp:attachment":[{"href":"https:\/\/www.ufsm.br\/cursos\/tecnico\/santa-maria\/agricultura\/wp-json\/wp\/v2\/media?parent=29"}],"wp:term":[{"taxonomy":"category","embeddable":true,"href":"https:\/\/www.ufsm.br\/cursos\/tecnico\/santa-maria\/agricultura\/wp-json\/wp\/v2\/categories?post=29"},{"taxonomy":"post_tag","embeddable":true,"href":"https:\/\/www.ufsm.br\/cursos\/tecnico\/santa-maria\/agricultura\/wp-json\/wp\/v2\/tags?post=29"}],"curies":[{"name":"wp","href":"https:\/\/api.w.org\/{rel}","templated":true}]}}