{"id":157,"date":"2025-06-02T16:05:14","date_gmt":"2025-06-02T19:05:14","guid":{"rendered":"https:\/\/www.ufsm.br\/cursos\/tecnico\/santa-maria\/agrimensura\/?page_id=157"},"modified":"2025-06-02T16:05:38","modified_gmt":"2025-06-02T19:05:38","slug":"sobre-o-curso","status":"publish","type":"page","link":"https:\/\/www.ufsm.br\/cursos\/tecnico\/santa-maria\/agrimensura\/sobre-o-curso","title":{"rendered":"Sobre o Curso"},"content":{"rendered":"\n<h2 class=\"wp-block-heading\">T\u00e9cnico em Agrimensura<\/h2>\n\n\n\n<p>Eixo Tecnol\u00f3gico: Infraestrutura<br>Carga Hor\u00e1ria M\u00ednima: 1200 horas<br>Carga Hor\u00e1ria do Est\u00e1gio: 200 horas<br>Carga Hor\u00e1ria Total: 1400 horas<br>Modalidade: Subsequente \u2013 P\u00f3s Ensino M\u00e9dio<\/p>\n\n\n\n<p><strong>Funcionamento<\/strong><\/p>\n\n\n\n<p>Turno: Noite e S\u00e1bados<br>Hor\u00e1rio: Das 19h \u00e0s 23h<\/p>\n\n\n\n<p>Dura\u00e7\u00e3o do Curso: Quatro semestres mais est\u00e1gio<\/p>\n","protected":false},"excerpt":{"rendered":"<p>T\u00e9cnico em Agrimensura Eixo Tecnol\u00f3gico: InfraestruturaCarga Hor\u00e1ria M\u00ednima: 1200 horasCarga Hor\u00e1ria do Est\u00e1gio: 200 horasCarga Hor\u00e1ria Total: 1400 horasModalidade: Subsequente \u2013 P\u00f3s Ensino M\u00e9dio Funcionamento Turno: Noite e S\u00e1badosHor\u00e1rio: Das 19h \u00e0s 23h Dura\u00e7\u00e3o do Curso: Quatro semestres mais est\u00e1gio<\/p>\n","protected":false},"author":6177,"featured_media":0,"parent":0,"menu_order":0,"comment_status":"closed","ping_status":"closed","template":"","meta":{"footnotes":""},"categories":[],"tags":[],"class_list":["post-157","page","type-page","status-publish","hentry"],"acf":[],"_links":{"self":[{"href":"https:\/\/www.ufsm.br\/cursos\/tecnico\/santa-maria\/agrimensura\/wp-json\/wp\/v2\/pages\/157","targetHints":{"allow":["GET"]}}],"collection":[{"href":"https:\/\/www.ufsm.br\/cursos\/tecnico\/santa-maria\/agrimensura\/wp-json\/wp\/v2\/pages"}],"about":[{"href":"https:\/\/www.ufsm.br\/cursos\/tecnico\/santa-maria\/agrimensura\/wp-json\/wp\/v2\/types\/page"}],"author":[{"embeddable":true,"href":"https:\/\/www.ufsm.br\/cursos\/tecnico\/santa-maria\/agrimensura\/wp-json\/wp\/v2\/users\/6177"}],"replies":[{"embeddable":true,"href":"https:\/\/www.ufsm.br\/cursos\/tecnico\/santa-maria\/agrimensura\/wp-json\/wp\/v2\/comments?post=157"}],"version-history":[{"count":0,"href":"https:\/\/www.ufsm.br\/cursos\/tecnico\/santa-maria\/agrimensura\/wp-json\/wp\/v2\/pages\/157\/revisions"}],"wp:attachment":[{"href":"https:\/\/www.ufsm.br\/cursos\/tecnico\/santa-maria\/agrimensura\/wp-json\/wp\/v2\/media?parent=157"}],"wp:term":[{"taxonomy":"category","embeddable":true,"href":"https:\/\/www.ufsm.br\/cursos\/tecnico\/santa-maria\/agrimensura\/wp-json\/wp\/v2\/categories?post=157"},{"taxonomy":"post_tag","embeddable":true,"href":"https:\/\/www.ufsm.br\/cursos\/tecnico\/santa-maria\/agrimensura\/wp-json\/wp\/v2\/tags?post=157"}],"curies":[{"name":"wp","href":"https:\/\/api.w.org\/{rel}","templated":true}]}}