{"id":161,"date":"2025-06-02T16:06:48","date_gmt":"2025-06-02T19:06:48","guid":{"rendered":"https:\/\/www.ufsm.br\/cursos\/tecnico\/santa-maria\/agrimensura\/?page_id=161"},"modified":"2025-06-02T16:06:49","modified_gmt":"2025-06-02T19:06:49","slug":"historico","status":"publish","type":"page","link":"https:\/\/www.ufsm.br\/cursos\/tecnico\/santa-maria\/agrimensura\/historico","title":{"rendered":"Hist\u00f3rico"},"content":{"rendered":"\n<p>O Col\u00e9gio Polit\u00e9cnico da UFSM, na sua hist\u00f3ria de mais de 60 anos, tem se consolidado como uma institui\u00e7\u00e3o de refer\u00eancia na forma\u00e7\u00e3o de profissionais nas \u00e1reas de atua\u00e7\u00e3o voltadas ao desenvolvimento regional, em sua zona de abrang\u00eancia geoeducacional.<\/p>\n\n\n\n<p>No in\u00edcio da d\u00e9cada de 2000, expandindo suas atividades para as \u00e1reas de Tecnologia da Informa\u00e7\u00e3o e Gest\u00e3o, o Col\u00e9gio Polit\u00e9cnico, com o apoio de docentes do Centro de Ci\u00eancias Rurais da UFSM, iniciou sua jornada de forma\u00e7\u00e3o profissional na \u00e1rea de Geom\u00e1tica. Os avan\u00e7os tecnol\u00f3gicos observados nos anos seguintes trouxeram maior demanda por profissionais com habilidades para produ\u00e7\u00e3o, gerenciamento e manipula\u00e7\u00e3o de dados geoespaciais-territoriais por meios digitais, consoantes \u00e0s inova\u00e7\u00f5es tecnol\u00f3gicas e informacionais, que se tornaram cotidianas na sociedade da \u00e9poca e dos dias atuais.<\/p>\n\n\n\n<p>A expans\u00e3o do Polit\u00e9cnico a partir de 2008 com a oferta de cursos de gradua\u00e7\u00e3o, avan\u00e7ou e evoluiu a forma\u00e7\u00e3o na \u00e1rea de Geom\u00e1tica para o Ensino Superior, com o Curso Superior em Tecnologia de Geoprocessamento. Tamb\u00e9m em 2008, o Curso T\u00e9cnico em Geom\u00e1tica passou a denominar-se Curso T\u00e9cnico em Geoprocessamento, adequando-se \u00e0 terminologia usada pelo Cat\u00e1logo Nacional de Cursos T\u00e9cnicos. Nos anos seguintes, em 2010 foi criado o Programa de P\u00f3s-Gradua\u00e7\u00e3o em Agricultura de Precis\u00e3o (PPGAP) em n\u00edvel de Mestrado Profissional. Mais adiante, em 2016, a Especializa\u00e7\u00e3o em Geom\u00e1tica foi incorporada \u00e0 forma\u00e7\u00e3o acad\u00eamica em n\u00edvel de p\u00f3s-gradua\u00e7\u00e3o.<\/p>\n\n\n\n<p>O Curso T\u00e9cnico em Agrimensura do Col\u00e9gio Polit\u00e9cnico surge neste contexto acad\u00eamico e institucional para integrar itiner\u00e1rios formativos nos Eixos Tecnol\u00f3gicos de Infraestrutura e de Recursos Naturais, oferecendo perspectivas de evoluir compet\u00eancias profissionais em n\u00edvel de gradua\u00e7\u00e3o e p\u00f3s-gradua\u00e7\u00e3o, inclusive em outras Unidades de Ensino afins da UFSM. O curso T\u00e9cnico em Agrimensura teve sua aprova\u00e7\u00e3o de cria\u00e7\u00e3o no Conselho Diretor do Col\u00e9gio Polit\u00e9cnico em 18\/09\/2023, na 7\u00aa Sess\u00e3o do Conselho; aprova\u00e7\u00e3o no CEPE na 989\u00aa sess\u00e3o em 22\/09\/2023 e aprova\u00e7\u00e3o no Conselho Universit\u00e1rio na 865\u00aa sess\u00e3o em 29\/09\/2023. O curso T\u00e9cnico em Geoprocessamento deixou de ser ofertando, passando o T\u00e9cnico em Agrimensura ter oferta regular a partir de 2024.<\/p>\n","protected":false},"excerpt":{"rendered":"<p>O Col\u00e9gio Polit\u00e9cnico da UFSM, na sua hist\u00f3ria de mais de 60 anos, tem se consolidado como uma institui\u00e7\u00e3o de refer\u00eancia na forma\u00e7\u00e3o de profissionais nas \u00e1reas de atua\u00e7\u00e3o voltadas ao desenvolvimento regional, em sua zona de abrang\u00eancia geoeducacional. No in\u00edcio da d\u00e9cada de 2000, expandindo suas atividades para as \u00e1reas de Tecnologia da Informa\u00e7\u00e3o [&hellip;]<\/p>\n","protected":false},"author":6177,"featured_media":0,"parent":0,"menu_order":0,"comment_status":"closed","ping_status":"closed","template":"","meta":{"footnotes":""},"categories":[],"tags":[],"class_list":["post-161","page","type-page","status-publish","hentry"],"acf":[],"_links":{"self":[{"href":"https:\/\/www.ufsm.br\/cursos\/tecnico\/santa-maria\/agrimensura\/wp-json\/wp\/v2\/pages\/161","targetHints":{"allow":["GET"]}}],"collection":[{"href":"https:\/\/www.ufsm.br\/cursos\/tecnico\/santa-maria\/agrimensura\/wp-json\/wp\/v2\/pages"}],"about":[{"href":"https:\/\/www.ufsm.br\/cursos\/tecnico\/santa-maria\/agrimensura\/wp-json\/wp\/v2\/types\/page"}],"author":[{"embeddable":true,"href":"https:\/\/www.ufsm.br\/cursos\/tecnico\/santa-maria\/agrimensura\/wp-json\/wp\/v2\/users\/6177"}],"replies":[{"embeddable":true,"href":"https:\/\/www.ufsm.br\/cursos\/tecnico\/santa-maria\/agrimensura\/wp-json\/wp\/v2\/comments?post=161"}],"version-history":[{"count":0,"href":"https:\/\/www.ufsm.br\/cursos\/tecnico\/santa-maria\/agrimensura\/wp-json\/wp\/v2\/pages\/161\/revisions"}],"wp:attachment":[{"href":"https:\/\/www.ufsm.br\/cursos\/tecnico\/santa-maria\/agrimensura\/wp-json\/wp\/v2\/media?parent=161"}],"wp:term":[{"taxonomy":"category","embeddable":true,"href":"https:\/\/www.ufsm.br\/cursos\/tecnico\/santa-maria\/agrimensura\/wp-json\/wp\/v2\/categories?post=161"},{"taxonomy":"post_tag","embeddable":true,"href":"https:\/\/www.ufsm.br\/cursos\/tecnico\/santa-maria\/agrimensura\/wp-json\/wp\/v2\/tags?post=161"}],"curies":[{"name":"wp","href":"https:\/\/api.w.org\/{rel}","templated":true}]}}