{"id":167,"date":"2025-06-02T16:10:18","date_gmt":"2025-06-02T19:10:18","guid":{"rendered":"https:\/\/www.ufsm.br\/cursos\/tecnico\/santa-maria\/agrimensura\/?page_id=167"},"modified":"2025-06-02T16:10:19","modified_gmt":"2025-06-02T19:10:19","slug":"requisitos-e-ingresso","status":"publish","type":"page","link":"https:\/\/www.ufsm.br\/cursos\/tecnico\/santa-maria\/agrimensura\/requisitos-e-ingresso","title":{"rendered":"Requisitos e Ingresso"},"content":{"rendered":"\n<p><strong>Ingresso<\/strong><\/p>\n\n\n\n<p>O ingresso no curso pode ocorrer por meio de:<\/p>\n\n\n\n<p>Ingresso principal, que garante a possibilidade de acesso a todos os m\u00f3dulos e ao t\u00edtulo de t\u00e9cnico, o qual ocorre por meio de processo de sele\u00e7\u00e3o, cujas normas e informa\u00e7\u00f5es sobre as inscri\u00e7\u00f5es, vagas, etapas de sele\u00e7\u00e3o e classifica\u00e7\u00e3o s\u00e3o publicadas em edital. \u00c9 condi\u00e7\u00e3o para essa forma de ingresso no curso, que os candidatos tenham conclu\u00eddo o Ensino M\u00e9dio ou equivalente. b) Ingresso de Portador de Diploma, para estudantes diplomados em Institui\u00e7\u00f5es de Ensino p\u00fablico ou privado, garante a possibilidade de acesso a todos os m\u00f3dulos e ao t\u00edtulo de t\u00e9cnico. Neste caso, ser\u00e1 determinado em edital o n\u00famero de vagas, os requisitos necess\u00e1rios e outras condi\u00e7\u00f5es, quando for o caso, observadas as normas vigentes no Col\u00e9gio Polit\u00e9cnico da UFSM.<\/p>\n\n\n\n<p><strong>Transfer\u00eancia<\/strong><\/p>\n\n\n\n<p>As transfer\u00eancias estar\u00e3o condicionadas \u00e0 exist\u00eancia de vaga, \u00e0 compatibilidade curricular e demais crit\u00e9rios constantes nas normas vigentes no Col\u00e9gio Polit\u00e9cnico da UFSM. As transfer\u00eancias podem ocorrer de dois modos: a) Transfer\u00eancia Interna: troca de curso de estudante do Col\u00e9gio Polit\u00e9cnico da UFSM, regularmente matriculado, para curso afim ou similar ao de origem; b) Transfer\u00eancia Externa: transfer\u00eancia de estudante de outra Institui\u00e7\u00e3o de Ensino, regularmente matriculado ou com trancamento de matr\u00edcula, em curso id\u00eantico, afim ou similar.<\/p>\n\n\n\n<p><strong>Reingresso<\/strong><\/p>\n\n\n\n<p>O reingresso \u00e9 a possibilidade de o estudante retornar ao curso a fim de conclu\u00ed-lo, ou cursar outros m\u00f3dulos qualificadores. Pode ocorrer de duas maneiras: a) Reingresso: retorno de ex-estudante do Col\u00e9gio Polit\u00e9cnico da UFSM para o Curso que abandonou; b) Reingresso com Transfer\u00eancia Interna: retorno de ex-estudante do Col\u00e9gio Polit\u00e9cnico da UFSM, que abandonou o curso e solicita reingresso em curso afim ou similar do Col\u00e9gio Polit\u00e9cnico da UFSM. O reingresso dos estudantes obedece \u00e0s normas vigentes no Col\u00e9gio Polit\u00e9cnico da UFSM.<\/p>\n","protected":false},"excerpt":{"rendered":"<p>Ingresso O ingresso no curso pode ocorrer por meio de: Ingresso principal, que garante a possibilidade de acesso a todos os m\u00f3dulos e ao t\u00edtulo de t\u00e9cnico, o qual ocorre por meio de processo de sele\u00e7\u00e3o, cujas normas e informa\u00e7\u00f5es sobre as inscri\u00e7\u00f5es, vagas, etapas de sele\u00e7\u00e3o e classifica\u00e7\u00e3o s\u00e3o publicadas em edital. \u00c9 condi\u00e7\u00e3o [&hellip;]<\/p>\n","protected":false},"author":6177,"featured_media":0,"parent":0,"menu_order":0,"comment_status":"closed","ping_status":"closed","template":"","meta":{"footnotes":""},"categories":[],"tags":[],"class_list":["post-167","page","type-page","status-publish","hentry"],"acf":[],"_links":{"self":[{"href":"https:\/\/www.ufsm.br\/cursos\/tecnico\/santa-maria\/agrimensura\/wp-json\/wp\/v2\/pages\/167","targetHints":{"allow":["GET"]}}],"collection":[{"href":"https:\/\/www.ufsm.br\/cursos\/tecnico\/santa-maria\/agrimensura\/wp-json\/wp\/v2\/pages"}],"about":[{"href":"https:\/\/www.ufsm.br\/cursos\/tecnico\/santa-maria\/agrimensura\/wp-json\/wp\/v2\/types\/page"}],"author":[{"embeddable":true,"href":"https:\/\/www.ufsm.br\/cursos\/tecnico\/santa-maria\/agrimensura\/wp-json\/wp\/v2\/users\/6177"}],"replies":[{"embeddable":true,"href":"https:\/\/www.ufsm.br\/cursos\/tecnico\/santa-maria\/agrimensura\/wp-json\/wp\/v2\/comments?post=167"}],"version-history":[{"count":0,"href":"https:\/\/www.ufsm.br\/cursos\/tecnico\/santa-maria\/agrimensura\/wp-json\/wp\/v2\/pages\/167\/revisions"}],"wp:attachment":[{"href":"https:\/\/www.ufsm.br\/cursos\/tecnico\/santa-maria\/agrimensura\/wp-json\/wp\/v2\/media?parent=167"}],"wp:term":[{"taxonomy":"category","embeddable":true,"href":"https:\/\/www.ufsm.br\/cursos\/tecnico\/santa-maria\/agrimensura\/wp-json\/wp\/v2\/categories?post=167"},{"taxonomy":"post_tag","embeddable":true,"href":"https:\/\/www.ufsm.br\/cursos\/tecnico\/santa-maria\/agrimensura\/wp-json\/wp\/v2\/tags?post=167"}],"curies":[{"name":"wp","href":"https:\/\/api.w.org\/{rel}","templated":true}]}}