{"id":162,"date":"2019-02-07T11:10:32","date_gmt":"2019-02-07T13:10:32","guid":{"rendered":"https:\/\/www.ufsm.br\/cursos\/tecnico\/santa-maria\/agropecuaria\/?page_id=162"},"modified":"2019-02-07T11:10:35","modified_gmt":"2019-02-07T13:10:35","slug":"titulo-conferido","status":"publish","type":"page","link":"https:\/\/www.ufsm.br\/cursos\/tecnico\/santa-maria\/agropecuaria\/titulo-conferido","title":{"rendered":"T\u00edtulo Conferido"},"content":{"rendered":"\n<p>Aos estudantes que conclu\u00edrem com aproveitamento todas as disciplinas previstas na organiza\u00e7\u00e3o curricular do curso e realizarem o est\u00e1gio supervisionado de habilita\u00e7\u00e3o profissional ser\u00e1 conferido o Diploma com o t\u00edtulo de\u00a0<strong>T\u00c9CNICO EM AGROPECU\u00c1RIA<\/strong>, no Eixo Tecnol\u00f3gico \u201cRECURSOS NATURAIS\u201d, de acordo com a Lei n\u00ba 9.394\/96, o Parecer CNE\/CEB n\u00ba 11\/2012, a Resolu\u00e7\u00e3o CNE\/CEB n\u00ba 06\/2012, o Decreto Federal n\u00ba 5154\/2004, o Parecer CNE\/CEB n\u00ba 11\/2008, a Resolu\u00e7\u00e3o CNE\/CEB n\u00ba 03\/2008 e a Portaria do MEC n\u00ba 870\/2008.<\/p>\n<p>Aos estudantes que obtiverem aproveitamento nas disciplinas relativas a um ou mais m\u00f3dulos qualificadores, ser\u00e1 concedido certificado de qualifica\u00e7\u00e3o profissional t\u00e9cnica referente ao(s) m\u00f3dulo(s) cursado(s), observando o que segue:<\/p>\n<ul>\n<li>M\u00f3dulo de Infraestrutura Agr\u00edcola &#8211; T\u00edtulo: Agente de Infraestrutura Agr\u00edcola<\/li>\n<li>M\u00f3dulo de Produ\u00e7\u00e3o Animal &#8211; T\u00edtulo: Agente de Produ\u00e7\u00e3o Animal<\/li>\n<li>M\u00f3dulo de Produ\u00e7\u00e3o Vegetal &#8211; T\u00edtulo: Agente de Produ\u00e7\u00e3o Vegetal<\/li>\n<\/ul>\n<p>Os diplomas e certificados ser\u00e3o acompanhados de hist\u00f3rico escolar no qual constar\u00e3o os componentes curriculares elencados na organiza\u00e7\u00e3o curricular, definidos pelo perfil profissional de conclus\u00e3o, as respectivas cargas hor\u00e1rias, frequ\u00eancias e aproveitamento dos concluintes, nos termos em que prev\u00ea o par\u00e1grafo quinto do Art. 38 da Resolu\u00e7\u00e3o CNE\/CEB n\u00ba 06\/2012.<\/p>\n","protected":false},"excerpt":{"rendered":"<p>Aos estudantes que conclu\u00edrem com aproveitamento todas as disciplinas previstas na organiza\u00e7\u00e3o curricular do curso e realizarem o est\u00e1gio supervisionado de habilita\u00e7\u00e3o profissional ser\u00e1 conferido o Diploma com o t\u00edtulo de\u00a0T\u00c9CNICO EM AGROPECU\u00c1RIA, no Eixo Tecnol\u00f3gico \u201cRECURSOS NATURAIS\u201d, de acordo com a Lei n\u00ba 9.394\/96, o Parecer CNE\/CEB n\u00ba 11\/2012, a Resolu\u00e7\u00e3o CNE\/CEB n\u00ba 06\/2012, [&hellip;]<\/p>\n","protected":false},"author":117,"featured_media":0,"parent":0,"menu_order":0,"comment_status":"closed","ping_status":"closed","template":"","meta":{"footnotes":""},"categories":[],"tags":[],"class_list":["post-162","page","type-page","status-publish","hentry"],"acf":[],"_links":{"self":[{"href":"https:\/\/www.ufsm.br\/cursos\/tecnico\/santa-maria\/agropecuaria\/wp-json\/wp\/v2\/pages\/162","targetHints":{"allow":["GET"]}}],"collection":[{"href":"https:\/\/www.ufsm.br\/cursos\/tecnico\/santa-maria\/agropecuaria\/wp-json\/wp\/v2\/pages"}],"about":[{"href":"https:\/\/www.ufsm.br\/cursos\/tecnico\/santa-maria\/agropecuaria\/wp-json\/wp\/v2\/types\/page"}],"author":[{"embeddable":true,"href":"https:\/\/www.ufsm.br\/cursos\/tecnico\/santa-maria\/agropecuaria\/wp-json\/wp\/v2\/users\/117"}],"replies":[{"embeddable":true,"href":"https:\/\/www.ufsm.br\/cursos\/tecnico\/santa-maria\/agropecuaria\/wp-json\/wp\/v2\/comments?post=162"}],"version-history":[{"count":0,"href":"https:\/\/www.ufsm.br\/cursos\/tecnico\/santa-maria\/agropecuaria\/wp-json\/wp\/v2\/pages\/162\/revisions"}],"wp:attachment":[{"href":"https:\/\/www.ufsm.br\/cursos\/tecnico\/santa-maria\/agropecuaria\/wp-json\/wp\/v2\/media?parent=162"}],"wp:term":[{"taxonomy":"category","embeddable":true,"href":"https:\/\/www.ufsm.br\/cursos\/tecnico\/santa-maria\/agropecuaria\/wp-json\/wp\/v2\/categories?post=162"},{"taxonomy":"post_tag","embeddable":true,"href":"https:\/\/www.ufsm.br\/cursos\/tecnico\/santa-maria\/agropecuaria\/wp-json\/wp\/v2\/tags?post=162"}],"curies":[{"name":"wp","href":"https:\/\/api.w.org\/{rel}","templated":true}]}}