{"id":156,"date":"2019-02-07T11:58:45","date_gmt":"2019-02-07T13:58:45","guid":{"rendered":"https:\/\/www.ufsm.br\/cursos\/tecnico\/santa-maria\/alimentos\/?page_id=156"},"modified":"2019-02-07T11:58:47","modified_gmt":"2019-02-07T13:58:47","slug":"sobre-o-curso","status":"publish","type":"page","link":"https:\/\/www.ufsm.br\/cursos\/tecnico\/santa-maria\/alimentos\/sobre-o-curso","title":{"rendered":"Sobre o Curso"},"content":{"rendered":"\n<p>T\u00edtulo: T\u00e9cnico em Alimentos<br \/>Eixo T\u00e9cnol\u00f3gico: Produ\u00e7\u00e3o aliment\u00edcia<br \/>Carga Hor\u00e1ria M\u00ednima: 1200 h<br \/>Carga Hor\u00e1ria de Est\u00e1gio ou TCC: 200 h<br \/>Carga Hor\u00e1ria Total: 1400 h<br \/>Modalidade: Sequencial P\u00f3s Ensino M\u00e9dio<\/p>\n<p><strong>Objetivo Geral do Curso<\/strong><\/p>\n<p>O Curso T\u00e9cnico em Alimentos visa formar profissionais habilitados a atuar de forma consciente no Setor de Alimentos, determinando tecnologias economicamente vi\u00e1veis, socialmente justas e ambientalmente sustent\u00e1veis na produ\u00e7\u00e3o de alimentos com qualidade.<\/p>\n","protected":false},"excerpt":{"rendered":"<p>T\u00edtulo: T\u00e9cnico em AlimentosEixo T\u00e9cnol\u00f3gico: Produ\u00e7\u00e3o aliment\u00edciaCarga Hor\u00e1ria M\u00ednima: 1200 hCarga Hor\u00e1ria de Est\u00e1gio ou TCC: 200 hCarga Hor\u00e1ria Total: 1400 hModalidade: Sequencial P\u00f3s Ensino M\u00e9dio Objetivo Geral do Curso O Curso T\u00e9cnico em Alimentos visa formar profissionais habilitados a atuar de forma consciente no Setor de Alimentos, determinando tecnologias economicamente vi\u00e1veis, socialmente justas e [&hellip;]<\/p>\n","protected":false},"author":117,"featured_media":0,"parent":0,"menu_order":0,"comment_status":"closed","ping_status":"closed","template":"","meta":{"footnotes":""},"categories":[],"tags":[],"class_list":["post-156","page","type-page","status-publish","hentry"],"acf":[],"_links":{"self":[{"href":"https:\/\/www.ufsm.br\/cursos\/tecnico\/santa-maria\/alimentos\/wp-json\/wp\/v2\/pages\/156","targetHints":{"allow":["GET"]}}],"collection":[{"href":"https:\/\/www.ufsm.br\/cursos\/tecnico\/santa-maria\/alimentos\/wp-json\/wp\/v2\/pages"}],"about":[{"href":"https:\/\/www.ufsm.br\/cursos\/tecnico\/santa-maria\/alimentos\/wp-json\/wp\/v2\/types\/page"}],"author":[{"embeddable":true,"href":"https:\/\/www.ufsm.br\/cursos\/tecnico\/santa-maria\/alimentos\/wp-json\/wp\/v2\/users\/117"}],"replies":[{"embeddable":true,"href":"https:\/\/www.ufsm.br\/cursos\/tecnico\/santa-maria\/alimentos\/wp-json\/wp\/v2\/comments?post=156"}],"version-history":[{"count":0,"href":"https:\/\/www.ufsm.br\/cursos\/tecnico\/santa-maria\/alimentos\/wp-json\/wp\/v2\/pages\/156\/revisions"}],"wp:attachment":[{"href":"https:\/\/www.ufsm.br\/cursos\/tecnico\/santa-maria\/alimentos\/wp-json\/wp\/v2\/media?parent=156"}],"wp:term":[{"taxonomy":"category","embeddable":true,"href":"https:\/\/www.ufsm.br\/cursos\/tecnico\/santa-maria\/alimentos\/wp-json\/wp\/v2\/categories?post=156"},{"taxonomy":"post_tag","embeddable":true,"href":"https:\/\/www.ufsm.br\/cursos\/tecnico\/santa-maria\/alimentos\/wp-json\/wp\/v2\/tags?post=156"}],"curies":[{"name":"wp","href":"https:\/\/api.w.org\/{rel}","templated":true}]}}