{"id":159,"date":"2019-02-07T12:00:26","date_gmt":"2019-02-07T14:00:26","guid":{"rendered":"https:\/\/www.ufsm.br\/cursos\/tecnico\/santa-maria\/alimentos\/?page_id=159"},"modified":"2019-02-07T12:00:29","modified_gmt":"2019-02-07T14:00:29","slug":"historico","status":"publish","type":"page","link":"https:\/\/www.ufsm.br\/cursos\/tecnico\/santa-maria\/alimentos\/historico","title":{"rendered":"Hist\u00f3rico"},"content":{"rendered":"\n<p>O Curso T\u00e9cnico em Alimentos foi aprovado na Sess\u00e3o 854 do Conselho de Ensino, Pesquisa e Extens\u00e3o, de 03 de outubro de 2014. Anteriormente, o curso denominava-se\u00a0<strong>T\u00e9cnico em Agroind\u00fastria<\/strong>, sendo que ap\u00f3s reformula\u00e7\u00f5es curriculares, teve sua denomina\u00e7\u00e3o alterada.<\/p>\n<p>O curr\u00edculo do curso foi elaborado considerando como marcos legais a Lei n\u00ba 9.394\/96, o Parecer CNE\/CEB n\u00ba 11\/2012, a Resolu\u00e7\u00e3o CNE\/CEB n\u00ba 06\/2012, o Decreto Federal n\u00ba 5154\/2004, o Parecer CNE\/CEB n\u00ba 11\/2008, a Resolu\u00e7\u00e3o CNE\/CEB n\u00ba 03\/2008 e a Portaria do MEC n\u00ba 870\/2008.<\/p>\n<p>A primeira turma do curso T\u00e9cnico em Agroind\u00fastria ingressou no ano de 2000 e, em 2015, ingressou a primeira turma do curso T\u00e9cnico em Alimentos.<\/p>\n","protected":false},"excerpt":{"rendered":"<p>O Curso T\u00e9cnico em Alimentos foi aprovado na Sess\u00e3o 854 do Conselho de Ensino, Pesquisa e Extens\u00e3o, de 03 de outubro de 2014. Anteriormente, o curso denominava-se\u00a0T\u00e9cnico em Agroind\u00fastria, sendo que ap\u00f3s reformula\u00e7\u00f5es curriculares, teve sua denomina\u00e7\u00e3o alterada. O curr\u00edculo do curso foi elaborado considerando como marcos legais a Lei n\u00ba 9.394\/96, o Parecer CNE\/CEB [&hellip;]<\/p>\n","protected":false},"author":117,"featured_media":0,"parent":0,"menu_order":0,"comment_status":"closed","ping_status":"closed","template":"","meta":{"footnotes":""},"categories":[],"tags":[],"class_list":["post-159","page","type-page","status-publish","hentry"],"acf":[],"_links":{"self":[{"href":"https:\/\/www.ufsm.br\/cursos\/tecnico\/santa-maria\/alimentos\/wp-json\/wp\/v2\/pages\/159","targetHints":{"allow":["GET"]}}],"collection":[{"href":"https:\/\/www.ufsm.br\/cursos\/tecnico\/santa-maria\/alimentos\/wp-json\/wp\/v2\/pages"}],"about":[{"href":"https:\/\/www.ufsm.br\/cursos\/tecnico\/santa-maria\/alimentos\/wp-json\/wp\/v2\/types\/page"}],"author":[{"embeddable":true,"href":"https:\/\/www.ufsm.br\/cursos\/tecnico\/santa-maria\/alimentos\/wp-json\/wp\/v2\/users\/117"}],"replies":[{"embeddable":true,"href":"https:\/\/www.ufsm.br\/cursos\/tecnico\/santa-maria\/alimentos\/wp-json\/wp\/v2\/comments?post=159"}],"version-history":[{"count":0,"href":"https:\/\/www.ufsm.br\/cursos\/tecnico\/santa-maria\/alimentos\/wp-json\/wp\/v2\/pages\/159\/revisions"}],"wp:attachment":[{"href":"https:\/\/www.ufsm.br\/cursos\/tecnico\/santa-maria\/alimentos\/wp-json\/wp\/v2\/media?parent=159"}],"wp:term":[{"taxonomy":"category","embeddable":true,"href":"https:\/\/www.ufsm.br\/cursos\/tecnico\/santa-maria\/alimentos\/wp-json\/wp\/v2\/categories?post=159"},{"taxonomy":"post_tag","embeddable":true,"href":"https:\/\/www.ufsm.br\/cursos\/tecnico\/santa-maria\/alimentos\/wp-json\/wp\/v2\/tags?post=159"}],"curies":[{"name":"wp","href":"https:\/\/api.w.org\/{rel}","templated":true}]}}