{"id":29,"date":"2018-01-18T09:10:07","date_gmt":"2018-01-18T11:10:07","guid":{"rendered":"https:\/\/www.ufsm.br\/cursos\/graduacao\/nutricao\/12352\/?page_id=29"},"modified":"2023-05-03T10:02:29","modified_gmt":"2023-05-03T13:02:29","slug":"contato","status":"publish","type":"page","link":"https:\/\/www.ufsm.br\/cursos\/tecnico\/santa-maria\/alimentos\/contato","title":{"rendered":"Contato"},"content":{"rendered":"\n<p>Sala: E09 \u2013 Bloco E<br>Fone: <a href=\"tel:+555532209420;233\">3220-9420 \u2013 Ramal 233<\/a><br>E-mail: <a href=\"tecnico.alimentos@ufsm.br\" target=\"_blank\" rel=\"noreferrer noopener\">tecnico.alimentos@ufsm.br<\/a><\/p>\n\n\n\n<h3 class=\"wp-block-heading\"><strong>Funcionamento<\/strong><\/h3>\n\n\n\n<p>Turno: Manh\u00e3<br>Hor\u00e1rio: Das 7h e 30 min \u00e0s 12h e 30 min.<\/p>\n","protected":false},"excerpt":{"rendered":"<p>Sala: E09 \u2013 Bloco EFone: 3220-9420 \u2013 Ramal 233E-mail: tecnico.alimentos@ufsm.br Funcionamento Turno: Manh\u00e3Hor\u00e1rio: Das 7h e 30 min \u00e0s 12h e 30 min.<\/p>\n","protected":false},"author":8,"featured_media":0,"parent":0,"menu_order":0,"comment_status":"closed","ping_status":"closed","template":"","meta":{"footnotes":""},"categories":[],"tags":[],"class_list":["post-29","page","type-page","status-publish","hentry"],"acf":[],"_links":{"self":[{"href":"https:\/\/www.ufsm.br\/cursos\/tecnico\/santa-maria\/alimentos\/wp-json\/wp\/v2\/pages\/29","targetHints":{"allow":["GET"]}}],"collection":[{"href":"https:\/\/www.ufsm.br\/cursos\/tecnico\/santa-maria\/alimentos\/wp-json\/wp\/v2\/pages"}],"about":[{"href":"https:\/\/www.ufsm.br\/cursos\/tecnico\/santa-maria\/alimentos\/wp-json\/wp\/v2\/types\/page"}],"author":[{"embeddable":true,"href":"https:\/\/www.ufsm.br\/cursos\/tecnico\/santa-maria\/alimentos\/wp-json\/wp\/v2\/users\/8"}],"replies":[{"embeddable":true,"href":"https:\/\/www.ufsm.br\/cursos\/tecnico\/santa-maria\/alimentos\/wp-json\/wp\/v2\/comments?post=29"}],"version-history":[{"count":0,"href":"https:\/\/www.ufsm.br\/cursos\/tecnico\/santa-maria\/alimentos\/wp-json\/wp\/v2\/pages\/29\/revisions"}],"wp:attachment":[{"href":"https:\/\/www.ufsm.br\/cursos\/tecnico\/santa-maria\/alimentos\/wp-json\/wp\/v2\/media?parent=29"}],"wp:term":[{"taxonomy":"category","embeddable":true,"href":"https:\/\/www.ufsm.br\/cursos\/tecnico\/santa-maria\/alimentos\/wp-json\/wp\/v2\/categories?post=29"},{"taxonomy":"post_tag","embeddable":true,"href":"https:\/\/www.ufsm.br\/cursos\/tecnico\/santa-maria\/alimentos\/wp-json\/wp\/v2\/tags?post=29"}],"curies":[{"name":"wp","href":"https:\/\/api.w.org\/{rel}","templated":true}]}}