{"id":155,"date":"2022-09-23T09:39:54","date_gmt":"2022-09-23T12:39:54","guid":{"rendered":"https:\/\/www.ufsm.br\/cursos\/tecnico\/santa-maria\/comercio\/?page_id=155"},"modified":"2023-04-27T11:01:48","modified_gmt":"2023-04-27T14:01:48","slug":"historico","status":"publish","type":"page","link":"https:\/\/www.ufsm.br\/cursos\/tecnico\/santa-maria\/comercio\/historico","title":{"rendered":"Hist\u00f3rico"},"content":{"rendered":"\n<p>O curso T\u00e9cnico em Com\u00e9rcio inicia seu funcionamento em 2023, com uma turma de 40 estudantes. A forma\u00e7\u00e3o pretendida para o profissional prev\u00ea a atua\u00e7\u00e3o no planejamento, organiza\u00e7\u00e3o, execu\u00e7\u00e3o e acompanhamento de atividades em organiza\u00e7\u00f5es comerciais, com esp\u00edrito cr\u00edtico, vis\u00e3o sist\u00eamica e foco em resultados sustent\u00e1veis.<\/p>\n","protected":false},"excerpt":{"rendered":"<p>O curso T\u00e9cnico em Com\u00e9rcio inicia seu funcionamento em 2023, com uma turma de 40 estudantes. A forma\u00e7\u00e3o pretendida para o profissional prev\u00ea a atua\u00e7\u00e3o no planejamento, organiza\u00e7\u00e3o, execu\u00e7\u00e3o e acompanhamento de atividades em organiza\u00e7\u00f5es comerciais, com esp\u00edrito cr\u00edtico, vis\u00e3o sist\u00eamica e foco em resultados sustent\u00e1veis.<\/p>\n","protected":false},"author":275,"featured_media":0,"parent":0,"menu_order":0,"comment_status":"closed","ping_status":"closed","template":"","meta":{"footnotes":""},"categories":[],"tags":[],"class_list":["post-155","page","type-page","status-publish","hentry"],"acf":[],"_links":{"self":[{"href":"https:\/\/www.ufsm.br\/cursos\/tecnico\/santa-maria\/comercio\/wp-json\/wp\/v2\/pages\/155","targetHints":{"allow":["GET"]}}],"collection":[{"href":"https:\/\/www.ufsm.br\/cursos\/tecnico\/santa-maria\/comercio\/wp-json\/wp\/v2\/pages"}],"about":[{"href":"https:\/\/www.ufsm.br\/cursos\/tecnico\/santa-maria\/comercio\/wp-json\/wp\/v2\/types\/page"}],"author":[{"embeddable":true,"href":"https:\/\/www.ufsm.br\/cursos\/tecnico\/santa-maria\/comercio\/wp-json\/wp\/v2\/users\/275"}],"replies":[{"embeddable":true,"href":"https:\/\/www.ufsm.br\/cursos\/tecnico\/santa-maria\/comercio\/wp-json\/wp\/v2\/comments?post=155"}],"version-history":[{"count":0,"href":"https:\/\/www.ufsm.br\/cursos\/tecnico\/santa-maria\/comercio\/wp-json\/wp\/v2\/pages\/155\/revisions"}],"wp:attachment":[{"href":"https:\/\/www.ufsm.br\/cursos\/tecnico\/santa-maria\/comercio\/wp-json\/wp\/v2\/media?parent=155"}],"wp:term":[{"taxonomy":"category","embeddable":true,"href":"https:\/\/www.ufsm.br\/cursos\/tecnico\/santa-maria\/comercio\/wp-json\/wp\/v2\/categories?post=155"},{"taxonomy":"post_tag","embeddable":true,"href":"https:\/\/www.ufsm.br\/cursos\/tecnico\/santa-maria\/comercio\/wp-json\/wp\/v2\/tags?post=155"}],"curies":[{"name":"wp","href":"https:\/\/api.w.org\/{rel}","templated":true}]}}