{"id":160,"date":"2022-09-23T09:53:02","date_gmt":"2022-09-23T12:53:02","guid":{"rendered":"https:\/\/www.ufsm.br\/cursos\/tecnico\/santa-maria\/comercio\/?page_id=160"},"modified":"2022-09-23T09:53:03","modified_gmt":"2022-09-23T12:53:03","slug":"organizacao-curricular","status":"publish","type":"page","link":"https:\/\/www.ufsm.br\/cursos\/tecnico\/santa-maria\/comercio\/organizacao-curricular","title":{"rendered":"Organiza\u00e7\u00e3o Curricular"},"content":{"rendered":"\n<p>Modular.<\/p>\n\n\n\n<h3 class=\"wp-block-heading\">M\u00f3dulos:<\/h3>\n\n\n\n<ul class=\"wp-block-list\"><li>M\u00f3dulo de Assistente Administrativo<\/li><li>M\u00f3dulo Assistente Comercial<\/li><li>M\u00f3dulo de Analista Comercial<\/li><\/ul>\n","protected":false},"excerpt":{"rendered":"<p>Modular. M\u00f3dulos: M\u00f3dulo de Assistente Administrativo M\u00f3dulo Assistente Comercial M\u00f3dulo de Analista Comercial<\/p>\n","protected":false},"author":275,"featured_media":0,"parent":0,"menu_order":0,"comment_status":"closed","ping_status":"closed","template":"","meta":{"footnotes":""},"categories":[],"tags":[],"class_list":["post-160","page","type-page","status-publish","hentry"],"acf":[],"_links":{"self":[{"href":"https:\/\/www.ufsm.br\/cursos\/tecnico\/santa-maria\/comercio\/wp-json\/wp\/v2\/pages\/160","targetHints":{"allow":["GET"]}}],"collection":[{"href":"https:\/\/www.ufsm.br\/cursos\/tecnico\/santa-maria\/comercio\/wp-json\/wp\/v2\/pages"}],"about":[{"href":"https:\/\/www.ufsm.br\/cursos\/tecnico\/santa-maria\/comercio\/wp-json\/wp\/v2\/types\/page"}],"author":[{"embeddable":true,"href":"https:\/\/www.ufsm.br\/cursos\/tecnico\/santa-maria\/comercio\/wp-json\/wp\/v2\/users\/275"}],"replies":[{"embeddable":true,"href":"https:\/\/www.ufsm.br\/cursos\/tecnico\/santa-maria\/comercio\/wp-json\/wp\/v2\/comments?post=160"}],"version-history":[{"count":0,"href":"https:\/\/www.ufsm.br\/cursos\/tecnico\/santa-maria\/comercio\/wp-json\/wp\/v2\/pages\/160\/revisions"}],"wp:attachment":[{"href":"https:\/\/www.ufsm.br\/cursos\/tecnico\/santa-maria\/comercio\/wp-json\/wp\/v2\/media?parent=160"}],"wp:term":[{"taxonomy":"category","embeddable":true,"href":"https:\/\/www.ufsm.br\/cursos\/tecnico\/santa-maria\/comercio\/wp-json\/wp\/v2\/categories?post=160"},{"taxonomy":"post_tag","embeddable":true,"href":"https:\/\/www.ufsm.br\/cursos\/tecnico\/santa-maria\/comercio\/wp-json\/wp\/v2\/tags?post=160"}],"curies":[{"name":"wp","href":"https:\/\/api.w.org\/{rel}","templated":true}]}}