{"id":156,"date":"2019-02-07T12:10:16","date_gmt":"2019-02-07T14:10:16","guid":{"rendered":"https:\/\/www.ufsm.br\/cursos\/tecnico\/santa-maria\/contabilidade\/?page_id=156"},"modified":"2019-02-07T12:10:18","modified_gmt":"2019-02-07T14:10:18","slug":"sobre-o-curso","status":"publish","type":"page","link":"https:\/\/www.ufsm.br\/cursos\/tecnico\/santa-maria\/contabilidade\/sobre-o-curso","title":{"rendered":"Sobre o Curso"},"content":{"rendered":"\n<p>T\u00edtulo: T\u00e9cnico em Contabilidade<br \/>Eixo Tecnol\u00f3gico: Gest\u00e3o e Neg\u00f3cios<br \/>Carga Hor\u00e1ria Total: 810 horas<br \/>Modalidade: Sequencial P\u00f3s Ensino M\u00e9dio<\/p>\n<div class=\"item-page\">\n<div>\n<p><strong>Objetivo Geral do Curso<\/strong><\/p>\n<p>O Curso T\u00e9cnico em Contabilidade visa a formar profissionais com compet\u00eancias t\u00e9cnicas e cient\u00edficas, e com capacidade de relacionamento humano, habilitados a compreender e aplicar as t\u00e9cnicas cont\u00e1beis, auxiliando a gest\u00e3o das organiza\u00e7\u00f5es.<\/p>\n<\/div>\n<\/div>\n","protected":false},"excerpt":{"rendered":"<p>T\u00edtulo: T\u00e9cnico em ContabilidadeEixo Tecnol\u00f3gico: Gest\u00e3o e Neg\u00f3ciosCarga Hor\u00e1ria Total: 810 horasModalidade: Sequencial P\u00f3s Ensino M\u00e9dio Objetivo Geral do Curso O Curso T\u00e9cnico em Contabilidade visa a formar profissionais com compet\u00eancias t\u00e9cnicas e cient\u00edficas, e com capacidade de relacionamento humano, habilitados a compreender e aplicar as t\u00e9cnicas cont\u00e1beis, auxiliando a gest\u00e3o das organiza\u00e7\u00f5es.<\/p>\n","protected":false},"author":117,"featured_media":0,"parent":0,"menu_order":0,"comment_status":"closed","ping_status":"closed","template":"","meta":{"footnotes":""},"categories":[],"tags":[],"class_list":["post-156","page","type-page","status-publish","hentry"],"acf":[],"_links":{"self":[{"href":"https:\/\/www.ufsm.br\/cursos\/tecnico\/santa-maria\/contabilidade\/wp-json\/wp\/v2\/pages\/156","targetHints":{"allow":["GET"]}}],"collection":[{"href":"https:\/\/www.ufsm.br\/cursos\/tecnico\/santa-maria\/contabilidade\/wp-json\/wp\/v2\/pages"}],"about":[{"href":"https:\/\/www.ufsm.br\/cursos\/tecnico\/santa-maria\/contabilidade\/wp-json\/wp\/v2\/types\/page"}],"author":[{"embeddable":true,"href":"https:\/\/www.ufsm.br\/cursos\/tecnico\/santa-maria\/contabilidade\/wp-json\/wp\/v2\/users\/117"}],"replies":[{"embeddable":true,"href":"https:\/\/www.ufsm.br\/cursos\/tecnico\/santa-maria\/contabilidade\/wp-json\/wp\/v2\/comments?post=156"}],"version-history":[{"count":0,"href":"https:\/\/www.ufsm.br\/cursos\/tecnico\/santa-maria\/contabilidade\/wp-json\/wp\/v2\/pages\/156\/revisions"}],"wp:attachment":[{"href":"https:\/\/www.ufsm.br\/cursos\/tecnico\/santa-maria\/contabilidade\/wp-json\/wp\/v2\/media?parent=156"}],"wp:term":[{"taxonomy":"category","embeddable":true,"href":"https:\/\/www.ufsm.br\/cursos\/tecnico\/santa-maria\/contabilidade\/wp-json\/wp\/v2\/categories?post=156"},{"taxonomy":"post_tag","embeddable":true,"href":"https:\/\/www.ufsm.br\/cursos\/tecnico\/santa-maria\/contabilidade\/wp-json\/wp\/v2\/tags?post=156"}],"curies":[{"name":"wp","href":"https:\/\/api.w.org\/{rel}","templated":true}]}}