{"id":159,"date":"2019-02-07T12:11:25","date_gmt":"2019-02-07T14:11:25","guid":{"rendered":"https:\/\/www.ufsm.br\/cursos\/tecnico\/santa-maria\/contabilidade\/?page_id=159"},"modified":"2019-02-07T12:11:27","modified_gmt":"2019-02-07T14:11:27","slug":"historico","status":"publish","type":"page","link":"https:\/\/www.ufsm.br\/cursos\/tecnico\/santa-maria\/contabilidade\/historico","title":{"rendered":"Hist\u00f3rico"},"content":{"rendered":"\n<p>O Curso T\u00e9cnico em Contabilidade do Col\u00e9gio Polit\u00e9cnico da UFSM teve seu funcionamento iniciado em 2011, com uma turma de 40 alunos, no turno noturno.<\/p>\n<p>A forma\u00e7\u00e3o pretendida para o profissional do Curso T\u00e9cnico em Contabilidade est\u00e1 voltada de forma priorit\u00e1ria para o atendimento da demanda do mercado. As possibilidades de mercado para o profissional cont\u00e1bil abrangem as mais diversas fun\u00e7\u00f5es nas \u00e1reas econ\u00f4mica, financeira e patrimonial das organiza\u00e7\u00f5es p\u00fablicas ou privadas, bem como a possibilidade de atua\u00e7\u00e3o como profissional aut\u00f4nomo em atividades de consultoria, assessoria e\/ou presta\u00e7\u00e3o de servi\u00e7os.<\/p>\n","protected":false},"excerpt":{"rendered":"<p>O Curso T\u00e9cnico em Contabilidade do Col\u00e9gio Polit\u00e9cnico da UFSM teve seu funcionamento iniciado em 2011, com uma turma de 40 alunos, no turno noturno. A forma\u00e7\u00e3o pretendida para o profissional do Curso T\u00e9cnico em Contabilidade est\u00e1 voltada de forma priorit\u00e1ria para o atendimento da demanda do mercado. As possibilidades de mercado para o profissional [&hellip;]<\/p>\n","protected":false},"author":117,"featured_media":0,"parent":0,"menu_order":0,"comment_status":"closed","ping_status":"closed","template":"","meta":{"footnotes":""},"categories":[],"tags":[],"class_list":["post-159","page","type-page","status-publish","hentry"],"acf":[],"_links":{"self":[{"href":"https:\/\/www.ufsm.br\/cursos\/tecnico\/santa-maria\/contabilidade\/wp-json\/wp\/v2\/pages\/159","targetHints":{"allow":["GET"]}}],"collection":[{"href":"https:\/\/www.ufsm.br\/cursos\/tecnico\/santa-maria\/contabilidade\/wp-json\/wp\/v2\/pages"}],"about":[{"href":"https:\/\/www.ufsm.br\/cursos\/tecnico\/santa-maria\/contabilidade\/wp-json\/wp\/v2\/types\/page"}],"author":[{"embeddable":true,"href":"https:\/\/www.ufsm.br\/cursos\/tecnico\/santa-maria\/contabilidade\/wp-json\/wp\/v2\/users\/117"}],"replies":[{"embeddable":true,"href":"https:\/\/www.ufsm.br\/cursos\/tecnico\/santa-maria\/contabilidade\/wp-json\/wp\/v2\/comments?post=159"}],"version-history":[{"count":0,"href":"https:\/\/www.ufsm.br\/cursos\/tecnico\/santa-maria\/contabilidade\/wp-json\/wp\/v2\/pages\/159\/revisions"}],"wp:attachment":[{"href":"https:\/\/www.ufsm.br\/cursos\/tecnico\/santa-maria\/contabilidade\/wp-json\/wp\/v2\/media?parent=159"}],"wp:term":[{"taxonomy":"category","embeddable":true,"href":"https:\/\/www.ufsm.br\/cursos\/tecnico\/santa-maria\/contabilidade\/wp-json\/wp\/v2\/categories?post=159"},{"taxonomy":"post_tag","embeddable":true,"href":"https:\/\/www.ufsm.br\/cursos\/tecnico\/santa-maria\/contabilidade\/wp-json\/wp\/v2\/tags?post=159"}],"curies":[{"name":"wp","href":"https:\/\/api.w.org\/{rel}","templated":true}]}}