{"id":161,"date":"2019-02-07T12:12:32","date_gmt":"2019-02-07T14:12:32","guid":{"rendered":"https:\/\/www.ufsm.br\/cursos\/tecnico\/santa-maria\/contabilidade\/?page_id=161"},"modified":"2019-02-07T12:12:34","modified_gmt":"2019-02-07T14:12:34","slug":"perfil-profissional","status":"publish","type":"page","link":"https:\/\/www.ufsm.br\/cursos\/tecnico\/santa-maria\/contabilidade\/perfil-profissional","title":{"rendered":"Perfil Profissional"},"content":{"rendered":"\n<p>O\u00a0<strong>T\u00e9cnico em Contabilidade<\/strong>\u00a0do Eixo Tecnol\u00f3gico de Gest\u00e3o e Neg\u00f3cios caracteriza-se como um profissional comprometido com o desenvolvimento social e econ\u00f4mico, respeitando valores \u00e9ticos, morais, culturais, sociais e ecol\u00f3gicos, com compet\u00eancias profissionais que o qualificam a exercer as seguintes fun\u00e7\u00f5es:<\/p>\n<ul>\n<li>dar suporte na \u00e1rea cont\u00e1bil em qualquer setor econ\u00f4mico, atendendo a diferentes tipos de organiza\u00e7\u00f5es;<\/li>\n<li>utilizar instrumentos de inform\u00e1tica, registrando atos e fatos administrativos;<\/li>\n<li>elaborar, analisar e projetar demonstrativos cont\u00e1beis;<\/li>\n<li>elaborar relat\u00f3rios t\u00e9cnicos;<\/li>\n<li>auxiliar na elabora\u00e7\u00e3o de indicadores e na gest\u00e3o cont\u00e1bil e financeira;<\/li>\n<li>realizar procedimentos cont\u00e1beis de abertura, desenvolvimento e encerramento das atividades empresariais;<\/li>\n<li>conhecer e auxiliar na interpreta\u00e7\u00e3o e na aplica\u00e7\u00e3o da legisla\u00e7\u00e3o relacionada ao contexto das organiza\u00e7\u00f5es.<\/li>\n<\/ul>\n","protected":false},"excerpt":{"rendered":"<p>O\u00a0T\u00e9cnico em Contabilidade\u00a0do Eixo Tecnol\u00f3gico de Gest\u00e3o e Neg\u00f3cios caracteriza-se como um profissional comprometido com o desenvolvimento social e econ\u00f4mico, respeitando valores \u00e9ticos, morais, culturais, sociais e ecol\u00f3gicos, com compet\u00eancias profissionais que o qualificam a exercer as seguintes fun\u00e7\u00f5es: dar suporte na \u00e1rea cont\u00e1bil em qualquer setor econ\u00f4mico, atendendo a diferentes tipos de organiza\u00e7\u00f5es; utilizar [&hellip;]<\/p>\n","protected":false},"author":117,"featured_media":0,"parent":0,"menu_order":0,"comment_status":"closed","ping_status":"closed","template":"","meta":{"footnotes":""},"categories":[],"tags":[],"class_list":["post-161","page","type-page","status-publish","hentry"],"acf":[],"_links":{"self":[{"href":"https:\/\/www.ufsm.br\/cursos\/tecnico\/santa-maria\/contabilidade\/wp-json\/wp\/v2\/pages\/161","targetHints":{"allow":["GET"]}}],"collection":[{"href":"https:\/\/www.ufsm.br\/cursos\/tecnico\/santa-maria\/contabilidade\/wp-json\/wp\/v2\/pages"}],"about":[{"href":"https:\/\/www.ufsm.br\/cursos\/tecnico\/santa-maria\/contabilidade\/wp-json\/wp\/v2\/types\/page"}],"author":[{"embeddable":true,"href":"https:\/\/www.ufsm.br\/cursos\/tecnico\/santa-maria\/contabilidade\/wp-json\/wp\/v2\/users\/117"}],"replies":[{"embeddable":true,"href":"https:\/\/www.ufsm.br\/cursos\/tecnico\/santa-maria\/contabilidade\/wp-json\/wp\/v2\/comments?post=161"}],"version-history":[{"count":0,"href":"https:\/\/www.ufsm.br\/cursos\/tecnico\/santa-maria\/contabilidade\/wp-json\/wp\/v2\/pages\/161\/revisions"}],"wp:attachment":[{"href":"https:\/\/www.ufsm.br\/cursos\/tecnico\/santa-maria\/contabilidade\/wp-json\/wp\/v2\/media?parent=161"}],"wp:term":[{"taxonomy":"category","embeddable":true,"href":"https:\/\/www.ufsm.br\/cursos\/tecnico\/santa-maria\/contabilidade\/wp-json\/wp\/v2\/categories?post=161"},{"taxonomy":"post_tag","embeddable":true,"href":"https:\/\/www.ufsm.br\/cursos\/tecnico\/santa-maria\/contabilidade\/wp-json\/wp\/v2\/tags?post=161"}],"curies":[{"name":"wp","href":"https:\/\/api.w.org\/{rel}","templated":true}]}}