{"id":160,"date":"2019-02-08T09:10:09","date_gmt":"2019-02-08T11:10:09","guid":{"rendered":"https:\/\/www.ufsm.br\/cursos\/tecnico\/santa-maria\/enfermagem\/?page_id=160"},"modified":"2022-08-16T09:18:49","modified_gmt":"2022-08-16T12:18:49","slug":"historico","status":"publish","type":"page","link":"https:\/\/www.ufsm.br\/cursos\/tecnico\/santa-maria\/enfermagem\/historico","title":{"rendered":"Hist\u00f3rico"},"content":{"rendered":"\n<p>O Curso T\u00e9cnico em Enfermagem iniciou seu funcionamento em mar\u00e7o de 2018, com uma turma de 30 estudantes, no turno da noite. A forma\u00e7\u00e3o pretendida para o profissional prev\u00ea a atua\u00e7\u00e3o no Sistema \u00danico de Sa\u00fade com vis\u00e3o cr\u00edtica, racioc\u00ednio cl\u00ednico e compreens\u00e3o da realidade, para atuar junto \u00e0 equipe multiprofissional na promo\u00e7\u00e3o, recupera\u00e7\u00e3o e reabilita\u00e7\u00e3o da sa\u00fade e preven\u00e7\u00e3o de agravos, com postura humanizada, \u00e9tica profissional e pessoal.<\/p>\n","protected":false},"excerpt":{"rendered":"<p>O Curso T\u00e9cnico em Enfermagem iniciou seu funcionamento em mar\u00e7o de 2018, com uma turma de 30 estudantes, no turno da noite. A forma\u00e7\u00e3o pretendida para o profissional prev\u00ea a atua\u00e7\u00e3o no Sistema \u00danico de Sa\u00fade com vis\u00e3o cr\u00edtica, racioc\u00ednio cl\u00ednico e compreens\u00e3o da realidade, para atuar junto \u00e0 equipe multiprofissional na promo\u00e7\u00e3o, recupera\u00e7\u00e3o e [&hellip;]<\/p>\n","protected":false},"author":117,"featured_media":0,"parent":0,"menu_order":0,"comment_status":"closed","ping_status":"closed","template":"","meta":{"footnotes":""},"categories":[],"tags":[],"class_list":["post-160","page","type-page","status-publish","hentry"],"acf":[],"_links":{"self":[{"href":"https:\/\/www.ufsm.br\/cursos\/tecnico\/santa-maria\/enfermagem\/wp-json\/wp\/v2\/pages\/160","targetHints":{"allow":["GET"]}}],"collection":[{"href":"https:\/\/www.ufsm.br\/cursos\/tecnico\/santa-maria\/enfermagem\/wp-json\/wp\/v2\/pages"}],"about":[{"href":"https:\/\/www.ufsm.br\/cursos\/tecnico\/santa-maria\/enfermagem\/wp-json\/wp\/v2\/types\/page"}],"author":[{"embeddable":true,"href":"https:\/\/www.ufsm.br\/cursos\/tecnico\/santa-maria\/enfermagem\/wp-json\/wp\/v2\/users\/117"}],"replies":[{"embeddable":true,"href":"https:\/\/www.ufsm.br\/cursos\/tecnico\/santa-maria\/enfermagem\/wp-json\/wp\/v2\/comments?post=160"}],"version-history":[{"count":0,"href":"https:\/\/www.ufsm.br\/cursos\/tecnico\/santa-maria\/enfermagem\/wp-json\/wp\/v2\/pages\/160\/revisions"}],"wp:attachment":[{"href":"https:\/\/www.ufsm.br\/cursos\/tecnico\/santa-maria\/enfermagem\/wp-json\/wp\/v2\/media?parent=160"}],"wp:term":[{"taxonomy":"category","embeddable":true,"href":"https:\/\/www.ufsm.br\/cursos\/tecnico\/santa-maria\/enfermagem\/wp-json\/wp\/v2\/categories?post=160"},{"taxonomy":"post_tag","embeddable":true,"href":"https:\/\/www.ufsm.br\/cursos\/tecnico\/santa-maria\/enfermagem\/wp-json\/wp\/v2\/tags?post=160"}],"curies":[{"name":"wp","href":"https:\/\/api.w.org\/{rel}","templated":true}]}}