{"id":156,"date":"2019-02-07T12:31:14","date_gmt":"2019-02-07T14:31:14","guid":{"rendered":"https:\/\/www.ufsm.br\/cursos\/tecnico\/santa-maria\/farmacia\/?page_id=156"},"modified":"2019-02-07T12:31:17","modified_gmt":"2019-02-07T14:31:17","slug":"sobre-o-curso","status":"publish","type":"page","link":"https:\/\/www.ufsm.br\/cursos\/tecnico\/santa-maria\/farmacia\/sobre-o-curso","title":{"rendered":"Sobre o Curso"},"content":{"rendered":"\n<p>T\u00edtulo: T\u00e9cnico em Farm\u00e1cia<br \/>Eixo Tecnol\u00f3gico: Ambiente e Sa\u00fade<br \/>Carga Hor\u00e1ria: 1200 horas<br \/>Carga Hor\u00e1ria do Est\u00e1gio: 300 horas<br \/>Carga Hor\u00e1ria Total: 1500 horas<br \/>Modalidade: O Curso \u00e9 oferecido na modalidade subsequente (P\u00f3s-Ensino M\u00e9dio), diurno, com curr\u00edculo modulado.<\/p>\n<p><strong>Objetivo Geral do Curso T\u00e9cnico em Farm\u00e1cia<\/strong><\/p>\n<p class=\"text-justify\">O Curso T\u00e9cnico em Farm\u00e1cia visa a formar profissionais da sa\u00fade habilitados a atuar de forma \u00e9tica e consciente no setor farmac\u00eautico, como auxiliares na manipula\u00e7\u00e3o, organiza\u00e7\u00e3o e distribui\u00e7\u00e3o de produtos farmac\u00eauticos e em servi\u00e7os relacionados \u00e0 assist\u00eancia em sa\u00fade farmac\u00eautica, sob a supervis\u00e3o de um farmac\u00eautico.<\/p>\n","protected":false},"excerpt":{"rendered":"<p>T\u00edtulo: T\u00e9cnico em Farm\u00e1ciaEixo Tecnol\u00f3gico: Ambiente e Sa\u00fadeCarga Hor\u00e1ria: 1200 horasCarga Hor\u00e1ria do Est\u00e1gio: 300 horasCarga Hor\u00e1ria Total: 1500 horasModalidade: O Curso \u00e9 oferecido na modalidade subsequente (P\u00f3s-Ensino M\u00e9dio), diurno, com curr\u00edculo modulado. Objetivo Geral do Curso T\u00e9cnico em Farm\u00e1cia O Curso T\u00e9cnico em Farm\u00e1cia visa a formar profissionais da sa\u00fade habilitados a atuar de [&hellip;]<\/p>\n","protected":false},"author":117,"featured_media":0,"parent":0,"menu_order":0,"comment_status":"closed","ping_status":"closed","template":"","meta":{"footnotes":""},"categories":[],"tags":[],"class_list":["post-156","page","type-page","status-publish","hentry"],"acf":[],"_links":{"self":[{"href":"https:\/\/www.ufsm.br\/cursos\/tecnico\/santa-maria\/farmacia\/wp-json\/wp\/v2\/pages\/156","targetHints":{"allow":["GET"]}}],"collection":[{"href":"https:\/\/www.ufsm.br\/cursos\/tecnico\/santa-maria\/farmacia\/wp-json\/wp\/v2\/pages"}],"about":[{"href":"https:\/\/www.ufsm.br\/cursos\/tecnico\/santa-maria\/farmacia\/wp-json\/wp\/v2\/types\/page"}],"author":[{"embeddable":true,"href":"https:\/\/www.ufsm.br\/cursos\/tecnico\/santa-maria\/farmacia\/wp-json\/wp\/v2\/users\/117"}],"replies":[{"embeddable":true,"href":"https:\/\/www.ufsm.br\/cursos\/tecnico\/santa-maria\/farmacia\/wp-json\/wp\/v2\/comments?post=156"}],"version-history":[{"count":0,"href":"https:\/\/www.ufsm.br\/cursos\/tecnico\/santa-maria\/farmacia\/wp-json\/wp\/v2\/pages\/156\/revisions"}],"wp:attachment":[{"href":"https:\/\/www.ufsm.br\/cursos\/tecnico\/santa-maria\/farmacia\/wp-json\/wp\/v2\/media?parent=156"}],"wp:term":[{"taxonomy":"category","embeddable":true,"href":"https:\/\/www.ufsm.br\/cursos\/tecnico\/santa-maria\/farmacia\/wp-json\/wp\/v2\/categories?post=156"},{"taxonomy":"post_tag","embeddable":true,"href":"https:\/\/www.ufsm.br\/cursos\/tecnico\/santa-maria\/farmacia\/wp-json\/wp\/v2\/tags?post=156"}],"curies":[{"name":"wp","href":"https:\/\/api.w.org\/{rel}","templated":true}]}}