{"id":29,"date":"2018-01-18T09:10:07","date_gmt":"2018-01-18T11:10:07","guid":{"rendered":"https:\/\/www.ufsm.br\/cursos\/graduacao\/nutricao\/12352\/?page_id=29"},"modified":"2025-07-22T14:09:25","modified_gmt":"2025-07-22T17:09:25","slug":"contato","status":"publish","type":"page","link":"https:\/\/www.ufsm.br\/cursos\/tecnico\/santa-maria\/farmacia\/contato","title":{"rendered":"Contato"},"content":{"rendered":"<p>Sala: F212B &#8211; Bloco F<br \/>\nFone: (55) 3220-9419 &#8211; Ramal 259<br \/>\n<span id=\"cloake60e9acee2f64304a59f059081a86c50\"><\/span><strong>E-mail:<\/strong> <a href=\"http:\/\/tecnico.farmacia@ufsm.br\">tecnico.farmacia@ufsm.br<\/a><\/p>\n<p><strong>Funcionamento<\/strong><\/p>\n<p>Turno: Manh\u00e3<br \/>\nHor\u00e1rio: Das 07h30min \u00e0s 12h30min<\/p>\n","protected":false},"excerpt":{"rendered":"<p>Sala: F212B &#8211; Bloco F Fone: (55) 3220-9419 &#8211; Ramal 259 E-mail: tecnico.farmacia@ufsm.br Funcionamento Turno: Manh\u00e3 Hor\u00e1rio: Das 07h30min \u00e0s 12h30min<\/p>\n","protected":false},"author":8,"featured_media":0,"parent":0,"menu_order":0,"comment_status":"closed","ping_status":"closed","template":"","meta":{"footnotes":""},"categories":[],"tags":[],"class_list":["post-29","page","type-page","status-publish","hentry"],"acf":[],"_links":{"self":[{"href":"https:\/\/www.ufsm.br\/cursos\/tecnico\/santa-maria\/farmacia\/wp-json\/wp\/v2\/pages\/29","targetHints":{"allow":["GET"]}}],"collection":[{"href":"https:\/\/www.ufsm.br\/cursos\/tecnico\/santa-maria\/farmacia\/wp-json\/wp\/v2\/pages"}],"about":[{"href":"https:\/\/www.ufsm.br\/cursos\/tecnico\/santa-maria\/farmacia\/wp-json\/wp\/v2\/types\/page"}],"author":[{"embeddable":true,"href":"https:\/\/www.ufsm.br\/cursos\/tecnico\/santa-maria\/farmacia\/wp-json\/wp\/v2\/users\/8"}],"replies":[{"embeddable":true,"href":"https:\/\/www.ufsm.br\/cursos\/tecnico\/santa-maria\/farmacia\/wp-json\/wp\/v2\/comments?post=29"}],"version-history":[{"count":0,"href":"https:\/\/www.ufsm.br\/cursos\/tecnico\/santa-maria\/farmacia\/wp-json\/wp\/v2\/pages\/29\/revisions"}],"wp:attachment":[{"href":"https:\/\/www.ufsm.br\/cursos\/tecnico\/santa-maria\/farmacia\/wp-json\/wp\/v2\/media?parent=29"}],"wp:term":[{"taxonomy":"category","embeddable":true,"href":"https:\/\/www.ufsm.br\/cursos\/tecnico\/santa-maria\/farmacia\/wp-json\/wp\/v2\/categories?post=29"},{"taxonomy":"post_tag","embeddable":true,"href":"https:\/\/www.ufsm.br\/cursos\/tecnico\/santa-maria\/farmacia\/wp-json\/wp\/v2\/tags?post=29"}],"curies":[{"name":"wp","href":"https:\/\/api.w.org\/{rel}","templated":true}]}}