{"id":160,"date":"2019-02-08T09:47:32","date_gmt":"2019-02-08T11:47:32","guid":{"rendered":"https:\/\/www.ufsm.br\/cursos\/tecnico\/santa-maria\/geoprocessamento\/?page_id=160"},"modified":"2019-02-08T09:47:34","modified_gmt":"2019-02-08T11:47:34","slug":"historico","status":"publish","type":"page","link":"https:\/\/www.ufsm.br\/cursos\/tecnico\/santa-maria\/geoprocessamento\/historico","title":{"rendered":"Hist\u00f3rico"},"content":{"rendered":"\n<p>O Curso T\u00e9cnico em Geom\u00e1tica foi aprovado na Sess\u00e3o 618 do Conselho de Ensino Pesquisa e Extens\u00e3o, de 19 de novembro de 2002, autorizando a cria\u00e7\u00e3o do mesmo na \u00c1rea Profissional de Geom\u00e1tica, segundo os termos da Resolu\u00e7\u00e3o CNE\/CEB 04\/99.<\/p>\n<p>No ano de 2010, o curso passou por uma reformula\u00e7\u00e3o curricular, passando a totalizar 1.000 horas de aula, mais 200 horas de est\u00e1gio supervisionado, inserindo-se no Eixo Tecnol\u00f3gico de Infraestrutura, conforme o Cat\u00e1logo Nacional de Cursos T\u00e9cnicos.<\/p>\n<p>No ano de 2014, o Curso passa por uma nova reformula\u00e7\u00e3o curricular totalizando 1205 horas, sendo 180 horas cursadas em Disciplinas Transversais, 390 horas no m\u00f3dulo qualificador &#8211; Gera\u00e7\u00e3o de Informa\u00e7\u00f5es Espaciais e 435 horas na etapa de estudos em Sensoriamento Remoto e Sistemas de Informa\u00e7\u00f5es Geogr\u00e1ficas. Ao t\u00e9rmino do Curso o aluno ter\u00e1 que realizar o Est\u00e1gio de Habilita\u00e7\u00e3o Profissional, ou desenvolver um Trabalho de Conclus\u00e3o do Curso (TCC), com dura\u00e7\u00e3o m\u00ednima de 200 horas.<\/p>\n","protected":false},"excerpt":{"rendered":"<p>O Curso T\u00e9cnico em Geom\u00e1tica foi aprovado na Sess\u00e3o 618 do Conselho de Ensino Pesquisa e Extens\u00e3o, de 19 de novembro de 2002, autorizando a cria\u00e7\u00e3o do mesmo na \u00c1rea Profissional de Geom\u00e1tica, segundo os termos da Resolu\u00e7\u00e3o CNE\/CEB 04\/99. No ano de 2010, o curso passou por uma reformula\u00e7\u00e3o curricular, passando a totalizar 1.000 [&hellip;]<\/p>\n","protected":false},"author":117,"featured_media":0,"parent":0,"menu_order":0,"comment_status":"closed","ping_status":"closed","template":"","meta":{"footnotes":""},"categories":[],"tags":[],"class_list":["post-160","page","type-page","status-publish","hentry"],"acf":[],"_links":{"self":[{"href":"https:\/\/www.ufsm.br\/cursos\/tecnico\/santa-maria\/geoprocessamento\/wp-json\/wp\/v2\/pages\/160","targetHints":{"allow":["GET"]}}],"collection":[{"href":"https:\/\/www.ufsm.br\/cursos\/tecnico\/santa-maria\/geoprocessamento\/wp-json\/wp\/v2\/pages"}],"about":[{"href":"https:\/\/www.ufsm.br\/cursos\/tecnico\/santa-maria\/geoprocessamento\/wp-json\/wp\/v2\/types\/page"}],"author":[{"embeddable":true,"href":"https:\/\/www.ufsm.br\/cursos\/tecnico\/santa-maria\/geoprocessamento\/wp-json\/wp\/v2\/users\/117"}],"replies":[{"embeddable":true,"href":"https:\/\/www.ufsm.br\/cursos\/tecnico\/santa-maria\/geoprocessamento\/wp-json\/wp\/v2\/comments?post=160"}],"version-history":[{"count":0,"href":"https:\/\/www.ufsm.br\/cursos\/tecnico\/santa-maria\/geoprocessamento\/wp-json\/wp\/v2\/pages\/160\/revisions"}],"wp:attachment":[{"href":"https:\/\/www.ufsm.br\/cursos\/tecnico\/santa-maria\/geoprocessamento\/wp-json\/wp\/v2\/media?parent=160"}],"wp:term":[{"taxonomy":"category","embeddable":true,"href":"https:\/\/www.ufsm.br\/cursos\/tecnico\/santa-maria\/geoprocessamento\/wp-json\/wp\/v2\/categories?post=160"},{"taxonomy":"post_tag","embeddable":true,"href":"https:\/\/www.ufsm.br\/cursos\/tecnico\/santa-maria\/geoprocessamento\/wp-json\/wp\/v2\/tags?post=160"}],"curies":[{"name":"wp","href":"https:\/\/api.w.org\/{rel}","templated":true}]}}