{"id":162,"date":"2019-02-08T09:48:33","date_gmt":"2019-02-08T11:48:33","guid":{"rendered":"https:\/\/www.ufsm.br\/cursos\/tecnico\/santa-maria\/geoprocessamento\/?page_id=162"},"modified":"2019-02-08T09:48:36","modified_gmt":"2019-02-08T11:48:36","slug":"perfil-profissional","status":"publish","type":"page","link":"https:\/\/www.ufsm.br\/cursos\/tecnico\/santa-maria\/geoprocessamento\/perfil-profissional","title":{"rendered":"Perfil Profissional"},"content":{"rendered":"\n<p>O T\u00e9cnico em Geoprocessamento do Eixo Tecnol\u00f3gico de Infraestrutura caracteriza-se como profissional comprometido com o desenvolvimento social e econ\u00f4mico, respeitando valores \u00e9ticos, morais, culturais, sociais e ecol\u00f3gicos e com compet\u00eancias profissionais que o qualifiquem a:<\/p>\n<ul>\n<li>Aplicar os princ\u00edpios da trigonometria e da geometria anal\u00edtica na aquisi\u00e7\u00e3o de dados georreferenciados.<\/li>\n<li>Conhecer os princ\u00edpios f\u00edsicos interferentes na emiss\u00e3o, transmiss\u00e3o e recep\u00e7\u00e3o de sinais, para a localiza\u00e7\u00e3o de pontos na superf\u00edcie terrestre e forma\u00e7\u00e3o de imagens.<\/li>\n<li>Operar equipamentos de inform\u00e1tica, utilizando aplicativos para edi\u00e7\u00e3o de texto, planilha eletr\u00f4nica e gerador de apresenta\u00e7\u00f5es.<\/li>\n<li>Conhecer as estrat\u00e9gias e normas do desenho t\u00e9cnico.<\/li>\n<li>Utilizar ferramentas computacionais para armazenamento e an\u00e1lise de dados espaciais.<\/li>\n<li>Utilizar normas t\u00e9cnicas na elabora\u00e7\u00e3o de relat\u00f3rios, projetos de pesquisa e de est\u00e1gio na \u00e1rea de Geoprocessamento.<\/li>\n<li>Conhecer os instrumentos estat\u00edsticos para inferir sobre popula\u00e7\u00f5es com base em amostras aplicadas \u00e0 \u00e1rea de Geoprocessamento.<\/li>\n<li>Conhecer a legisla\u00e7\u00e3o pertinente \u00e0 \u00e1rea de atua\u00e7\u00e3o do Geoprocessamento.<\/li>\n<li>Executar e representar levantamentos topogr\u00e1ficos planialtim\u00e9tricos utilizando m\u00e9todos e equipamentos adequados.<\/li>\n<li>Conhecer os m\u00e9todos de levantamentos cadastrais de fei\u00e7\u00f5es do terreno.<\/li>\n<li>Operar equipamentos e ferramentas de coleta e tratamento de dados obtidos por sistemas de posicionamento global por sat\u00e9lites.<\/li>\n<li>Utilizar ferramentas de desenho auxiliado por computador, na representa\u00e7\u00e3o de dados geoprocessados.<\/li>\n<li>Conhecer os conceitos da cartografia para espacializa\u00e7\u00e3o de dados georreferenciados.<\/li>\n<li>Selecionar material, identificar e interpretar alvos e extrair informa\u00e7\u00f5es de fotografias a\u00e9reas.<\/li>\n<li>Utilizar ferramentas computacionais de fotogrametria digital para gera\u00e7\u00e3o de mapas e modelos de eleva\u00e7\u00e3o do terreno.<\/li>\n<li>Conhecer os principais sistemas sensores remotos e trabalhar com imagens digitais para geoprocessamento.<\/li>\n<li>Utilizar Sistemas de Informa\u00e7\u00f5es Geogr\u00e1ficas para an\u00e1lise de dados georreferenciados.<\/li>\n<li>Projetar cadastros t\u00e9cnicos urbanos e rurais multifinalit\u00e1rios.<\/li>\n<li>Elaborar e desenvolver um projeto t\u00e9cnico-cient\u00edfico em uma das \u00e1reas de atua\u00e7\u00e3o do geoprocessamento.<\/li>\n<\/ul>\n","protected":false},"excerpt":{"rendered":"<p>O T\u00e9cnico em Geoprocessamento do Eixo Tecnol\u00f3gico de Infraestrutura caracteriza-se como profissional comprometido com o desenvolvimento social e econ\u00f4mico, respeitando valores \u00e9ticos, morais, culturais, sociais e ecol\u00f3gicos e com compet\u00eancias profissionais que o qualifiquem a: Aplicar os princ\u00edpios da trigonometria e da geometria anal\u00edtica na aquisi\u00e7\u00e3o de dados georreferenciados. Conhecer os princ\u00edpios f\u00edsicos interferentes na [&hellip;]<\/p>\n","protected":false},"author":117,"featured_media":0,"parent":0,"menu_order":0,"comment_status":"closed","ping_status":"closed","template":"","meta":{"footnotes":""},"categories":[],"tags":[],"class_list":["post-162","page","type-page","status-publish","hentry"],"acf":[],"_links":{"self":[{"href":"https:\/\/www.ufsm.br\/cursos\/tecnico\/santa-maria\/geoprocessamento\/wp-json\/wp\/v2\/pages\/162","targetHints":{"allow":["GET"]}}],"collection":[{"href":"https:\/\/www.ufsm.br\/cursos\/tecnico\/santa-maria\/geoprocessamento\/wp-json\/wp\/v2\/pages"}],"about":[{"href":"https:\/\/www.ufsm.br\/cursos\/tecnico\/santa-maria\/geoprocessamento\/wp-json\/wp\/v2\/types\/page"}],"author":[{"embeddable":true,"href":"https:\/\/www.ufsm.br\/cursos\/tecnico\/santa-maria\/geoprocessamento\/wp-json\/wp\/v2\/users\/117"}],"replies":[{"embeddable":true,"href":"https:\/\/www.ufsm.br\/cursos\/tecnico\/santa-maria\/geoprocessamento\/wp-json\/wp\/v2\/comments?post=162"}],"version-history":[{"count":0,"href":"https:\/\/www.ufsm.br\/cursos\/tecnico\/santa-maria\/geoprocessamento\/wp-json\/wp\/v2\/pages\/162\/revisions"}],"wp:attachment":[{"href":"https:\/\/www.ufsm.br\/cursos\/tecnico\/santa-maria\/geoprocessamento\/wp-json\/wp\/v2\/media?parent=162"}],"wp:term":[{"taxonomy":"category","embeddable":true,"href":"https:\/\/www.ufsm.br\/cursos\/tecnico\/santa-maria\/geoprocessamento\/wp-json\/wp\/v2\/categories?post=162"},{"taxonomy":"post_tag","embeddable":true,"href":"https:\/\/www.ufsm.br\/cursos\/tecnico\/santa-maria\/geoprocessamento\/wp-json\/wp\/v2\/tags?post=162"}],"curies":[{"name":"wp","href":"https:\/\/api.w.org\/{rel}","templated":true}]}}