{"id":163,"date":"2019-02-08T09:48:55","date_gmt":"2019-02-08T11:48:55","guid":{"rendered":"https:\/\/www.ufsm.br\/cursos\/tecnico\/santa-maria\/geoprocessamento\/?page_id=163"},"modified":"2019-02-08T09:48:57","modified_gmt":"2019-02-08T11:48:57","slug":"titulo-conferido","status":"publish","type":"page","link":"https:\/\/www.ufsm.br\/cursos\/tecnico\/santa-maria\/geoprocessamento\/titulo-conferido","title":{"rendered":"T\u00edtulo Conferido"},"content":{"rendered":"\n<p>Aos estudantes que adquirirem todas as compet\u00eancias previstas na organiza\u00e7\u00e3o curricular do curso ser\u00e1 conferido o Diploma com o t\u00edtulo de:\u00a0<strong>T\u00c9CNICO EM GEOPROCESSAMENTO,<\/strong>\u00a0no Eixo Tecnol\u00f3gico \u201cInfraestrutura\u201d, de acordo com a Lei 9.394\/96, o Parecer CNE\/CEB n\u00ba 11\/2012, a Resolu\u00e7\u00e3o CNE\/CEB 06\/2012, o Decreto Federal N\u00ba 5154\/2004, o Parecer CNE\/CEB N\u00ba 11\/2008, a Resolu\u00e7\u00e3o CNE\/CEB 03\/2008 e a Portaria do MEC n\u00ba 870\/2008.<br \/>Aos estudantes que adquirirem as compet\u00eancias relativas ao m\u00f3dulo qualificador Agente de Gera\u00e7\u00e3o de Informa\u00e7\u00f5es Espaciais, ser\u00e1 concedido certificado de qualifica\u00e7\u00e3o profissional t\u00e9cnica referente ao m\u00f3dulo cursado, observando o que segue:<\/p>\n<ul>\n<li>M\u00f3dulo de Gera\u00e7\u00e3o de Informa\u00e7\u00f5es Espaciais &#8211;\u00a0<strong>T\u00edtulo: Agente de Gera\u00e7\u00e3o de Informa\u00e7\u00f5es Espaciais<\/strong><\/li>\n<\/ul>\n<p>Os diplomas e certificados ser\u00e3o acompanhados de hist\u00f3rico escolar no qual constar\u00e3o os componentes curriculares elencadas na organiza\u00e7\u00e3o curricular, definidos pelo perfil profissional de conclus\u00e3o, as respectivas cargas hor\u00e1rias, frequ\u00eancias e aproveitamento dos concluintes, nos termos em que prev\u00ea o par\u00e1grafo quinto do Art. 38 da Resolu\u00e7\u00e3o CNE\/CEB 06\/2012.<\/p>\n","protected":false},"excerpt":{"rendered":"<p>Aos estudantes que adquirirem todas as compet\u00eancias previstas na organiza\u00e7\u00e3o curricular do curso ser\u00e1 conferido o Diploma com o t\u00edtulo de:\u00a0T\u00c9CNICO EM GEOPROCESSAMENTO,\u00a0no Eixo Tecnol\u00f3gico \u201cInfraestrutura\u201d, de acordo com a Lei 9.394\/96, o Parecer CNE\/CEB n\u00ba 11\/2012, a Resolu\u00e7\u00e3o CNE\/CEB 06\/2012, o Decreto Federal N\u00ba 5154\/2004, o Parecer CNE\/CEB N\u00ba 11\/2008, a Resolu\u00e7\u00e3o CNE\/CEB 03\/2008 [&hellip;]<\/p>\n","protected":false},"author":117,"featured_media":0,"parent":0,"menu_order":0,"comment_status":"closed","ping_status":"closed","template":"","meta":{"footnotes":""},"categories":[],"tags":[],"class_list":["post-163","page","type-page","status-publish","hentry"],"acf":[],"_links":{"self":[{"href":"https:\/\/www.ufsm.br\/cursos\/tecnico\/santa-maria\/geoprocessamento\/wp-json\/wp\/v2\/pages\/163","targetHints":{"allow":["GET"]}}],"collection":[{"href":"https:\/\/www.ufsm.br\/cursos\/tecnico\/santa-maria\/geoprocessamento\/wp-json\/wp\/v2\/pages"}],"about":[{"href":"https:\/\/www.ufsm.br\/cursos\/tecnico\/santa-maria\/geoprocessamento\/wp-json\/wp\/v2\/types\/page"}],"author":[{"embeddable":true,"href":"https:\/\/www.ufsm.br\/cursos\/tecnico\/santa-maria\/geoprocessamento\/wp-json\/wp\/v2\/users\/117"}],"replies":[{"embeddable":true,"href":"https:\/\/www.ufsm.br\/cursos\/tecnico\/santa-maria\/geoprocessamento\/wp-json\/wp\/v2\/comments?post=163"}],"version-history":[{"count":0,"href":"https:\/\/www.ufsm.br\/cursos\/tecnico\/santa-maria\/geoprocessamento\/wp-json\/wp\/v2\/pages\/163\/revisions"}],"wp:attachment":[{"href":"https:\/\/www.ufsm.br\/cursos\/tecnico\/santa-maria\/geoprocessamento\/wp-json\/wp\/v2\/media?parent=163"}],"wp:term":[{"taxonomy":"category","embeddable":true,"href":"https:\/\/www.ufsm.br\/cursos\/tecnico\/santa-maria\/geoprocessamento\/wp-json\/wp\/v2\/categories?post=163"},{"taxonomy":"post_tag","embeddable":true,"href":"https:\/\/www.ufsm.br\/cursos\/tecnico\/santa-maria\/geoprocessamento\/wp-json\/wp\/v2\/tags?post=163"}],"curies":[{"name":"wp","href":"https:\/\/api.w.org\/{rel}","templated":true}]}}