{"id":177,"date":"2019-02-08T09:57:34","date_gmt":"2019-02-08T11:57:34","guid":{"rendered":"https:\/\/www.ufsm.br\/cursos\/tecnico\/santa-maria\/geoprocessamento\/?page_id=177"},"modified":"2019-02-08T09:57:38","modified_gmt":"2019-02-08T11:57:38","slug":"links-uteis","status":"publish","type":"page","link":"https:\/\/www.ufsm.br\/cursos\/tecnico\/santa-maria\/geoprocessamento\/links-uteis","title":{"rendered":"Links \u00dateis"},"content":{"rendered":"\n<ul>\n<li><a href=\"http:\/\/www.capes.gov.br\/\">CAPES<\/a><\/li>\n\u00a0\n<li><a href=\"http:\/\/cgee.org.br\/\">CGEE<\/a><\/li>\n\u00a0\n<li><a href=\"http:\/\/www.crea-rs.org.br\/site\/index.php\">CREA-RS<\/a><\/li>\n\u00a0\n<li><a href=\"http:\/\/www.cnpq.br\/\">CNPq<\/a><\/li>\n\u00a0\u00a0\n<li><a href=\"https:\/\/www.embrapa.br\/\">EMBRAPA<\/a><\/li>\n\u00a0\n<li><a href=\"http:\/\/www.engesat.com.br\/\">ENGESAT<\/a><\/li>\n\u00a0\n<li><a href=\"http:\/\/www.esteio.com.br\/\">ESTEIO<\/a><\/li>\n\u00a0\n<li><a href=\"http:\/\/www.fapergs.rs.gov.br\/\">FAPERGS<\/a><\/li>\n\u00a0\n<li><a href=\"http:\/\/www.fepam.rs.gov.br\/\">FEPAM<\/a><\/li>\n\u00a0\n<li><a href=\"http:\/\/www.ibge.gov.br\/home\/\">IBGE<\/a><\/li>\n\u00a0\n<li><a href=\"http:\/\/www.ibama.gov.br\/\">IBAMA<\/a><\/li>\n\u00a0\n<li><a href=\"http:\/\/iplan.santamaria.rs.gov.br\/\">IPLAN<\/a><\/li>\n\u00a0\n<li><a href=\"http:\/\/www.incra.gov.br\/\">INCRA<\/a><\/li>\n\u00a0\n<li><a href=\"http:\/\/www.inpe.br\/\">INPE<\/a><\/li>\n\u00a0\n<li><a href=\"http:\/\/www.mct.gov.br\/\">MINIST\u00c9RIO DE CI\u00caNCIA E TECNOLOGIA<\/a><\/li>\n\u00a0\n<li><a href=\"http:\/\/portal.mec.gov.br\/\">MINIST\u00c9RIO DA EDUCA\u00c7\u00c3O<\/a><\/li>\n\u00a0\n<li><a href=\"http:\/\/www.rnp.br\/\">REDE NACIONAL DE PESQUISA<\/a><\/li>\n\u00a0\n<li><a href=\"http:\/\/www.cartografia.org.br\/\">SOCIEDADE BRASILEIRA DE CARTOGRAFIA<\/a><\/li>\n\u00a0\n<li><a href=\"http:\/\/www.topocart.com.br\/topo\/\">TOPOCART<\/a><\/li>\n\u00a0\n<li><a href=\"http:\/\/www.1dl.eb.mil.br\/\">1\u00b0 DIVIS\u00c3O LEVANTAMENTO<\/a><\/li>\n\u00a0<\/ul>\n","protected":false},"excerpt":{"rendered":"<p>CAPES \u00a0 CGEE \u00a0 CREA-RS \u00a0 CNPq \u00a0\u00a0 EMBRAPA \u00a0 ENGESAT \u00a0 ESTEIO \u00a0 FAPERGS \u00a0 FEPAM \u00a0 IBGE \u00a0 IBAMA \u00a0 IPLAN \u00a0 INCRA \u00a0 INPE \u00a0 MINIST\u00c9RIO DE CI\u00caNCIA E TECNOLOGIA \u00a0 MINIST\u00c9RIO DA EDUCA\u00c7\u00c3O \u00a0 REDE NACIONAL DE PESQUISA \u00a0 SOCIEDADE BRASILEIRA DE CARTOGRAFIA \u00a0 TOPOCART \u00a0 1\u00b0 DIVIS\u00c3O LEVANTAMENTO \u00a0<\/p>\n","protected":false},"author":117,"featured_media":0,"parent":0,"menu_order":0,"comment_status":"closed","ping_status":"closed","template":"","meta":{"footnotes":""},"categories":[],"tags":[],"class_list":["post-177","page","type-page","status-publish","hentry"],"acf":[],"_links":{"self":[{"href":"https:\/\/www.ufsm.br\/cursos\/tecnico\/santa-maria\/geoprocessamento\/wp-json\/wp\/v2\/pages\/177","targetHints":{"allow":["GET"]}}],"collection":[{"href":"https:\/\/www.ufsm.br\/cursos\/tecnico\/santa-maria\/geoprocessamento\/wp-json\/wp\/v2\/pages"}],"about":[{"href":"https:\/\/www.ufsm.br\/cursos\/tecnico\/santa-maria\/geoprocessamento\/wp-json\/wp\/v2\/types\/page"}],"author":[{"embeddable":true,"href":"https:\/\/www.ufsm.br\/cursos\/tecnico\/santa-maria\/geoprocessamento\/wp-json\/wp\/v2\/users\/117"}],"replies":[{"embeddable":true,"href":"https:\/\/www.ufsm.br\/cursos\/tecnico\/santa-maria\/geoprocessamento\/wp-json\/wp\/v2\/comments?post=177"}],"version-history":[{"count":0,"href":"https:\/\/www.ufsm.br\/cursos\/tecnico\/santa-maria\/geoprocessamento\/wp-json\/wp\/v2\/pages\/177\/revisions"}],"wp:attachment":[{"href":"https:\/\/www.ufsm.br\/cursos\/tecnico\/santa-maria\/geoprocessamento\/wp-json\/wp\/v2\/media?parent=177"}],"wp:term":[{"taxonomy":"category","embeddable":true,"href":"https:\/\/www.ufsm.br\/cursos\/tecnico\/santa-maria\/geoprocessamento\/wp-json\/wp\/v2\/categories?post=177"},{"taxonomy":"post_tag","embeddable":true,"href":"https:\/\/www.ufsm.br\/cursos\/tecnico\/santa-maria\/geoprocessamento\/wp-json\/wp\/v2\/tags?post=177"}],"curies":[{"name":"wp","href":"https:\/\/api.w.org\/{rel}","templated":true}]}}