{"id":165,"date":"2023-09-13T16:54:48","date_gmt":"2023-09-13T19:54:48","guid":{"rendered":"https:\/\/www.ufsm.br\/cursos\/tecnico\/santa-maria\/informatica-para-internet\/?page_id=165"},"modified":"2023-09-27T16:42:05","modified_gmt":"2023-09-27T19:42:05","slug":"organizacao-curricular","status":"publish","type":"page","link":"https:\/\/www.ufsm.br\/cursos\/tecnico\/santa-maria\/informatica-para-internet\/organizacao-curricular","title":{"rendered":"Organiza\u00e7\u00e3o Curricular"},"content":{"rendered":"\n<p><strong>M\u00f3dulos:<\/strong><\/p>\n\n\n\n<ul class=\"wp-block-list\">\n<li>Qualifica\u00e7\u00e3o em Desenvolvedor de P\u00e1ginas para Internet<\/li>\n\n\n\n<li>Qualifica\u00e7\u00e3o em  Programador Web<\/li>\n\n\n\n<li>Qualifica\u00e7\u00e3o em Programador de Dispositivos M\u00f3veis<\/li>\n<\/ul>\n\n\n<div class=\"wp-block-image is-style-default\">\n<figure class=\"aligncenter size-large is-resized\"><img fetchpriority=\"high\" decoding=\"async\" src=\"https:\/\/www.ufsm.br\/app\/uploads\/sites\/912\/2023\/09\/FluxogramaCurricular-1024x567.png\" alt=\"\" class=\"wp-image-166\" width=\"724\" height=\"401\" srcset=\"https:\/\/www.ufsm.br\/app\/uploads\/sites\/912\/2023\/09\/FluxogramaCurricular-1024x567.png 1024w, https:\/\/www.ufsm.br\/app\/uploads\/sites\/912\/2023\/09\/FluxogramaCurricular-300x166.png 300w, https:\/\/www.ufsm.br\/app\/uploads\/sites\/912\/2023\/09\/FluxogramaCurricular-768x425.png 768w, https:\/\/www.ufsm.br\/app\/uploads\/sites\/912\/2023\/09\/FluxogramaCurricular.png 1230w\" sizes=\"(max-width: 724px) 100vw, 724px\" \/><\/figure>\n<\/div>\n\n\n<h2 class=\"wp-block-heading\"><strong>Disciplinas por M\u00f3dulo<\/strong>:<\/h2>\n\n\n\n<p><strong>DESENVOLVEDOR DE P\u00c1GINAS PARA INTERNET (300h)<\/strong><\/p>\n\n\n\n<ul class=\"wp-block-list\">\n<li>Algoritmos e Programa\u00e7\u00e3o<\/li>\n\n\n\n<li>Introdu\u00e7\u00e3o a Inform\u00e1tica para Internet<\/li>\n\n\n\n<li>Constru\u00e7\u00e3o de P\u00e1ginas Web<\/li>\n\n\n\n<li>Design de Interfaces<\/li>\n<\/ul>\n\n\n\n<p><strong>PROGRAMADOR WEB (450h)<\/strong><\/p>\n\n\n\n<ul class=\"wp-block-list\">\n<li>Algoritmos e Programa\u00e7\u00e3o<\/li>\n\n\n\n<li>Constru\u00e7\u00e3o de P\u00e1ginas Web<\/li>\n\n\n\n<li>Programa\u00e7\u00e3o Orientada a Objetos<\/li>\n\n\n\n<li>Banco de Dados<\/li>\n\n\n\n<li>Engenharia de Software<\/li>\n\n\n\n<li>Programa\u00e7\u00e3o para Web&nbsp;<\/li>\n<\/ul>\n\n\n\n<p><strong>PROGRAMADOR DE DISPOSITIVOS M\u00d3VEIS (330h)<\/strong><\/p>\n\n\n\n<ul class=\"wp-block-list\">\n<li>Algoritmos e Programa\u00e7\u00e3o<\/li>\n\n\n\n<li>Programa\u00e7\u00e3o Orientada a Objetos<\/li>\n\n\n\n<li>Banco de Dados<\/li>\n\n\n\n<li>Programa\u00e7\u00e3o para Dispositivos M\u00f3veis<\/li>\n<\/ul>\n","protected":false},"excerpt":{"rendered":"<p>M\u00f3dulos: Disciplinas por M\u00f3dulo: DESENVOLVEDOR DE P\u00c1GINAS PARA INTERNET (300h) PROGRAMADOR WEB (450h) PROGRAMADOR DE DISPOSITIVOS M\u00d3VEIS (330h)<\/p>\n","protected":false},"author":931,"featured_media":0,"parent":0,"menu_order":0,"comment_status":"closed","ping_status":"closed","template":"","meta":{"footnotes":""},"categories":[],"tags":[],"class_list":["post-165","page","type-page","status-publish","hentry"],"acf":[],"_links":{"self":[{"href":"https:\/\/www.ufsm.br\/cursos\/tecnico\/santa-maria\/informatica-para-internet\/wp-json\/wp\/v2\/pages\/165","targetHints":{"allow":["GET"]}}],"collection":[{"href":"https:\/\/www.ufsm.br\/cursos\/tecnico\/santa-maria\/informatica-para-internet\/wp-json\/wp\/v2\/pages"}],"about":[{"href":"https:\/\/www.ufsm.br\/cursos\/tecnico\/santa-maria\/informatica-para-internet\/wp-json\/wp\/v2\/types\/page"}],"author":[{"embeddable":true,"href":"https:\/\/www.ufsm.br\/cursos\/tecnico\/santa-maria\/informatica-para-internet\/wp-json\/wp\/v2\/users\/931"}],"replies":[{"embeddable":true,"href":"https:\/\/www.ufsm.br\/cursos\/tecnico\/santa-maria\/informatica-para-internet\/wp-json\/wp\/v2\/comments?post=165"}],"version-history":[{"count":0,"href":"https:\/\/www.ufsm.br\/cursos\/tecnico\/santa-maria\/informatica-para-internet\/wp-json\/wp\/v2\/pages\/165\/revisions"}],"wp:attachment":[{"href":"https:\/\/www.ufsm.br\/cursos\/tecnico\/santa-maria\/informatica-para-internet\/wp-json\/wp\/v2\/media?parent=165"}],"wp:term":[{"taxonomy":"category","embeddable":true,"href":"https:\/\/www.ufsm.br\/cursos\/tecnico\/santa-maria\/informatica-para-internet\/wp-json\/wp\/v2\/categories?post=165"},{"taxonomy":"post_tag","embeddable":true,"href":"https:\/\/www.ufsm.br\/cursos\/tecnico\/santa-maria\/informatica-para-internet\/wp-json\/wp\/v2\/tags?post=165"}],"curies":[{"name":"wp","href":"https:\/\/api.w.org\/{rel}","templated":true}]}}