{"id":157,"date":"2019-02-08T09:32:29","date_gmt":"2019-02-08T11:32:29","guid":{"rendered":"https:\/\/www.ufsm.br\/cursos\/tecnico\/santa-maria\/informatica\/?page_id=157"},"modified":"2023-01-23T11:46:12","modified_gmt":"2023-01-23T14:46:12","slug":"organizacao-curricular","status":"publish","type":"page","link":"https:\/\/www.ufsm.br\/cursos\/tecnico\/santa-maria\/informatica\/organizacao-curricular","title":{"rendered":"Organiza\u00e7\u00e3o Curricular"},"content":{"rendered":"\n<h4 class=\"text-justify\"><strong>M\u00f3dulos:<\/strong><\/h4>\n<ul>\n<li class=\"text-justify\">Qualifica\u00e7\u00e3o em Desenvolvedor de P\u00e1ginas para Internet<\/li>\n<li>Qualifica\u00e7\u00e3o em Programador de Sistemas Web<\/li>\n<li>Qualifica\u00e7\u00e3o em Montador e Reparador de Computadores<\/li>\n<li>Qualifica\u00e7\u00e3o em Instalador e Reparador de Redes de Computadores<\/li>\n<\/ul>\n<div id='gallery-1' class='gallery galleryid-157 gallery-columns-1 gallery-size-full'><figure class='gallery-item'>\n\t\t\t<div class='gallery-icon landscape'>\n\t\t\t\t<a href='https:\/\/www.ufsm.br\/cursos\/tecnico\/santa-maria\/informatica\/organizacao-curricular\/fluxograma-projeto-curso-2023'><img fetchpriority=\"high\" decoding=\"async\" width=\"908\" height=\"562\" src=\"https:\/\/www.ufsm.br\/app\/uploads\/sites\/584\/2023\/01\/fluxograma-projeto-curso-2023.png\" class=\"attachment-full size-full\" alt=\"\" srcset=\"https:\/\/www.ufsm.br\/app\/uploads\/sites\/584\/2023\/01\/fluxograma-projeto-curso-2023.png 908w, https:\/\/www.ufsm.br\/app\/uploads\/sites\/584\/2023\/01\/fluxograma-projeto-curso-2023-300x186.png 300w, https:\/\/www.ufsm.br\/app\/uploads\/sites\/584\/2023\/01\/fluxograma-projeto-curso-2023-768x475.png 768w\" sizes=\"(max-width: 908px) 100vw, 908px\" \/><\/a>\n\t\t\t<\/div><\/figure>\n\t\t<\/div>\n\n\n\n\n<hr class=\"wp-block-separator has-text-color has-black-color has-alpha-channel-opacity has-black-background-color has-background is-style-wide\" \/>\n\n\n\n<p class=\"has-medium-font-size\"><strong>DISCIPLINAS POR M\u00d3DULO<\/strong><\/p>\n\n\n\n<h3 class=\"wp-block-heading\" style=\"font-size:15px\">I) DESENVOLVEDOR DE P\u00c1GINAS PARA INTERNET (240h)<\/h3>\n\n\n\n<ol class=\"wp-block-list\" type=\"1\">\n<li>Algoritmos e Programa\u00e7\u00e3o<\/li>\n\n\n\n<li>Introdu\u00e7\u00e3o \u00e0 Computa\u00e7\u00e3o<\/li>\n\n\n\n<li>Constru\u00e7\u00e3o de P\u00e1ginas web<\/li>\n<\/ol>\n\n\n\n<h3 class=\"wp-block-heading\" style=\"font-size:15px\">II) PROGRAMADOR DE SISTEMAS WEB (420h)<\/h3>\n\n\n\n<ol class=\"wp-block-list\" type=\"1\">\n<li>Algoritmos e Programa\u00e7\u00e3o<\/li>\n\n\n\n<li>Constru\u00e7\u00e3o de P\u00e1ginas web<\/li>\n\n\n\n<li>Programa\u00e7\u00e3o Orientada a Objetos<\/li>\n\n\n\n<li>Engenharia de Software<\/li>\n\n\n\n<li>Banco de Dados<\/li>\n\n\n\n<li>Programa\u00e7\u00e3o para Web<\/li>\n<\/ol>\n\n\n\n<h3 class=\"wp-block-heading\" style=\"font-size:15px\">III) MONTADOR E REPARADOR DE COMPUTADORES (300h)<\/h3>\n\n\n\n<ol class=\"wp-block-list\" type=\"1\">\n<li>Introdu\u00e7\u00e3o a Computa\u00e7\u00e3o<\/li>\n\n\n\n<li>Arquitetura de Computadores<\/li>\n\n\n\n<li>Montagem e Manuten\u00e7\u00e3o de Computadores<\/li>\n\n\n\n<li>Sistemas Operacionais Propriet\u00e1rio<\/li>\n\n\n\n<li>Sistemas Operacionais Livre<\/li>\n<\/ol>\n\n\n\n<h3 class=\"wp-block-heading\" style=\"font-size:15px\">IV) INSTALADOR E REPARADOR DE REDES DE COMPUTADORES (300h)<\/h3>\n\n\n\n<ol class=\"wp-block-list\" type=\"1\">\n<li>Introdu\u00e7\u00e3o a Computa\u00e7\u00e3o<\/li>\n\n\n\n<li>Sistemas Operacionais Propriet\u00e1rio<\/li>\n\n\n\n<li>Sistemas Operacionais Livre<\/li>\n\n\n\n<li>Redes de Computadores I<\/li>\n\n\n\n<li>Redes de Computadores II<\/li>\n<\/ol>\n\n\n\n<p style=\"font-size:15px\"><strong>DISCIPLINAS COMPLEMENTARES<\/strong><\/p>\n\n\n\n<ol class=\"wp-block-list\">\n<li>Desenvolvimento de Aplica\u00e7\u00f5es para Web<\/li>\n\n\n\n<li>Design de Interfaces<\/li>\n\n\n\n<li>Linguagem e Express\u00e3o<\/li>\n\n\n\n<li>Programa\u00e7\u00e3o Comercial<\/li>\n\n\n\n<li>Projeto Integrador<\/li>\n\n\n\n<li>Semin\u00e1rios de Forma\u00e7\u00e3o<\/li>\n<\/ol>\n","protected":false},"excerpt":{"rendered":"<p>M\u00f3dulos: Qualifica\u00e7\u00e3o em Desenvolvedor de P\u00e1ginas para Internet Qualifica\u00e7\u00e3o em Programador de Sistemas Web Qualifica\u00e7\u00e3o em Montador e Reparador de Computadores Qualifica\u00e7\u00e3o em Instalador e Reparador de Redes de Computadores DISCIPLINAS POR M\u00d3DULO I) DESENVOLVEDOR DE P\u00c1GINAS PARA INTERNET (240h) II) PROGRAMADOR DE SISTEMAS WEB (420h) III) MONTADOR E REPARADOR DE COMPUTADORES (300h) IV) INSTALADOR [&hellip;]<\/p>\n","protected":false},"author":117,"featured_media":0,"parent":0,"menu_order":0,"comment_status":"closed","ping_status":"closed","template":"","meta":{"footnotes":""},"categories":[],"tags":[],"class_list":["post-157","page","type-page","status-publish","hentry"],"acf":[],"_links":{"self":[{"href":"https:\/\/www.ufsm.br\/cursos\/tecnico\/santa-maria\/informatica\/wp-json\/wp\/v2\/pages\/157","targetHints":{"allow":["GET"]}}],"collection":[{"href":"https:\/\/www.ufsm.br\/cursos\/tecnico\/santa-maria\/informatica\/wp-json\/wp\/v2\/pages"}],"about":[{"href":"https:\/\/www.ufsm.br\/cursos\/tecnico\/santa-maria\/informatica\/wp-json\/wp\/v2\/types\/page"}],"author":[{"embeddable":true,"href":"https:\/\/www.ufsm.br\/cursos\/tecnico\/santa-maria\/informatica\/wp-json\/wp\/v2\/users\/117"}],"replies":[{"embeddable":true,"href":"https:\/\/www.ufsm.br\/cursos\/tecnico\/santa-maria\/informatica\/wp-json\/wp\/v2\/comments?post=157"}],"version-history":[{"count":0,"href":"https:\/\/www.ufsm.br\/cursos\/tecnico\/santa-maria\/informatica\/wp-json\/wp\/v2\/pages\/157\/revisions"}],"wp:attachment":[{"href":"https:\/\/www.ufsm.br\/cursos\/tecnico\/santa-maria\/informatica\/wp-json\/wp\/v2\/media?parent=157"}],"wp:term":[{"taxonomy":"category","embeddable":true,"href":"https:\/\/www.ufsm.br\/cursos\/tecnico\/santa-maria\/informatica\/wp-json\/wp\/v2\/categories?post=157"},{"taxonomy":"post_tag","embeddable":true,"href":"https:\/\/www.ufsm.br\/cursos\/tecnico\/santa-maria\/informatica\/wp-json\/wp\/v2\/tags?post=157"}],"curies":[{"name":"wp","href":"https:\/\/api.w.org\/{rel}","templated":true}]}}