{"id":163,"date":"2019-02-08T09:36:24","date_gmt":"2019-02-08T11:36:24","guid":{"rendered":"https:\/\/www.ufsm.br\/cursos\/tecnico\/santa-maria\/informatica\/?page_id=163"},"modified":"2023-01-23T18:01:57","modified_gmt":"2023-01-23T21:01:57","slug":"titulo-conferido","status":"publish","type":"page","link":"https:\/\/www.ufsm.br\/cursos\/tecnico\/santa-maria\/informatica\/titulo-conferido","title":{"rendered":"T\u00edtulo Conferido"},"content":{"rendered":"\n<p style=\"font-weight: 400\">Aos estudantes que conclu\u00edrem com aproveitamento todas as disciplinas previstas na organiza\u00e7\u00e3o curricular do curso ser\u00e1 conferido o Diploma com o t\u00edtulo de T\u00c9CNICO EM INFORM\u00c1TICA, no Eixo Tecnol\u00f3gico \u201cInforma\u00e7\u00e3o e Comunica\u00e7\u00e3o\u201d, de acordo com a Lei n\u00ba 9.394\/96, o Parecer CNE\/CEB n\u00ba 17\/2020, a Resolu\u00e7\u00e3o CNE\/CP n\u00ba 01\/2021, o Decreto Federal n\u00ba 5154\/2004, o Parecer CNE\/CEB n\u00ba 11\/2008, a Resolu\u00e7\u00e3o CNE\/CEB n\u00ba 03\/2008, a Portaria do MEC n\u00ba 870\/2008 e a Resolu\u00e7\u00e3o CNE\/CEB n\u00ba 01\/2014.<\/p>\n<p style=\"font-weight: 400\">Aos estudantes que adquirirem as compet\u00eancias relativas a um ou mais m\u00f3dulos qualificadores, ser\u00e1 concedido certificado de qualifica\u00e7\u00e3o profissional t\u00e9cnica referente ao(s) m\u00f3dulo(s) cursado(s), observando o que segue:<\/p>\n<ul>\n<li style=\"font-weight: 400\"><strong>M\u00f3dulo de Desenvolvedor de P\u00e1ginas para Internet &#8211; T\u00edtulo:<\/strong> Desenvolvedor de P\u00e1ginas para Internet<\/li>\n<li style=\"font-weight: 400\"><strong style=\"font-size: revert\">M\u00f3dulo de Programador de Sistemas Web &#8211; T\u00edtulo:<\/strong><span style=\"font-size: revert\">\u00a0Programador de Sistemas Web<\/span><\/li>\n<li style=\"font-weight: 400\"><strong style=\"font-size: revert\">M\u00f3dulo de Montador e Reparador de Computadores &#8211; T\u00edtulo:<\/strong><span style=\"font-size: revert\"> Montador e Reparador de Computadores<\/span><\/li>\n<li style=\"font-weight: 400\"><strong style=\"font-size: revert\">M\u00f3dulo de Instalador e Reparador de Redes Computadores &#8211; T\u00edtulo:<\/strong><span style=\"font-size: revert\"> Instalador e Reparador de Redes Computadores<\/span><\/li>\n<\/ul>\n<p style=\"font-weight: 400\">Os diplomas e certificados ser\u00e3o acompanhados de hist\u00f3rico escolar no qual constar\u00e3o os componentes curriculares elencados na organiza\u00e7\u00e3o curricular, definidos pelo perfil profissional de conclus\u00e3o, as respectivas cargas hor\u00e1rias, frequ\u00eancias e aproveitamento dos concluintes, nos termos em que prev\u00ea o par\u00e1grafo quinto do Art. 49 da Resolu\u00e7\u00e3o CNE\/CP n\u00ba 01\/2021.<\/p>\n","protected":false},"excerpt":{"rendered":"<p>Aos estudantes que conclu\u00edrem com aproveitamento todas as disciplinas previstas na organiza\u00e7\u00e3o curricular do curso ser\u00e1 conferido o Diploma com o t\u00edtulo de T\u00c9CNICO EM INFORM\u00c1TICA, no Eixo Tecnol\u00f3gico \u201cInforma\u00e7\u00e3o e Comunica\u00e7\u00e3o\u201d, de acordo com a Lei n\u00ba 9.394\/96, o Parecer CNE\/CEB n\u00ba 17\/2020, a Resolu\u00e7\u00e3o CNE\/CP n\u00ba 01\/2021, o Decreto Federal n\u00ba 5154\/2004, o [&hellip;]<\/p>\n","protected":false},"author":117,"featured_media":0,"parent":0,"menu_order":0,"comment_status":"closed","ping_status":"closed","template":"","meta":{"footnotes":""},"categories":[],"tags":[],"class_list":["post-163","page","type-page","status-publish","hentry"],"acf":[],"_links":{"self":[{"href":"https:\/\/www.ufsm.br\/cursos\/tecnico\/santa-maria\/informatica\/wp-json\/wp\/v2\/pages\/163","targetHints":{"allow":["GET"]}}],"collection":[{"href":"https:\/\/www.ufsm.br\/cursos\/tecnico\/santa-maria\/informatica\/wp-json\/wp\/v2\/pages"}],"about":[{"href":"https:\/\/www.ufsm.br\/cursos\/tecnico\/santa-maria\/informatica\/wp-json\/wp\/v2\/types\/page"}],"author":[{"embeddable":true,"href":"https:\/\/www.ufsm.br\/cursos\/tecnico\/santa-maria\/informatica\/wp-json\/wp\/v2\/users\/117"}],"replies":[{"embeddable":true,"href":"https:\/\/www.ufsm.br\/cursos\/tecnico\/santa-maria\/informatica\/wp-json\/wp\/v2\/comments?post=163"}],"version-history":[{"count":0,"href":"https:\/\/www.ufsm.br\/cursos\/tecnico\/santa-maria\/informatica\/wp-json\/wp\/v2\/pages\/163\/revisions"}],"wp:attachment":[{"href":"https:\/\/www.ufsm.br\/cursos\/tecnico\/santa-maria\/informatica\/wp-json\/wp\/v2\/media?parent=163"}],"wp:term":[{"taxonomy":"category","embeddable":true,"href":"https:\/\/www.ufsm.br\/cursos\/tecnico\/santa-maria\/informatica\/wp-json\/wp\/v2\/categories?post=163"},{"taxonomy":"post_tag","embeddable":true,"href":"https:\/\/www.ufsm.br\/cursos\/tecnico\/santa-maria\/informatica\/wp-json\/wp\/v2\/tags?post=163"}],"curies":[{"name":"wp","href":"https:\/\/api.w.org\/{rel}","templated":true}]}}