{"id":160,"date":"2019-02-08T10:14:25","date_gmt":"2019-02-08T12:14:25","guid":{"rendered":"https:\/\/www.ufsm.br\/cursos\/tecnico\/santa-maria\/meio-ambiente\/?page_id=160"},"modified":"2019-02-08T10:14:27","modified_gmt":"2019-02-08T12:14:27","slug":"historico","status":"publish","type":"page","link":"https:\/\/www.ufsm.br\/cursos\/tecnico\/santa-maria\/meio-ambiente\/historico","title":{"rendered":"Hist\u00f3rico"},"content":{"rendered":"\n<p>O Curso T\u00e9cnico em Meio Ambiente teve a sua primeira vers\u00e3o do Plano de Curso aprovada na Sess\u00e3o 660\u00aa do Conselho de Ensino, Pesquisa e Extens\u00e3o, de 14 de janeiro de 2005, por\u00e9m, devido a problemas nos encaminhamentos do conv\u00eanio interinstitucional previsto na \u00e9poca para ofertar o curso, acabou n\u00e3o sendo ofertado.<\/p>\n<p>Considerando a libera\u00e7\u00e3o de novas vagas para docentes no ano de 2010, o Col\u00e9gio Polit\u00e9cnico optou por retomar o Plano do Curso T\u00e9cnico em Meio Ambiente e viabilizar a oferta do mesmo a partir de 2011.<\/p>\n<p>As reformula\u00e7\u00f5es foram feitas para atender \u00e0 legisla\u00e7\u00e3o vigente (Cat\u00e1logo Nacional dos Cursos T\u00e9cnicos, institu\u00eddo a partir do Parecer CNE\/CEB n\u00ba11\/2008, Resolu\u00e7\u00e3o CNE\/CEB n\u00ba03\/2008 e Portaria do MEC n\u00ba870, de 16 de julho de 2008) e foi aprovada na Sess\u00e3o 773\u00aa do Conselho de Ensino, Pesquisa e Extens\u00e3o, de 03 de dezembro de 2010.<\/p>\n","protected":false},"excerpt":{"rendered":"<p>O Curso T\u00e9cnico em Meio Ambiente teve a sua primeira vers\u00e3o do Plano de Curso aprovada na Sess\u00e3o 660\u00aa do Conselho de Ensino, Pesquisa e Extens\u00e3o, de 14 de janeiro de 2005, por\u00e9m, devido a problemas nos encaminhamentos do conv\u00eanio interinstitucional previsto na \u00e9poca para ofertar o curso, acabou n\u00e3o sendo ofertado. Considerando a libera\u00e7\u00e3o [&hellip;]<\/p>\n","protected":false},"author":117,"featured_media":0,"parent":0,"menu_order":0,"comment_status":"closed","ping_status":"closed","template":"","meta":{"footnotes":""},"categories":[],"tags":[],"class_list":["post-160","page","type-page","status-publish","hentry"],"acf":[],"_links":{"self":[{"href":"https:\/\/www.ufsm.br\/cursos\/tecnico\/santa-maria\/meio-ambiente\/wp-json\/wp\/v2\/pages\/160","targetHints":{"allow":["GET"]}}],"collection":[{"href":"https:\/\/www.ufsm.br\/cursos\/tecnico\/santa-maria\/meio-ambiente\/wp-json\/wp\/v2\/pages"}],"about":[{"href":"https:\/\/www.ufsm.br\/cursos\/tecnico\/santa-maria\/meio-ambiente\/wp-json\/wp\/v2\/types\/page"}],"author":[{"embeddable":true,"href":"https:\/\/www.ufsm.br\/cursos\/tecnico\/santa-maria\/meio-ambiente\/wp-json\/wp\/v2\/users\/117"}],"replies":[{"embeddable":true,"href":"https:\/\/www.ufsm.br\/cursos\/tecnico\/santa-maria\/meio-ambiente\/wp-json\/wp\/v2\/comments?post=160"}],"version-history":[{"count":0,"href":"https:\/\/www.ufsm.br\/cursos\/tecnico\/santa-maria\/meio-ambiente\/wp-json\/wp\/v2\/pages\/160\/revisions"}],"wp:attachment":[{"href":"https:\/\/www.ufsm.br\/cursos\/tecnico\/santa-maria\/meio-ambiente\/wp-json\/wp\/v2\/media?parent=160"}],"wp:term":[{"taxonomy":"category","embeddable":true,"href":"https:\/\/www.ufsm.br\/cursos\/tecnico\/santa-maria\/meio-ambiente\/wp-json\/wp\/v2\/categories?post=160"},{"taxonomy":"post_tag","embeddable":true,"href":"https:\/\/www.ufsm.br\/cursos\/tecnico\/santa-maria\/meio-ambiente\/wp-json\/wp\/v2\/tags?post=160"}],"curies":[{"name":"wp","href":"https:\/\/api.w.org\/{rel}","templated":true}]}}