{"id":157,"date":"2019-02-08T10:03:41","date_gmt":"2019-02-08T12:03:41","guid":{"rendered":"https:\/\/www.ufsm.br\/cursos\/tecnico\/santa-maria\/paisagismo\/?page_id=157"},"modified":"2019-02-08T10:03:44","modified_gmt":"2019-02-08T12:03:44","slug":"organizacao-curricular","status":"publish","type":"page","link":"https:\/\/www.ufsm.br\/cursos\/tecnico\/santa-maria\/paisagismo\/organizacao-curricular","title":{"rendered":"Organiza\u00e7\u00e3o Curricular"},"content":{"rendered":"\n<p>Modular<\/p>\n<p><strong>QUALIFICA\u00c7\u00d5ES PROFISSIONAIS:<\/strong>\u00a0<\/p>\n<ul>\n<li>Agente de Elabora\u00e7\u00e3o, Implanta\u00e7\u00e3o e Manuten\u00e7\u00e3o de Projetos Paisag\u00edsticos. Carga hor\u00e1ria: 795 horas<\/li>\n<li>Agente de Produ\u00e7\u00e3o de Flores e Plantas Ornamentais. Carga hor\u00e1ria: 705 horas<\/li>\n<li>Agente de Elabora\u00e7\u00e3o de Arranjos Florais. Carga hor\u00e1ria: 255 horas<\/li>\n<\/ul>\n","protected":false},"excerpt":{"rendered":"<p>Modular QUALIFICA\u00c7\u00d5ES PROFISSIONAIS:\u00a0 Agente de Elabora\u00e7\u00e3o, Implanta\u00e7\u00e3o e Manuten\u00e7\u00e3o de Projetos Paisag\u00edsticos. Carga hor\u00e1ria: 795 horas Agente de Produ\u00e7\u00e3o de Flores e Plantas Ornamentais. Carga hor\u00e1ria: 705 horas Agente de Elabora\u00e7\u00e3o de Arranjos Florais. Carga hor\u00e1ria: 255 horas<\/p>\n","protected":false},"author":117,"featured_media":0,"parent":0,"menu_order":0,"comment_status":"closed","ping_status":"closed","template":"","meta":{"footnotes":""},"categories":[],"tags":[],"class_list":["post-157","page","type-page","status-publish","hentry"],"acf":[],"_links":{"self":[{"href":"https:\/\/www.ufsm.br\/cursos\/tecnico\/santa-maria\/paisagismo\/wp-json\/wp\/v2\/pages\/157","targetHints":{"allow":["GET"]}}],"collection":[{"href":"https:\/\/www.ufsm.br\/cursos\/tecnico\/santa-maria\/paisagismo\/wp-json\/wp\/v2\/pages"}],"about":[{"href":"https:\/\/www.ufsm.br\/cursos\/tecnico\/santa-maria\/paisagismo\/wp-json\/wp\/v2\/types\/page"}],"author":[{"embeddable":true,"href":"https:\/\/www.ufsm.br\/cursos\/tecnico\/santa-maria\/paisagismo\/wp-json\/wp\/v2\/users\/117"}],"replies":[{"embeddable":true,"href":"https:\/\/www.ufsm.br\/cursos\/tecnico\/santa-maria\/paisagismo\/wp-json\/wp\/v2\/comments?post=157"}],"version-history":[{"count":0,"href":"https:\/\/www.ufsm.br\/cursos\/tecnico\/santa-maria\/paisagismo\/wp-json\/wp\/v2\/pages\/157\/revisions"}],"wp:attachment":[{"href":"https:\/\/www.ufsm.br\/cursos\/tecnico\/santa-maria\/paisagismo\/wp-json\/wp\/v2\/media?parent=157"}],"wp:term":[{"taxonomy":"category","embeddable":true,"href":"https:\/\/www.ufsm.br\/cursos\/tecnico\/santa-maria\/paisagismo\/wp-json\/wp\/v2\/categories?post=157"},{"taxonomy":"post_tag","embeddable":true,"href":"https:\/\/www.ufsm.br\/cursos\/tecnico\/santa-maria\/paisagismo\/wp-json\/wp\/v2\/tags?post=157"}],"curies":[{"name":"wp","href":"https:\/\/api.w.org\/{rel}","templated":true}]}}