{"id":158,"date":"2019-02-08T10:04:30","date_gmt":"2019-02-08T12:04:30","guid":{"rendered":"https:\/\/www.ufsm.br\/cursos\/tecnico\/santa-maria\/paisagismo\/?page_id=158"},"modified":"2019-02-08T10:04:33","modified_gmt":"2019-02-08T12:04:33","slug":"historico","status":"publish","type":"page","link":"https:\/\/www.ufsm.br\/cursos\/tecnico\/santa-maria\/paisagismo\/historico","title":{"rendered":"Hist\u00f3rico"},"content":{"rendered":"\n<p>O Curso T\u00e9cnico em Paisagismo foi aprovado na Sess\u00e3o 733\u00aa do Conselho de Ensino Pesquisa e Extens\u00e3o, de 19 de dezembro de 2008, referente ao Processo do Protocolo Geral N\u00ba 23081.018703\/2008-01. Anteriormente o Curso denominava-se como T\u00e9cnico Agr\u00edcola, Habilita\u00e7\u00e3o em Jardinagem, sendo que ap\u00f3s as reformula\u00e7\u00f5es curriculares, teve altera\u00e7\u00e3o em sua denomina\u00e7\u00e3o.<\/p>\n<p>A primeira turma do curso ingressou no ano de 2003, sendo que no ano de 2008 ingressou a sexta turma.<\/p>\n<p>Em 2014, o curr\u00edculo do curso foi reformulado considerando como marcos legais a Lei n\u00ba 9.394\/96, o Parecer CNE\/CEB n\u00ba. 11\/2012, a Resolu\u00e7\u00e3o CNE\/CEB 06\/2012, o Decreto Federal n\u00ba 5.154\/2004, o Parecer CNE\/CEB N\u00ba 11\/2008, a Resolu\u00e7\u00e3o CNE\/CEB 03\/2008 e a Portaria do MEC n\u00ba 870, de 16 de julho de 2008 e constru\u00eddo a partir dos referenciais curriculares e dos perfis profissionais de conclus\u00e3o.<\/p>\n","protected":false},"excerpt":{"rendered":"<p>O Curso T\u00e9cnico em Paisagismo foi aprovado na Sess\u00e3o 733\u00aa do Conselho de Ensino Pesquisa e Extens\u00e3o, de 19 de dezembro de 2008, referente ao Processo do Protocolo Geral N\u00ba 23081.018703\/2008-01. Anteriormente o Curso denominava-se como T\u00e9cnico Agr\u00edcola, Habilita\u00e7\u00e3o em Jardinagem, sendo que ap\u00f3s as reformula\u00e7\u00f5es curriculares, teve altera\u00e7\u00e3o em sua denomina\u00e7\u00e3o. A primeira turma [&hellip;]<\/p>\n","protected":false},"author":117,"featured_media":0,"parent":0,"menu_order":0,"comment_status":"closed","ping_status":"closed","template":"","meta":{"footnotes":""},"categories":[],"tags":[],"class_list":["post-158","page","type-page","status-publish","hentry"],"acf":[],"_links":{"self":[{"href":"https:\/\/www.ufsm.br\/cursos\/tecnico\/santa-maria\/paisagismo\/wp-json\/wp\/v2\/pages\/158","targetHints":{"allow":["GET"]}}],"collection":[{"href":"https:\/\/www.ufsm.br\/cursos\/tecnico\/santa-maria\/paisagismo\/wp-json\/wp\/v2\/pages"}],"about":[{"href":"https:\/\/www.ufsm.br\/cursos\/tecnico\/santa-maria\/paisagismo\/wp-json\/wp\/v2\/types\/page"}],"author":[{"embeddable":true,"href":"https:\/\/www.ufsm.br\/cursos\/tecnico\/santa-maria\/paisagismo\/wp-json\/wp\/v2\/users\/117"}],"replies":[{"embeddable":true,"href":"https:\/\/www.ufsm.br\/cursos\/tecnico\/santa-maria\/paisagismo\/wp-json\/wp\/v2\/comments?post=158"}],"version-history":[{"count":0,"href":"https:\/\/www.ufsm.br\/cursos\/tecnico\/santa-maria\/paisagismo\/wp-json\/wp\/v2\/pages\/158\/revisions"}],"wp:attachment":[{"href":"https:\/\/www.ufsm.br\/cursos\/tecnico\/santa-maria\/paisagismo\/wp-json\/wp\/v2\/media?parent=158"}],"wp:term":[{"taxonomy":"category","embeddable":true,"href":"https:\/\/www.ufsm.br\/cursos\/tecnico\/santa-maria\/paisagismo\/wp-json\/wp\/v2\/categories?post=158"},{"taxonomy":"post_tag","embeddable":true,"href":"https:\/\/www.ufsm.br\/cursos\/tecnico\/santa-maria\/paisagismo\/wp-json\/wp\/v2\/tags?post=158"}],"curies":[{"name":"wp","href":"https:\/\/api.w.org\/{rel}","templated":true}]}}