{"id":160,"date":"2019-02-08T10:06:40","date_gmt":"2019-02-08T12:06:40","guid":{"rendered":"https:\/\/www.ufsm.br\/cursos\/tecnico\/santa-maria\/paisagismo\/?page_id=160"},"modified":"2019-02-08T10:06:43","modified_gmt":"2019-02-08T12:06:43","slug":"perfil-profissional","status":"publish","type":"page","link":"https:\/\/www.ufsm.br\/cursos\/tecnico\/santa-maria\/paisagismo\/perfil-profissional","title":{"rendered":"Perfil Profissional"},"content":{"rendered":"\n<p><strong>PERFIL PROFISSIONAL DE N\u00cdVEL T\u00c9CNICO<\/strong><\/p>\n<p>O T\u00e9cnico em Paisagismo do Eixo Tecnol\u00f3gico de Produ\u00e7\u00e3o Cultural e Design caracteriza-se como um profissional comprometido com o desenvolvimento social e econ\u00f4mico, respeitando valores \u00e9ticos, morais, culturais, sociais e ecol\u00f3gicos, com conhecimentos, saberes e compet\u00eancias profissionais que o qualificam a exercer as seguintes fun\u00e7\u00f5es:<\/p>\n<ul>\n<li>agente de desenvolvimento social e difusor de tecnologias;<\/li>\n<li>elabora\u00e7\u00e3o, implanta\u00e7\u00e3o e manuten\u00e7\u00e3o de projetos paisag\u00edsticos;<\/li>\n<li>grafica\u00e7\u00e3o e interpreta\u00e7\u00e3o de desenho t\u00e9cnico;<\/li>\n<li>planejamento e execu\u00e7\u00e3o de atividades relativas \u00e0 jardinagem;<\/li>\n<li>escolha, opera\u00e7\u00e3o e manuten\u00e7\u00e3o de m\u00e1quinas e equipamentos relativos a floricultura e ao paisagismo;<\/li>\n<li>planejamento, coordena\u00e7\u00e3o, acompanhamento e execu\u00e7\u00e3o de atividades de cultivo de flores e plantas ornamentais;<\/li>\n<li>produ\u00e7\u00e3o, colheita, beneficiamento, armazenamento e comercializa\u00e7\u00e3o de flores, plantas ornamentais, sementes e prop\u00e1gulos de flores e plantas ornamentais;<\/li>\n<li>sele\u00e7\u00e3o e aplica\u00e7\u00e3o adequada de agrot\u00f3xicos;<\/li>\n<li>sele\u00e7\u00e3o, implanta\u00e7\u00e3o e acompanhamento de projetos de irriga\u00e7\u00e3o, fertirriga\u00e7\u00e3o e drenagem a campo e em cultivos protegidos;<\/li>\n<li>elabora\u00e7\u00e3o, implanta\u00e7\u00e3o, acompanhamento e execu\u00e7\u00e3o de projetos de implanta\u00e7\u00e3o de viveiros de plantas ornamentais;<\/li>\n<li>preparo e manejo adequado do solo e\/ou substrato;<\/li>\n<li>sele\u00e7\u00e3o e aplica\u00e7\u00e3o de adubos e corretivos mediante interpreta\u00e7\u00e3o de an\u00e1lise de solo e\/ou substrato;<\/li>\n<li>coordena\u00e7\u00e3o de equipes de trabalho na execu\u00e7\u00e3o de projetos paisag\u00edsticos;<\/li>\n<li>identifica\u00e7\u00e3o dos grupos flor\u00edsticos ornamentais;<\/li>\n<li>sele\u00e7\u00e3o de materiais e equipamentos para espa\u00e7os de paisagismo tais como jardins, parques e pra\u00e7as;<\/li>\n<li>condu\u00e7\u00e3o de trabalhos de constru\u00e7\u00f5es de ambientes para cultivos protegidos;<\/li>\n<li>identifica\u00e7\u00e3o de formas, cores, textura, volumes e composi\u00e7\u00f5es harm\u00f4nicas no paisagismo;<\/li>\n<li>elabora\u00e7\u00e3o, acompanhamento e execu\u00e7\u00e3o na implanta\u00e7\u00e3o de projetos de arboriza\u00e7\u00e3o;<\/li>\n<li>planejamento, orienta\u00e7\u00e3o e execu\u00e7\u00e3o de trabalhos planialtim\u00e9tricos para a implanta\u00e7\u00e3o de projetos paisag\u00edsticos;<\/li>\n<li>interpreta\u00e7\u00e3o de projetos paisag\u00edsticos;<\/li>\n<li>desenho t\u00e9cnico de projeto de paisagismo utilizando meios digitais para grafica\u00e7\u00e3o em 2 e 3 dimens\u00f5es;<\/li>\n<li>reconhecimento das caracter\u00edsticas de diferentes pa\u00edses e civiliza\u00e7\u00f5es na hist\u00f3ria do paisagismo;<\/li>\n<li>harmoniza\u00e7\u00e3o de ambientes utilizando-se de elementos vegetais;<\/li>\n<li>confec\u00e7\u00e3o de arranjos florais utilizando flores e plantas ornamentais;<\/li>\n<li>execu\u00e7\u00e3o de p\u00f3s colheita de flores e plantas ornamentais;<\/li>\n<li>sele\u00e7\u00e3o e implanta\u00e7\u00e3o de coberturas e tetos verdes;<\/li>\n<\/ul>\n<p>\u00a0<\/p>\n<p><strong>PERFIL PROFISSIONAL DAS QUALIFICA\u00c7\u00d5ES<\/strong><\/p>\n<p><strong>Agente de Produ\u00e7\u00e3o de Flores e Plantas Ornamentais<\/strong><\/p>\n<p>O estudante que concluir o m\u00f3dulo de qualifica\u00e7\u00e3o t\u00e9cnica de Agente de Produ\u00e7\u00e3o de Flores e Plantas Ornamentais adquire as compet\u00eancias profissionais que o qualifiquem a atuar:<\/p>\n<ul>\n<li>como agente de desenvolvimento social e difusor de tecnologias;<\/li>\n<li>na escolha, opera\u00e7\u00e3o e manuten\u00e7\u00e3o de m\u00e1quinas e equipamentos para atividades de cultivo de plantas ornamentais;<\/li>\n<li>na produ\u00e7\u00e3o, colheita, beneficiamento, armazenamento e comercializa\u00e7\u00e3o de flores, plantas ornamentais, sementes e prop\u00e1gulos de flores e de plantas ornamentais;<\/li>\n<li>na sele\u00e7\u00e3o e aplica\u00e7\u00e3o adequada de agrot\u00f3xicos.<\/li>\n<li>na sele\u00e7\u00e3o, implanta\u00e7\u00e3o e acompanhamento de projetos de irriga\u00e7\u00e3o, fertirriga\u00e7\u00e3o e drenagem a campo e em cultivos protegidos;<\/li>\n<li>na elabora\u00e7\u00e3o, implanta\u00e7\u00e3o, acompanhamento e execu\u00e7\u00e3o de projetos de implanta\u00e7\u00e3o de ambientes de produ\u00e7\u00e3o de plantas ornamentais;<\/li>\n<li>no preparo e manejo adequado do solo e\/ou substrato;<\/li>\n<li>na sele\u00e7\u00e3o e aplica\u00e7\u00e3o de adubos e corretivos mediante interpreta\u00e7\u00e3o de an\u00e1lise de solo e\/ou substrato;<\/li>\n<li>na identifica\u00e7\u00e3o de grupos flor\u00edsticos ornamentais;<\/li>\n<li>na condu\u00e7\u00e3o de trabalhos de constru\u00e7\u00f5es de ambientes para cultivos de flores de corte e de plantas ornamentais;<\/li>\n<li>na execu\u00e7\u00e3o de p\u00f3s colheita de flores e plantas ornamentais;<\/li>\n<li>na sele\u00e7\u00e3o e implanta\u00e7\u00e3o e manuten\u00e7\u00e3o de coberturas e tetos verdes;<\/li>\n<li>no planejamento, orienta\u00e7\u00e3o e execu\u00e7\u00e3o de trabalhos planialtim\u00e9tricos para a produ\u00e7\u00e3o de flores e plantas ornamentais;<\/li>\n<\/ul>\n<p>\u00a0<\/p>\n<p><strong>Agente de Elabora\u00e7\u00e3o, Implanta\u00e7\u00e3o e Manuten\u00e7\u00e3o de Projetos Paisag\u00edsticos<\/strong><\/p>\n<p>O estudante que concluir o m\u00f3dulo de Elabora\u00e7\u00e3o, Implanta\u00e7\u00e3o e Manuten\u00e7\u00e3o de Projetos Paisag\u00edsticos adquire as compet\u00eancias profissionais que o qualifiquem a atuar:<\/p>\n<ul>\n<li>como agente de desenvolvimento social e difusor de tecnologias;<\/li>\n<li>na proposta e implanta\u00e7\u00e3o de projetos paisag\u00edsticos;<\/li>\n<li>no planejamento e implanta\u00e7\u00e3o de jardins;<\/li>\n<li>como respons\u00e1vel pelo paisagismo e atividades relacionadas em cooperativas, associa\u00e7\u00f5es, empresas p\u00fablicas e privadas;<\/li>\n<li>na escolha, opera\u00e7\u00e3o e manuten\u00e7\u00e3o de m\u00e1quinas e equipamentos relativos a jardinagem;<\/li>\n<li>na sele\u00e7\u00e3o e aplica\u00e7\u00e3o adequada de agrot\u00f3xicos.<\/li>\n<li>na identifica\u00e7\u00e3o dos grupos flor\u00edsticos ornamentais;<\/li>\n<li>na sele\u00e7\u00e3o, implanta\u00e7\u00e3o e acompanhamento de projetos de irriga\u00e7\u00e3o e drenagem a campo;<\/li>\n<li>no planejamento, orienta\u00e7\u00e3o e execu\u00e7\u00e3o de trabalhos Planialtim\u00e9tricos para a implanta\u00e7\u00e3o de projetos paisag\u00edsticos;<\/li>\n<li>no preparo e manejo adequado do solo e\/ou substrato;<\/li>\n<li>na sele\u00e7\u00e3o e aplica\u00e7\u00e3o de adubos e corretivos mediante interpreta\u00e7\u00e3o de an\u00e1lise de solo e\/ou substrato;<\/li>\n<li>no desenho e interpreta\u00e7\u00e3o de projetos de paisagismo;<\/li>\n<li>no reconhecimento e an\u00e1lise de jardins conforme a hist\u00f3ria do paisagismo;<\/li>\n<li>na grafica\u00e7\u00e3o de projetos paisag\u00edsticos em 2 e 3 dimens\u00f5es.<\/li>\n<\/ul>\n<p>\u00a0<\/p>\n<p><strong>Agente de Elabora\u00e7\u00e3o de Arranjos Florais<\/strong><\/p>\n<p>O estudante que concluir o m\u00f3dulo de Elabora\u00e7\u00e3o de Arranjos Florais adquire as compet\u00eancias profissionais que o qualifiquem a atuar na:<\/p>\n<ul>\n<li>na confec\u00e7\u00e3o de arranjos florais, terr\u00e1rios, decora\u00e7\u00e3o de plantas e flores envasadas, arranjos f\u00fanebres;<\/li>\n<li>na decora\u00e7\u00e3o de eventos;<\/li>\n<li>na harmoniza\u00e7\u00e3o de ambientes utilizando objetos, plantas e flores;<\/li>\n<li>na compra, armazenamento e manuseio de flores e plantas;<\/li>\n<li>na precifica\u00e7\u00e3o e or\u00e7amento de arranjos florais e decora\u00e7\u00e3o de eventos.<\/li>\n<\/ul>\n","protected":false},"excerpt":{"rendered":"<p>PERFIL PROFISSIONAL DE N\u00cdVEL T\u00c9CNICO O T\u00e9cnico em Paisagismo do Eixo Tecnol\u00f3gico de Produ\u00e7\u00e3o Cultural e Design caracteriza-se como um profissional comprometido com o desenvolvimento social e econ\u00f4mico, respeitando valores \u00e9ticos, morais, culturais, sociais e ecol\u00f3gicos, com conhecimentos, saberes e compet\u00eancias profissionais que o qualificam a exercer as seguintes fun\u00e7\u00f5es: agente de desenvolvimento social e [&hellip;]<\/p>\n","protected":false},"author":117,"featured_media":0,"parent":0,"menu_order":0,"comment_status":"closed","ping_status":"closed","template":"","meta":{"footnotes":""},"categories":[],"tags":[],"class_list":["post-160","page","type-page","status-publish","hentry"],"acf":[],"_links":{"self":[{"href":"https:\/\/www.ufsm.br\/cursos\/tecnico\/santa-maria\/paisagismo\/wp-json\/wp\/v2\/pages\/160","targetHints":{"allow":["GET"]}}],"collection":[{"href":"https:\/\/www.ufsm.br\/cursos\/tecnico\/santa-maria\/paisagismo\/wp-json\/wp\/v2\/pages"}],"about":[{"href":"https:\/\/www.ufsm.br\/cursos\/tecnico\/santa-maria\/paisagismo\/wp-json\/wp\/v2\/types\/page"}],"author":[{"embeddable":true,"href":"https:\/\/www.ufsm.br\/cursos\/tecnico\/santa-maria\/paisagismo\/wp-json\/wp\/v2\/users\/117"}],"replies":[{"embeddable":true,"href":"https:\/\/www.ufsm.br\/cursos\/tecnico\/santa-maria\/paisagismo\/wp-json\/wp\/v2\/comments?post=160"}],"version-history":[{"count":0,"href":"https:\/\/www.ufsm.br\/cursos\/tecnico\/santa-maria\/paisagismo\/wp-json\/wp\/v2\/pages\/160\/revisions"}],"wp:attachment":[{"href":"https:\/\/www.ufsm.br\/cursos\/tecnico\/santa-maria\/paisagismo\/wp-json\/wp\/v2\/media?parent=160"}],"wp:term":[{"taxonomy":"category","embeddable":true,"href":"https:\/\/www.ufsm.br\/cursos\/tecnico\/santa-maria\/paisagismo\/wp-json\/wp\/v2\/categories?post=160"},{"taxonomy":"post_tag","embeddable":true,"href":"https:\/\/www.ufsm.br\/cursos\/tecnico\/santa-maria\/paisagismo\/wp-json\/wp\/v2\/tags?post=160"}],"curies":[{"name":"wp","href":"https:\/\/api.w.org\/{rel}","templated":true}]}}