{"id":161,"date":"2019-02-08T10:07:07","date_gmt":"2019-02-08T12:07:07","guid":{"rendered":"https:\/\/www.ufsm.br\/cursos\/tecnico\/santa-maria\/paisagismo\/?page_id=161"},"modified":"2019-02-08T10:07:09","modified_gmt":"2019-02-08T12:07:09","slug":"titulo-conferido","status":"publish","type":"page","link":"https:\/\/www.ufsm.br\/cursos\/tecnico\/santa-maria\/paisagismo\/titulo-conferido","title":{"rendered":"T\u00edtulo Conferido"},"content":{"rendered":"\n<p style=\"margin-bottom: 10px;color: #666666;font-family: Helvetica, Arial, sans-serif;font-size: 13px;text-align: justify\"><span style=\"font-family: arial, helvetica, sans-serif\">Aos estudantes que conclu\u00edrem com aproveitamento todas as disciplinas previstas na organiza\u00e7\u00e3o curricular do curso e realizarem o est\u00e1gio supervisionado ser\u00e1 conferido o Diploma com o t\u00edtulo de\u00a0<span style=\"font-weight: bold;color: #004074\">T\u00c9CNICO EM PAISAGISMO<\/span>, no Eixo Tecnol\u00f3gico \u201cProdu\u00e7\u00e3o Cultural e Design\u201d, de acordo com a Lei n\u00ba 9.394\/96, o Parecer CNE\/CEB n\u00ba 11\/2012, a Resolu\u00e7\u00e3o CNE\/CEB n\u00ba 06\/2012, o Decreto Federal n\u00ba 5154\/2004, o Parecer CNE\/CEB n\u00ba 11\/2008, a Resolu\u00e7\u00e3o CNE\/CEB n\u00ba 03\/2008 e a Portaria do MEC n\u00ba 870\/2008.<\/span><\/p>\n<p style=\"margin-top: 0px;margin-bottom: 10px;color: #666666;font-family: Helvetica, Arial, sans-serif;font-size: 13px;text-align: justify\"><span style=\"font-family: arial, helvetica, sans-serif\">Aos estudantes que obtiverem aproveitamento nas disciplinas relativas a um ou mais m\u00f3dulos qualificadores, ser\u00e1 concedido certificado de qualifica\u00e7\u00e3o profissional t\u00e9cnica referente ao(s) m\u00f3dulo(s) cursado(s), observando o que segue:<\/span><\/p>\n<ul style=\"margin-bottom: 10px;color: #666666;font-family: Helvetica, Arial, sans-serif;font-size: 13px\">\n<li style=\"text-align: justify\"><span style=\"font-family: arial, helvetica, sans-serif\">M\u00f3dulo de M\u00f3dulo de Produ\u00e7\u00e3o de Flores e Plantas Ornamentais &#8211;\u00a0<span style=\"font-weight: bold;color: #004074\">T\u00edtulo: Agente de Produ\u00e7\u00e3o de Flores e Plantas Ornamentais<\/span><\/span><\/li>\n<li style=\"text-align: justify\"><span style=\"font-family: arial, helvetica, sans-serif\">M\u00f3dulo de Elabora\u00e7\u00e3o, Implanta\u00e7\u00e3o e Manuten\u00e7\u00e3o de Projetos Paisag\u00edsticos &#8211;\u00a0<span style=\"font-weight: bold;color: #004074\">T\u00edtulo: Agente de Elabora\u00e7\u00e3o Implanta\u00e7\u00e3o e Manuten\u00e7\u00e3o de Projetos Paisag\u00edsticos<\/span><\/span><\/li>\n<li>M\u00f3dulo de Elabora\u00e7\u00e3o de Arranjos Florais &#8211;\u00a0<span style=\"font-weight: bold;color: #004074\">T\u00edtulo: Agente de Elabora\u00e7\u00e3o de Arranjos Florais<\/span><\/li>\n<\/ul>\n<p style=\"margin-top: 0px;margin-bottom: 10px;color: #666666;font-family: Helvetica, Arial, sans-serif;font-size: 13px;text-align: justify\"><span style=\"font-family: arial, helvetica, sans-serif\">Os diplomas e certificados ser\u00e3o acompanhados de hist\u00f3rico escolar no qual constar\u00e3o os componentes curriculares elencados na organiza\u00e7\u00e3o curricular, definidos pelo perfil profissional de conclus\u00e3o, as respectivas cargas hor\u00e1rias, frequ\u00eancias e aproveitamento dos concluintes, nos termos em que prev\u00ea o par\u00e1grafo quinto do Art. 38 da Resolu\u00e7\u00e3o CNE\/CEB n\u00ba 06\/2012.<\/span><\/p>\n","protected":false},"excerpt":{"rendered":"<p>Aos estudantes que conclu\u00edrem com aproveitamento todas as disciplinas previstas na organiza\u00e7\u00e3o curricular do curso e realizarem o est\u00e1gio supervisionado ser\u00e1 conferido o Diploma com o t\u00edtulo de\u00a0T\u00c9CNICO EM PAISAGISMO, no Eixo Tecnol\u00f3gico \u201cProdu\u00e7\u00e3o Cultural e Design\u201d, de acordo com a Lei n\u00ba 9.394\/96, o Parecer CNE\/CEB n\u00ba 11\/2012, a Resolu\u00e7\u00e3o CNE\/CEB n\u00ba 06\/2012, o [&hellip;]<\/p>\n","protected":false},"author":117,"featured_media":0,"parent":0,"menu_order":0,"comment_status":"closed","ping_status":"closed","template":"","meta":{"footnotes":""},"categories":[],"tags":[],"class_list":["post-161","page","type-page","status-publish","hentry"],"acf":[],"_links":{"self":[{"href":"https:\/\/www.ufsm.br\/cursos\/tecnico\/santa-maria\/paisagismo\/wp-json\/wp\/v2\/pages\/161","targetHints":{"allow":["GET"]}}],"collection":[{"href":"https:\/\/www.ufsm.br\/cursos\/tecnico\/santa-maria\/paisagismo\/wp-json\/wp\/v2\/pages"}],"about":[{"href":"https:\/\/www.ufsm.br\/cursos\/tecnico\/santa-maria\/paisagismo\/wp-json\/wp\/v2\/types\/page"}],"author":[{"embeddable":true,"href":"https:\/\/www.ufsm.br\/cursos\/tecnico\/santa-maria\/paisagismo\/wp-json\/wp\/v2\/users\/117"}],"replies":[{"embeddable":true,"href":"https:\/\/www.ufsm.br\/cursos\/tecnico\/santa-maria\/paisagismo\/wp-json\/wp\/v2\/comments?post=161"}],"version-history":[{"count":0,"href":"https:\/\/www.ufsm.br\/cursos\/tecnico\/santa-maria\/paisagismo\/wp-json\/wp\/v2\/pages\/161\/revisions"}],"wp:attachment":[{"href":"https:\/\/www.ufsm.br\/cursos\/tecnico\/santa-maria\/paisagismo\/wp-json\/wp\/v2\/media?parent=161"}],"wp:term":[{"taxonomy":"category","embeddable":true,"href":"https:\/\/www.ufsm.br\/cursos\/tecnico\/santa-maria\/paisagismo\/wp-json\/wp\/v2\/categories?post=161"},{"taxonomy":"post_tag","embeddable":true,"href":"https:\/\/www.ufsm.br\/cursos\/tecnico\/santa-maria\/paisagismo\/wp-json\/wp\/v2\/tags?post=161"}],"curies":[{"name":"wp","href":"https:\/\/api.w.org\/{rel}","templated":true}]}}