{"id":156,"date":"2019-02-08T10:28:28","date_gmt":"2019-02-08T12:28:28","guid":{"rendered":"https:\/\/www.ufsm.br\/cursos\/tecnico\/santa-maria\/secretariado\/?page_id=156"},"modified":"2019-02-08T10:28:30","modified_gmt":"2019-02-08T12:28:30","slug":"sobre-o-curso","status":"publish","type":"page","link":"https:\/\/www.ufsm.br\/cursos\/tecnico\/santa-maria\/secretariado\/sobre-o-curso","title":{"rendered":"Sobre o Curso"},"content":{"rendered":"\n<p>T\u00edtulo: T\u00e9cnico em Secretariado<br \/>Eixo Tecnol\u00f3gico: Gest\u00e3o e Neg\u00f3cios<br \/>Carga Hor\u00e1ria Total: 870 horas<br \/>Modalidade: Subsequente &#8211; P\u00f3s Ensino M\u00e9dio<\/p>\n<p><strong>Funcionamento<\/strong><\/p>\n<p>Turno: Noite<br \/>Hor\u00e1rio: Das 19h \u00e0s 23h<br \/>Dura\u00e7\u00e3o do Curso: Tr\u00eas semestres<\/p>\n<p><strong>Objetivo Geral do Curso<\/strong><\/p>\n<p class=\"text-justify\">O Curso T\u00e9cnico em Secretariado visa formar e preparar profissionais e cidad\u00e3os com compet\u00eancias t\u00e9cnica e humana, aptos para o exerc\u00edcio de fun\u00e7\u00f5es secretariais que atendam \u00e0s necessidades das organiza\u00e7\u00f5es contempor\u00e2neas e da sociedade como um todo.<\/p>\n","protected":false},"excerpt":{"rendered":"<p>T\u00edtulo: T\u00e9cnico em SecretariadoEixo Tecnol\u00f3gico: Gest\u00e3o e Neg\u00f3ciosCarga Hor\u00e1ria Total: 870 horasModalidade: Subsequente &#8211; P\u00f3s Ensino M\u00e9dio Funcionamento Turno: NoiteHor\u00e1rio: Das 19h \u00e0s 23hDura\u00e7\u00e3o do Curso: Tr\u00eas semestres Objetivo Geral do Curso O Curso T\u00e9cnico em Secretariado visa formar e preparar profissionais e cidad\u00e3os com compet\u00eancias t\u00e9cnica e humana, aptos para o exerc\u00edcio de fun\u00e7\u00f5es [&hellip;]<\/p>\n","protected":false},"author":117,"featured_media":0,"parent":0,"menu_order":0,"comment_status":"closed","ping_status":"closed","template":"","meta":{"footnotes":""},"categories":[],"tags":[],"class_list":["post-156","page","type-page","status-publish","hentry"],"acf":[],"_links":{"self":[{"href":"https:\/\/www.ufsm.br\/cursos\/tecnico\/santa-maria\/secretariado\/wp-json\/wp\/v2\/pages\/156","targetHints":{"allow":["GET"]}}],"collection":[{"href":"https:\/\/www.ufsm.br\/cursos\/tecnico\/santa-maria\/secretariado\/wp-json\/wp\/v2\/pages"}],"about":[{"href":"https:\/\/www.ufsm.br\/cursos\/tecnico\/santa-maria\/secretariado\/wp-json\/wp\/v2\/types\/page"}],"author":[{"embeddable":true,"href":"https:\/\/www.ufsm.br\/cursos\/tecnico\/santa-maria\/secretariado\/wp-json\/wp\/v2\/users\/117"}],"replies":[{"embeddable":true,"href":"https:\/\/www.ufsm.br\/cursos\/tecnico\/santa-maria\/secretariado\/wp-json\/wp\/v2\/comments?post=156"}],"version-history":[{"count":0,"href":"https:\/\/www.ufsm.br\/cursos\/tecnico\/santa-maria\/secretariado\/wp-json\/wp\/v2\/pages\/156\/revisions"}],"wp:attachment":[{"href":"https:\/\/www.ufsm.br\/cursos\/tecnico\/santa-maria\/secretariado\/wp-json\/wp\/v2\/media?parent=156"}],"wp:term":[{"taxonomy":"category","embeddable":true,"href":"https:\/\/www.ufsm.br\/cursos\/tecnico\/santa-maria\/secretariado\/wp-json\/wp\/v2\/categories?post=156"},{"taxonomy":"post_tag","embeddable":true,"href":"https:\/\/www.ufsm.br\/cursos\/tecnico\/santa-maria\/secretariado\/wp-json\/wp\/v2\/tags?post=156"}],"curies":[{"name":"wp","href":"https:\/\/api.w.org\/{rel}","templated":true}]}}