{"id":158,"date":"2019-02-08T10:30:32","date_gmt":"2019-02-08T12:30:32","guid":{"rendered":"https:\/\/www.ufsm.br\/cursos\/tecnico\/santa-maria\/secretariado\/?page_id=158"},"modified":"2019-02-08T10:30:34","modified_gmt":"2019-02-08T12:30:34","slug":"historico","status":"publish","type":"page","link":"https:\/\/www.ufsm.br\/cursos\/tecnico\/santa-maria\/secretariado\/historico","title":{"rendered":"Hist\u00f3rico"},"content":{"rendered":"\n<p>O Curso T\u00e9cnico em Secretariado do Col\u00e9gio Polit\u00e9cnico da UFSM foi ofertado a partir do primeiro semestre de 2014, com uma turma de 40 alunos, no turno noturno.<\/p>\n<p>A forma\u00e7\u00e3o pretendida para o profissional do Curso T\u00e9cnico em Secretariado est\u00e1 voltada para o atendimento de uma demanda de mercado, tendo em vista que a regi\u00e3o abriga um contingente significativo de empresas e organiza\u00e7\u00f5es, caracterizando-se pela ampla presta\u00e7\u00e3o de servi\u00e7os em diversos setores, e abastece relevante por\u00e7\u00e3o do mercado econ\u00f4mico interno e externo.<\/p>\n","protected":false},"excerpt":{"rendered":"<p>O Curso T\u00e9cnico em Secretariado do Col\u00e9gio Polit\u00e9cnico da UFSM foi ofertado a partir do primeiro semestre de 2014, com uma turma de 40 alunos, no turno noturno. A forma\u00e7\u00e3o pretendida para o profissional do Curso T\u00e9cnico em Secretariado est\u00e1 voltada para o atendimento de uma demanda de mercado, tendo em vista que a regi\u00e3o [&hellip;]<\/p>\n","protected":false},"author":117,"featured_media":0,"parent":0,"menu_order":0,"comment_status":"closed","ping_status":"closed","template":"","meta":{"footnotes":""},"categories":[],"tags":[],"class_list":["post-158","page","type-page","status-publish","hentry"],"acf":[],"_links":{"self":[{"href":"https:\/\/www.ufsm.br\/cursos\/tecnico\/santa-maria\/secretariado\/wp-json\/wp\/v2\/pages\/158","targetHints":{"allow":["GET"]}}],"collection":[{"href":"https:\/\/www.ufsm.br\/cursos\/tecnico\/santa-maria\/secretariado\/wp-json\/wp\/v2\/pages"}],"about":[{"href":"https:\/\/www.ufsm.br\/cursos\/tecnico\/santa-maria\/secretariado\/wp-json\/wp\/v2\/types\/page"}],"author":[{"embeddable":true,"href":"https:\/\/www.ufsm.br\/cursos\/tecnico\/santa-maria\/secretariado\/wp-json\/wp\/v2\/users\/117"}],"replies":[{"embeddable":true,"href":"https:\/\/www.ufsm.br\/cursos\/tecnico\/santa-maria\/secretariado\/wp-json\/wp\/v2\/comments?post=158"}],"version-history":[{"count":0,"href":"https:\/\/www.ufsm.br\/cursos\/tecnico\/santa-maria\/secretariado\/wp-json\/wp\/v2\/pages\/158\/revisions"}],"wp:attachment":[{"href":"https:\/\/www.ufsm.br\/cursos\/tecnico\/santa-maria\/secretariado\/wp-json\/wp\/v2\/media?parent=158"}],"wp:term":[{"taxonomy":"category","embeddable":true,"href":"https:\/\/www.ufsm.br\/cursos\/tecnico\/santa-maria\/secretariado\/wp-json\/wp\/v2\/categories?post=158"},{"taxonomy":"post_tag","embeddable":true,"href":"https:\/\/www.ufsm.br\/cursos\/tecnico\/santa-maria\/secretariado\/wp-json\/wp\/v2\/tags?post=158"}],"curies":[{"name":"wp","href":"https:\/\/api.w.org\/{rel}","templated":true}]}}