{"id":160,"date":"2019-02-08T10:31:41","date_gmt":"2019-02-08T12:31:41","guid":{"rendered":"https:\/\/www.ufsm.br\/cursos\/tecnico\/santa-maria\/secretariado\/?page_id=160"},"modified":"2019-02-08T10:31:44","modified_gmt":"2019-02-08T12:31:44","slug":"perfil-profissional","status":"publish","type":"page","link":"https:\/\/www.ufsm.br\/cursos\/tecnico\/santa-maria\/secretariado\/perfil-profissional","title":{"rendered":"Perfil Profissional"},"content":{"rendered":"\n<p class=\"text-justify&quot;\">O T\u00e9cnico em Secretariado do Eixo Tecnol\u00f3gico de Gest\u00e3o e Neg\u00f3cios caracteriza-se como um profissional comprometido com o desenvolvimento social e econ\u00f4mico, respeitando valores \u00e9ticos, morais, culturais, sociais e ecol\u00f3gicos, com compet\u00eancias profissionais que o qualificam a exercer as seguintes fun\u00e7\u00f5es:<\/p>\n<ul>\n<li>Assessorar diretamente chefia ou dire\u00e7\u00e3o, valendo-se de sua capacidade de organiza\u00e7\u00e3o, planejamento, controle e dire\u00e7\u00e3o dos servi\u00e7os administrativos e das informa\u00e7\u00f5es;<\/li>\n<li>Estabelecer e aprimorar rela\u00e7\u00f5es comunicativas que facilitem o bom desempenho das atividades com interlocutores, internos e externos, em l\u00edngua nacional e estrangeira;<\/li>\n<li>Organizar o ambiente de trabalho do(a) secret\u00e1rio(a);<\/li>\n<li>Atuar no planejamento e na organiza\u00e7\u00e3o da rotina de trabalho;<\/li>\n<li>Zelar pela etiqueta social e profissional;<\/li>\n<li>Conhecer a hist\u00f3ria e a evolu\u00e7\u00e3o da profiss\u00e3o do secretariado;<\/li>\n<li>Auxiliar na recep\u00e7\u00e3o e no atendimento ao p\u00fablico;<\/li>\n<li>Auxiliar no atendimento telef\u00f4nico e na administra\u00e7\u00e3o da agenda;<\/li>\n<li>Conhecer a legisla\u00e7\u00e3o e aplicar as t\u00e9cnicas secretariais no contexto de cada institui\u00e7\u00e3o;<\/li>\n<li>Conhecer normas de cerimonial e protocolo para organiza\u00e7\u00e3o de diversos eventos;<\/li>\n<li>Compreender as fun\u00e7\u00f5es da administra\u00e7\u00e3o;<\/li>\n<li>Atuar na organiza\u00e7\u00e3o de arquivos e documentos em geral;<\/li>\n<li>Produzir, interpretar e conferir documenta\u00e7\u00e3o de apoio \u00e0 gest\u00e3o organizacional;<\/li>\n<li>Ter compet\u00eancias comunicativas b\u00e1sicas em L\u00ednguas Inglesa e Espanhola;<\/li>\n<li>Operar equipamentos de inform\u00e1tica e tecnologias digitais de modo a auxiliar na gest\u00e3o da empresa e na elabora\u00e7\u00e3o, organiza\u00e7\u00e3o e pesquisa de informa\u00e7\u00e3o;<\/li>\n<li>Executar opera\u00e7\u00f5es b\u00e1sicas de matem\u00e1tica comercial e financeira.<\/li>\n<\/ul>\n","protected":false},"excerpt":{"rendered":"<p>O T\u00e9cnico em Secretariado do Eixo Tecnol\u00f3gico de Gest\u00e3o e Neg\u00f3cios caracteriza-se como um profissional comprometido com o desenvolvimento social e econ\u00f4mico, respeitando valores \u00e9ticos, morais, culturais, sociais e ecol\u00f3gicos, com compet\u00eancias profissionais que o qualificam a exercer as seguintes fun\u00e7\u00f5es: Assessorar diretamente chefia ou dire\u00e7\u00e3o, valendo-se de sua capacidade de organiza\u00e7\u00e3o, planejamento, controle e [&hellip;]<\/p>\n","protected":false},"author":117,"featured_media":0,"parent":0,"menu_order":0,"comment_status":"closed","ping_status":"closed","template":"","meta":{"footnotes":""},"categories":[],"tags":[],"class_list":["post-160","page","type-page","status-publish","hentry"],"acf":[],"_links":{"self":[{"href":"https:\/\/www.ufsm.br\/cursos\/tecnico\/santa-maria\/secretariado\/wp-json\/wp\/v2\/pages\/160","targetHints":{"allow":["GET"]}}],"collection":[{"href":"https:\/\/www.ufsm.br\/cursos\/tecnico\/santa-maria\/secretariado\/wp-json\/wp\/v2\/pages"}],"about":[{"href":"https:\/\/www.ufsm.br\/cursos\/tecnico\/santa-maria\/secretariado\/wp-json\/wp\/v2\/types\/page"}],"author":[{"embeddable":true,"href":"https:\/\/www.ufsm.br\/cursos\/tecnico\/santa-maria\/secretariado\/wp-json\/wp\/v2\/users\/117"}],"replies":[{"embeddable":true,"href":"https:\/\/www.ufsm.br\/cursos\/tecnico\/santa-maria\/secretariado\/wp-json\/wp\/v2\/comments?post=160"}],"version-history":[{"count":0,"href":"https:\/\/www.ufsm.br\/cursos\/tecnico\/santa-maria\/secretariado\/wp-json\/wp\/v2\/pages\/160\/revisions"}],"wp:attachment":[{"href":"https:\/\/www.ufsm.br\/cursos\/tecnico\/santa-maria\/secretariado\/wp-json\/wp\/v2\/media?parent=160"}],"wp:term":[{"taxonomy":"category","embeddable":true,"href":"https:\/\/www.ufsm.br\/cursos\/tecnico\/santa-maria\/secretariado\/wp-json\/wp\/v2\/categories?post=160"},{"taxonomy":"post_tag","embeddable":true,"href":"https:\/\/www.ufsm.br\/cursos\/tecnico\/santa-maria\/secretariado\/wp-json\/wp\/v2\/tags?post=160"}],"curies":[{"name":"wp","href":"https:\/\/api.w.org\/{rel}","templated":true}]}}