{"id":161,"date":"2019-02-08T10:32:02","date_gmt":"2019-02-08T12:32:02","guid":{"rendered":"https:\/\/www.ufsm.br\/cursos\/tecnico\/santa-maria\/secretariado\/?page_id=161"},"modified":"2019-02-08T10:32:05","modified_gmt":"2019-02-08T12:32:05","slug":"titulo-conferido","status":"publish","type":"page","link":"https:\/\/www.ufsm.br\/cursos\/tecnico\/santa-maria\/secretariado\/titulo-conferido","title":{"rendered":"T\u00edtulo Conferido"},"content":{"rendered":"\n<p>Aos estudantes que obtiverem aprova\u00e7\u00e3o em todos os componentes curriculares do curso ser\u00e1 conferido o Diploma com o t\u00edtulo de T\u00c9CNICO EM SECRETARIADO, no Eixo Tecnol\u00f3gico \u201cGest\u00e3o e Neg\u00f3cios\u201d, de acordo com a Lei n\u00ba 9.394\/96, Parecer CNE\/CEB n\u00ba 11\/2012, Resolu\u00e7\u00e3o CNE\/CEB n\u00ba 06\/2012, Decreto Federal n\u00ba 5154\/2004, Parecer CNE\/CEB n\u00ba 11\/2008, Resolu\u00e7\u00e3o CNE\/CEB n\u00ba 03\/2008 e Portaria do MEC n\u00ba 870\/2008.<\/p>\n<p>Aos estudantes que obtiverem aprova\u00e7\u00e3o em todas as disciplinas relativas a um ou mais m\u00f3dulos qualificadores, ser\u00e1 concedido certificado de qualifica\u00e7\u00e3o profissional t\u00e9cnica referente ao(s) m\u00f3dulo(s) cursado(s), observando o que segue:<\/p>\n<ul>\n<li>M\u00f3dulo de Auxiliar de Atendimento &#8211;\u00a0<strong>T\u00edtulo: Auxiliar de Atendimento.<\/strong><\/li>\n<li>M\u00f3dulo de Assistente de Secret\u00e1rio(a) &#8211;\u00a0<strong>T\u00edtulo: Assistente de Secret\u00e1rio(a).<\/strong><\/li>\n<li>M\u00f3dulo de Agente em Gest\u00e3o de Secretariado &#8211;\u00a0<strong>T\u00edtulo: Agente de Gest\u00e3o em Secretariado.<\/strong><\/li>\n<\/ul>\n<p>Os diplomas e certificados ser\u00e3o acompanhados de hist\u00f3rico escolar no qual constar\u00e3o os componentes curriculares elencados na organiza\u00e7\u00e3o curricular, definidos pelo perfil profissional de conclus\u00e3o, as respectivas cargas hor\u00e1rias, frequ\u00eancias e aproveitamento dos concluintes, nos termos em que prev\u00ea o par\u00e1grafo quinto do Art. 38 da Resolu\u00e7\u00e3o CNE\/CEB n\u00ba 06\/2012.<\/p>\n","protected":false},"excerpt":{"rendered":"<p>Aos estudantes que obtiverem aprova\u00e7\u00e3o em todos os componentes curriculares do curso ser\u00e1 conferido o Diploma com o t\u00edtulo de T\u00c9CNICO EM SECRETARIADO, no Eixo Tecnol\u00f3gico \u201cGest\u00e3o e Neg\u00f3cios\u201d, de acordo com a Lei n\u00ba 9.394\/96, Parecer CNE\/CEB n\u00ba 11\/2012, Resolu\u00e7\u00e3o CNE\/CEB n\u00ba 06\/2012, Decreto Federal n\u00ba 5154\/2004, Parecer CNE\/CEB n\u00ba 11\/2008, Resolu\u00e7\u00e3o CNE\/CEB n\u00ba [&hellip;]<\/p>\n","protected":false},"author":117,"featured_media":0,"parent":0,"menu_order":0,"comment_status":"closed","ping_status":"closed","template":"","meta":{"footnotes":""},"categories":[],"tags":[],"class_list":["post-161","page","type-page","status-publish","hentry"],"acf":[],"_links":{"self":[{"href":"https:\/\/www.ufsm.br\/cursos\/tecnico\/santa-maria\/secretariado\/wp-json\/wp\/v2\/pages\/161","targetHints":{"allow":["GET"]}}],"collection":[{"href":"https:\/\/www.ufsm.br\/cursos\/tecnico\/santa-maria\/secretariado\/wp-json\/wp\/v2\/pages"}],"about":[{"href":"https:\/\/www.ufsm.br\/cursos\/tecnico\/santa-maria\/secretariado\/wp-json\/wp\/v2\/types\/page"}],"author":[{"embeddable":true,"href":"https:\/\/www.ufsm.br\/cursos\/tecnico\/santa-maria\/secretariado\/wp-json\/wp\/v2\/users\/117"}],"replies":[{"embeddable":true,"href":"https:\/\/www.ufsm.br\/cursos\/tecnico\/santa-maria\/secretariado\/wp-json\/wp\/v2\/comments?post=161"}],"version-history":[{"count":0,"href":"https:\/\/www.ufsm.br\/cursos\/tecnico\/santa-maria\/secretariado\/wp-json\/wp\/v2\/pages\/161\/revisions"}],"wp:attachment":[{"href":"https:\/\/www.ufsm.br\/cursos\/tecnico\/santa-maria\/secretariado\/wp-json\/wp\/v2\/media?parent=161"}],"wp:term":[{"taxonomy":"category","embeddable":true,"href":"https:\/\/www.ufsm.br\/cursos\/tecnico\/santa-maria\/secretariado\/wp-json\/wp\/v2\/categories?post=161"},{"taxonomy":"post_tag","embeddable":true,"href":"https:\/\/www.ufsm.br\/cursos\/tecnico\/santa-maria\/secretariado\/wp-json\/wp\/v2\/tags?post=161"}],"curies":[{"name":"wp","href":"https:\/\/api.w.org\/{rel}","templated":true}]}}