{"id":5,"date":"2018-01-18T08:39:17","date_gmt":"2018-01-18T10:39:17","guid":{"rendered":"https:\/\/www.ufsm.br\/cursos\/graduacao\/nutricao\/12352\/?page_id=5"},"modified":"2023-09-29T14:27:23","modified_gmt":"2023-09-29T17:27:23","slug":"pagina-inicial","status":"publish","type":"page","link":"https:\/\/www.ufsm.br\/cursos\/tecnico\/santa-maria\/zootecnia\/","title":{"rendered":"P\u00e1gina Inicial"},"content":{"rendered":"\t\t<div data-elementor-type=\"wp-post\" data-elementor-id=\"5\" class=\"elementor elementor-5\">\n\t\t\t\t\t\t<section class=\"elementor-section elementor-top-section elementor-element elementor-element-f6a61e1 elementor-section-boxed elementor-section-height-default elementor-section-height-default\" data-id=\"f6a61e1\" data-element_type=\"section\">\n\t\t\t\t\t\t<div class=\"elementor-container elementor-column-gap-default\">\n\t\t\t\t\t<div class=\"elementor-column elementor-col-100 elementor-top-column elementor-element elementor-element-81ce27f\" data-id=\"81ce27f\" data-element_type=\"column\">\n\t\t\t<div class=\"elementor-widget-wrap elementor-element-populated\">\n\t\t\t\t\t\t<div class=\"elementor-element elementor-element-4acc7ce elementor-hidden-desktop elementor-hidden-tablet elementor-hidden-mobile elementor-widget elementor-widget-wp-widget-ufsm_noticias_widget\" data-id=\"4acc7ce\" data-element_type=\"widget\" data-widget_type=\"wp-widget-ufsm_noticias_widget.default\">\n\t\t\t\t<div class=\"elementor-widget-container\">\n\t\t\t<div id='ufsm-carousel-1775441785-1723215312' class='carousel slide carousel-ufsm' data-bs-ride='carousel' aria-hidden='true'>\n    <div class='carousel-inner'>\n                    \n\n            <div class='carousel-item active' data-bs-interval='4000'>\n                                    <!-- Link && Slider Image -->\n                    <a href='https:\/\/www.ufsm.br\/unidades-universitarias\/politecnico\/2023\/07\/03\/ufsm-atinge-nota-maxima-na-avaliacao-do-inep'>\n                        <img class='w-100' style='max-height:270px; object-fit:cover;' alt=\"O Conceito Institucional \u00e9 conferido ap\u00f3s a Institui\u00e7\u00e3o de Ensino Superior passar pelo processo de recredenciamento institucional.\" srcset=\"https:\/\/www.ufsm.br\/app\/uploads\/sites\/405\/2023\/07\/Banner_WEB_Recredenciamento_nota_4ou5_Prancheta-1-300x80.jpg 300w, https:\/\/www.ufsm.br\/app\/uploads\/sites\/405\/2023\/07\/Banner_WEB_Recredenciamento_nota_4ou5_Prancheta-1-1024x273.jpg 1024w, https:\/\/www.ufsm.br\/app\/uploads\/sites\/405\/2023\/07\/Banner_WEB_Recredenciamento_nota_4ou5_Prancheta-1-768x205.jpg 768w, https:\/\/www.ufsm.br\/app\/uploads\/sites\/405\/2023\/07\/Banner_WEB_Recredenciamento_nota_4ou5_Prancheta-1.jpg 1500w\">\n                    <\/a>\n                \n                \n                                                            <\/div>\n                    \n\n            <div class='carousel-item ' data-bs-interval='4000'>\n                                    <!-- Link && Slider Image -->\n                    <a href='https:\/\/www.ufsm.br\/unidades-universitarias\/politecnico\/2023\/02\/03\/publicado-o-edital-para-ingresso-reingresso-e-transferencia-nos-cursos-tecnicos-do-politecnico'>\n                        <img class='w-100' style='max-height:270px; object-fit:cover;' alt=\"Selecionados ser\u00e3o matriculados no primeiro semestre letivo de 2023\" srcset=\"https:\/\/www.ufsm.br\/app\/uploads\/sites\/405\/2023\/02\/Ed-Ingresso-Reindresso-2023-bannerSite-300x79.jpg 300w, https:\/\/www.ufsm.br\/app\/uploads\/sites\/405\/2023\/02\/Ed-Ingresso-Reindresso-2023-bannerSite-768x203.jpg 768w, https:\/\/www.ufsm.br\/app\/uploads\/sites\/405\/2023\/02\/Ed-Ingresso-Reindresso-2023-bannerSite.jpg 1024w\">\n                    <\/a>\n                \n                \n                                                            <\/div>\n                    \n\n            <div class='carousel-item ' data-bs-interval='4000'>\n                                    <!-- Link && Slider Image -->\n                    <a href='https:\/\/www.ufsm.br\/unidades-universitarias\/politecnico\/2022\/12\/21\/processo-seletivo-2023-colegio-politecnico-e-colegio-tecnico-industrial-da-ufsm-confira-orientacoes-essenciais-para-o-dia-de-prova'>\n                        <img class='w-100' style='max-height:270px; object-fit:cover;' alt=\"No dia 8 de janeiro de 2023, os candidatos e candidatas inscritos prestar\u00e3o a prova do Processo Seletivo para ingresso nos Col\u00e9gios da UFSM. Para aqueles que buscam uma vaga no Ensino M\u00e9dio e nos cursos integrados ao Ensino M\u00e9dio,&hellip;\" srcset=\"https:\/\/www.ufsm.br\/app\/uploads\/sites\/405\/2022\/12\/Janeiro-23-300x79.jpg 300w, https:\/\/www.ufsm.br\/app\/uploads\/sites\/405\/2022\/12\/Janeiro-23-768x203.jpg 768w, https:\/\/www.ufsm.br\/app\/uploads\/sites\/405\/2022\/12\/Janeiro-23.jpg 1024w\">\n                    <\/a>\n                \n                \n                                                            <\/div>\n                    <!-- Exibi Indicadores -->\n                    <ol class='carousel-indicators carousel-indicators-numbers d-none d-md-flex align-self-end m-0'>\n                <li data-bs-target='#ufsm-carousel-1775441785-1723215312' data-bs-slide-to='0' class='d-flex rounded-circle active'><span class='m-auto fw-bold'>1<\/span><\/li><li data-bs-target='#ufsm-carousel-1775441785-1723215312' data-bs-slide-to='1' class='d-flex rounded-circle '><span class='m-auto fw-bold'>2<\/span><\/li><li data-bs-target='#ufsm-carousel-1775441785-1723215312' data-bs-slide-to='2' class='d-flex rounded-circle '><span class='m-auto fw-bold'>3<\/span><\/li>            <\/ol>\n            <a class='carousel-control-prev' href='#ufsm-carousel-1775441785-1723215312' role='button' data-bs-slide='prev'>\n                <span class='carousel-control-prev-icon' aria-hidden='true'><\/span>\n                <span class='visually-hidden'>Previous<\/span>\n            <\/a>\n            <a class='carousel-control-next' href='#ufsm-carousel-1775441785-1723215312' role='button' data-bs-slide='next'>\n                <span class='carousel-control-next-icon' aria-hidden='true'><\/span>\n                <span class='visually-hidden'>Next<\/span>\n            <\/a>\n            <\/div>\n<\/div>\n<!-- Acessibilidade, apenas leitor de tela -->\n<ul class='visually-hidden'>\n    <li><a href='https:\/\/www.ufsm.br\/unidades-universitarias\/politecnico\/2023\/07\/03\/ufsm-atinge-nota-maxima-na-avaliacao-do-inep'>UFSM atinge nota m\u00e1xima na avalia\u00e7\u00e3o do INEP<\/a><\/li><li><a href='https:\/\/www.ufsm.br\/unidades-universitarias\/politecnico\/2023\/02\/03\/publicado-o-edital-para-ingresso-reingresso-e-transferencia-nos-cursos-tecnicos-do-politecnico'>Publicado o Edital para Ingresso, Reingresso e Transfer\u00eancia nos Cursos T\u00e9cnicos do Polit\u00e9cnico<\/a><\/li><li><a href='https:\/\/www.ufsm.br\/unidades-universitarias\/politecnico\/2022\/12\/21\/processo-seletivo-2023-colegio-politecnico-e-colegio-tecnico-industrial-da-ufsm-confira-orientacoes-essenciais-para-o-dia-de-prova'>Processo Seletivo 2023 Col\u00e9gio Polit\u00e9cnico e Col\u00e9gio T\u00e9cnico Industrial da UFSM: confira orienta\u00e7\u00f5es essenciais para o dia de prova<\/a><\/li><\/ul>\n\t\t<\/div>\n\t\t\t\t<\/div>\n\t\t\t\t<div class=\"elementor-element elementor-element-2a2150b elementor-widget elementor-widget-image\" data-id=\"2a2150b\" data-element_type=\"widget\" data-widget_type=\"image.default\">\n\t\t\t\t<div class=\"elementor-widget-container\">\n\t\t\t\t\t\t\t\t\t\t\t\t\t<img fetchpriority=\"high\" decoding=\"async\" width=\"1176\" height=\"300\" src=\"https:\/\/www.ufsm.br\/app\/uploads\/sites\/589\/2023\/09\/banners_site_tec_zootecnia.jpg\" class=\"attachment-full size-full wp-image-201\" alt=\"\" srcset=\"https:\/\/www.ufsm.br\/app\/uploads\/sites\/589\/2023\/09\/banners_site_tec_zootecnia.jpg 1176w, https:\/\/www.ufsm.br\/app\/uploads\/sites\/589\/2023\/09\/banners_site_tec_zootecnia-300x77.jpg 300w, https:\/\/www.ufsm.br\/app\/uploads\/sites\/589\/2023\/09\/banners_site_tec_zootecnia-1024x261.jpg 1024w, https:\/\/www.ufsm.br\/app\/uploads\/sites\/589\/2023\/09\/banners_site_tec_zootecnia-768x196.jpg 768w\" sizes=\"(max-width: 1176px) 100vw, 1176px\" \/>\t\t\t\t\t\t\t\t\t\t\t\t\t<\/div>\n\t\t\t\t<\/div>\n\t\t\t\t\t<\/div>\n\t\t<\/div>\n\t\t\t\t\t<\/div>\n\t\t<\/section>\n\t\t\t\t<section class=\"elementor-section elementor-top-section elementor-element elementor-element-71f1b01 elementor-section-boxed elementor-section-height-default elementor-section-height-default\" data-id=\"71f1b01\" data-element_type=\"section\">\n\t\t\t\t\t\t<div class=\"elementor-container elementor-column-gap-default\">\n\t\t\t\t\t<div class=\"elementor-column elementor-col-100 elementor-top-column elementor-element elementor-element-c711c96\" data-id=\"c711c96\" data-element_type=\"column\">\n\t\t\t<div class=\"elementor-widget-wrap elementor-element-populated\">\n\t\t\t\t\t\t<div class=\"elementor-element elementor-element-9bf8518 elementor-widget elementor-widget-heading\" data-id=\"9bf8518\" data-element_type=\"widget\" data-widget_type=\"heading.default\">\n\t\t\t\t<div class=\"elementor-widget-container\">\n\t\t\t<h5 class=\"elementor-heading-title elementor-size-default\">Apresenta\u00e7\u00e3o<\/h5>\t\t<\/div>\n\t\t\t\t<\/div>\n\t\t\t\t<div class=\"elementor-element elementor-element-a8505e3 elementor-widget elementor-widget-text-editor\" data-id=\"a8505e3\" data-element_type=\"widget\" data-widget_type=\"text-editor.default\">\n\t\t\t\t<div class=\"elementor-widget-container\">\n\t\t\t\t\t\t\t<p>Forma profissionais t\u00e9cnicos com conhecimentos, compet\u00eancias e habilidades que os qualifiquem a atuar de forma respons\u00e1vel e consciente na \u00e1rea de produ\u00e7\u00e3o animal, com base nos princ\u00edpios da \u00e9tica, da sustentabilidade econ\u00f4mica e ambiental e da seguran\u00e7a alimentar.<\/p>\t\t\t\t\t\t<\/div>\n\t\t\t\t<\/div>\n\t\t\t\t<div class=\"elementor-element elementor-element-32089a5 elementor-widget elementor-widget-text-editor\" data-id=\"32089a5\" data-element_type=\"widget\" data-widget_type=\"text-editor.default\">\n\t\t\t\t<div class=\"elementor-widget-container\">\n\t\t\t\t\t\t\t<p><p>O curso de <b>T\u00e9cnico em Zootecnia<\/b> est\u00e1 localizado em <b>Campus Camobi &#8211; UFSM<\/b> na modalidade <b>T\u00e9cnico &#8211; Presencial<\/b> sendo <b>Matutino<\/b> o seu turno de funcionamento. A \u00e1rea de conhecimento do curso \u00e9 classificada como <b>Eixo Tecnol\u00f3gico RECURSOS NATURAIS<\/b>. Atualmente, a coordena\u00e7\u00e3o \u00e9 de responsabilidade de <b>DIEGO ZENI<\/b> e a coordena\u00e7\u00e3o substituta de <b>ALEXANDRE ALBERTO TONIN<\/b>.<\/p><p>O curso \u00e9 ofertado em per\u00edodo <b>Semestral<\/b>, sendo <b>3<\/b> o n\u00famero de per\u00edodos indicados para sua conclus\u00e3o.<\/p><\/p>\t\t\t\t\t\t<\/div>\n\t\t\t\t<\/div>\n\t\t\t\t\t<\/div>\n\t\t<\/div>\n\t\t\t\t\t<\/div>\n\t\t<\/section>\n\t\t\t\t<section class=\"elementor-section elementor-top-section elementor-element elementor-element-d7d9786 elementor-section-boxed elementor-section-height-default elementor-section-height-default\" data-id=\"d7d9786\" data-element_type=\"section\">\n\t\t\t\t\t\t<div class=\"elementor-container elementor-column-gap-default\">\n\t\t\t\t\t<div class=\"elementor-column elementor-col-100 elementor-top-column elementor-element elementor-element-d698635\" data-id=\"d698635\" data-element_type=\"column\">\n\t\t\t<div class=\"elementor-widget-wrap elementor-element-populated\">\n\t\t\t\t\t\t<div class=\"elementor-element elementor-element-e2136bc elementor-widget elementor-widget-wp-widget-ufsm_utilidades\" data-id=\"e2136bc\" data-element_type=\"widget\" data-widget_type=\"wp-widget-ufsm_utilidades.default\">\n\t\t\t\t<div class=\"elementor-widget-container\">\n\t\t\t\t\t<h5 class=\"card-title titulo-conteudos\">Utilidades<\/h5>\n\t\t\t\t\n\t\t<div class=\"row d-flex justify-content-around\">\n\t\t\t\t\t\t\t<div class=\"col-12 col-sm-6 col-md-2 mt-4 text-center\">\n\t\t\t\t\t\t\t\t\t\t\t<a href=\"https:\/\/www.ufsm.br\/cursos\/tecnico\/santa-maria\/zootecnia\/horarios\" class=\"item-utilidades d-block\">\n\t\t\t\t\t\t\t\t\t\t<i class=\"fas fa-pencil-alt animation-pulse\" aria-hidden=\"true\"><\/i><b>Oferta \/ Hor\u00e1rios<\/b><\/a>\n\t\t\t\t<\/div>\n\t\t\t\t\t\t\t<div class=\"col-12 col-sm-6 col-md-2 mt-4 text-center\">\n\t\t\t\t\t\t\t\t\t\t\t<a href=\"https:\/\/portal.ufsm.br\/aluno\/\" class=\"item-utilidades d-block\">\n\t\t\t\t\t\t\t\t\t\t<i class=\"fa fa-user animation-pulse\" aria-hidden=\"true\"><\/i><b>Portal do Aluno<\/b><\/a>\n\t\t\t\t<\/div>\n\t\t\t\t\t\t\t<div class=\"col-12 col-sm-6 col-md-2 mt-4 text-center\">\n\t\t\t\t\t\t\t\t\t\t\t<a href=\"https:\/\/www.ufsm.br\/cursos\/tecnico\/santa-maria\/zootecnia\/informacoes-do-curriculo\" class=\"item-utilidades d-block\">\n\t\t\t\t\t\t\t\t\t\t<i class=\"fa fa-clipboard animation-pulse\" aria-hidden=\"true\"><\/i><b>Informa\u00e7\u00f5es Curriculares<\/b><\/a>\n\t\t\t\t<\/div>\n\t\t\t\t\t\t\t<div class=\"col-12 col-sm-6 col-md-2 mt-4 text-center\">\n\t\t\t\t\t\t\t\t\t\t\t<a href=\"https:\/\/www.ufsm.br\/cursos\/tecnico\/santa-maria\/zootecnia\/projeto-pedagogico\" class=\"item-utilidades d-block\">\n\t\t\t\t\t\t\t\t\t\t<i class=\"fa fa-book animation-pulse\" aria-hidden=\"true\"><\/i><b>Projeto Pedag\u00f3gico<\/b><\/a>\n\t\t\t\t<\/div>\n\t\t\t\t\t\t\t<div class=\"col-12 col-sm-6 col-md-2 mt-4 text-center\">\n\t\t\t\t\t\t\t\t\t\t\t<a href=\"https:\/\/ead06.proj.ufsm.br\/login\/\" class=\"item-utilidades d-block\">\n\t\t\t\t\t\t\t\t\t\t<i class=\"ufsm ufsm-moodle animation-pulse\" aria-hidden=\"true\"><\/i><b>Ambiente Virtual Moodle<\/b><\/a>\n\t\t\t\t<\/div>\n\t\t\t\t\t\t\t<div class=\"col-12 col-sm-6 col-md-2 mt-4 text-center\">\n\t\t\t\t\t\t\t\t\t\t\t<a href=\"https:\/\/www.ufsm.br\/cursos\/tecnico\/santa-maria\/zootecnia\/grupos\" class=\"item-utilidades d-block\">\n\t\t\t\t\t\t\t\t\t\t<i class=\"fas fa-user-friends animation-pulse\" aria-hidden=\"true\"><\/i><b>Grupos Acad\u00eamicos<\/b><\/a>\n\t\t\t\t<\/div>\n\t\t\t\t\t<\/div>\n\t\t\t\t<\/div>\n\t\t\t\t<\/div>\n\t\t\t\t\t<\/div>\n\t\t<\/div>\n\t\t\t\t\t<\/div>\n\t\t<\/section>\n\t\t\t\t<section class=\"elementor-section elementor-top-section elementor-element elementor-element-fea9ed4 elementor-section-boxed elementor-section-height-default elementor-section-height-default\" data-id=\"fea9ed4\" data-element_type=\"section\">\n\t\t\t\t\t\t<div class=\"elementor-container elementor-column-gap-default\">\n\t\t\t\t\t<div class=\"elementor-column elementor-col-100 elementor-top-column elementor-element elementor-element-fa250ac\" data-id=\"fa250ac\" data-element_type=\"column\">\n\t\t\t<div class=\"elementor-widget-wrap elementor-element-populated\">\n\t\t\t\t\t\t<div class=\"elementor-element elementor-element-650c773 elementor-widget elementor-widget-wp-widget-ufsm_noticias_widget\" data-id=\"650c773\" data-element_type=\"widget\" data-widget_type=\"wp-widget-ufsm_noticias_widget.default\">\n\t\t\t\t<div class=\"elementor-widget-container\">\n\t\t\t<h5 class='titulo-conteudos'>Not\u00edcias<\/h5><div class='widget-noticias-inside'>\n                        <div class=\"row\">\n                                    <div class=\"col-12 col-lg-12 pb-4\">\n                                        \n                                        \n                    \n                    <a class=\"noticias-widget-title d-block \"  title=\"Estudantes do Col\u00e9gio Polit\u00e9cnico realizam visita t\u00e9cnica ao Frigor\u00edfico Silva\" href=\"https:\/\/www.ufsm.br\/cursos\/tecnico\/santa-maria\/zootecnia\/2025\/06\/13\/estudantes-do-colegio-politecnico-realizam-visita-tecnica-ao-frigorifico-silva\">\n                                                Estudantes do Col\u00e9gio Polit\u00e9cnico realizam visita t\u00e9cnica ao Frigor\u00edfico Silva                    <\/a>\n                    \n                                            <div class=\"noticias-widget-introtext\">\n                            Atividade \u00e9 desenvolvida nas disciplinas de Tecnologia de Produtos de Origem Animal, Produ\u00e7\u00e3o Agroindustrial e Bovinocultura de Corte                        <\/div>\n                    \n                                        \n                                        \n                                            \n                                                    <div title=\"Publicado em 13\/06\/2025 \" class=\"data-publicacao-widget\">\n                                <i  class=\"far fa-clock\"><\/i>\n                                13\/06\/2025                             <\/div>\n                                                                <\/div>\n                            <\/div>\n                    <div class=\"row\">\n                                    <div class=\"col-12 col-lg-12 pb-4\">\n                                        \n                                        \n                    \n                    <a class=\"noticias-widget-title d-block \"  title=\"Estudantes do Col\u00e9gio Polit\u00e9cnico fazem visita \u00e0 CCGL\" href=\"https:\/\/www.ufsm.br\/cursos\/tecnico\/santa-maria\/zootecnia\/2025\/03\/21\/estudantes-do-colegio-politecnico-fazem-visita-a-ccgl\">\n                                                Estudantes do Col\u00e9gio Polit\u00e9cnico fazem visita \u00e0 CCGL                    <\/a>\n                    \n                                            <div class=\"noticias-widget-introtext\">\n                            Acad\u00eamicos dos t\u00e9cnicos em Agropecu\u00e1ria e Zootecnia conheceram novos recursos da produ\u00e7\u00e3o do leite                        <\/div>\n                    \n                                        \n                                        \n                                            \n                                                    <div title=\"Publicado em 21\/03\/2025 \" class=\"data-publicacao-widget\">\n                                <i  class=\"far fa-clock\"><\/i>\n                                21\/03\/2025                             <\/div>\n                                                                <\/div>\n                            <\/div>\n                    <div class=\"row\">\n                                    <div class=\"col-12 col-lg-12 pb-4\">\n                                        \n                                        \n                    \n                    <a class=\"noticias-widget-title d-block \"  title=\"Tarde de Campo de Cole\u00e7\u00e3o Forrageira: evento reuniu profissionais e estudantes\" href=\"https:\/\/www.ufsm.br\/cursos\/tecnico\/santa-maria\/zootecnia\/2024\/10\/24\/tarde-de-campo-de-colecao-forrageira-evento-reuniu-profissionais-e-estudantes\">\n                                                Tarde de Campo de Cole\u00e7\u00e3o Forrageira: evento reuniu profissionais e estudantes                    <\/a>\n                    \n                                            <div class=\"noticias-widget-introtext\">\n                            A 2\u00aa Tarde de Campo de Cole\u00e7\u00e3o Forrageira, realizada em 16 de outubro no Audit\u00f3rio do Col\u00e9gio Polit\u00e9cnico da UFSM, apresentou ao p\u00fablico participante os resultados obtidos durante o ano nos projetos de Ensino, Pesquisa e Extens\u00e3o, cadastrados com base&hellip;                        <\/div>\n                    \n                                        \n                                        \n                                            \n                                                    <div title=\"Publicado em 24\/10\/2024 \" class=\"data-publicacao-widget\">\n                                <i  class=\"far fa-clock\"><\/i>\n                                24\/10\/2024                             <\/div>\n                                                                <\/div>\n                            <\/div>\n                    <div class=\"row\">\n                                    <div class=\"col-12 col-lg-12 pb-4\">\n                                        \n                                        \n                    \n                    <a class=\"noticias-widget-title d-block \"  title=\"Estudantes do T\u00e9cnico em Zootecnia realizam atividade de empreendedorismo e inova\u00e7\u00e3o na Coworking Pulsar da UFSM\" href=\"https:\/\/www.ufsm.br\/cursos\/tecnico\/santa-maria\/zootecnia\/2024\/04\/22\/estudantes-do-tecnico-em-zootecnia-realizam-atividade-de-empreendedorismo-e-inovacao-na-coworking-pulsar-da-ufsm\">\n                                                Estudantes do T\u00e9cnico em Zootecnia realizam atividade de empreendedorismo e inova\u00e7\u00e3o na Coworking Pulsar da UFSM                    <\/a>\n                    \n                                            <div class=\"noticias-widget-introtext\">\n                            Na manh\u00e3 de sexta-feira (19\/04), os discentes do Curso T\u00e9cnico em Zootecnia do Col\u00e9gio Polit\u00e9cnico da UFSM conheceram o espa\u00e7o do Coworking Pulsar Incubadora da Inovatec na Proinova da UFSM. Essa a\u00e7\u00e3o foi uma iniciativa da disciplina de Administra\u00e7\u00e3o Rural&hellip;                        <\/div>\n                    \n                                        \n                                        \n                                            \n                                                    <div title=\"Publicado em 22\/04\/2024 \" class=\"data-publicacao-widget\">\n                                <i  class=\"far fa-clock\"><\/i>\n                                22\/04\/2024                             <\/div>\n                                                                <\/div>\n                            <\/div>\n                    <div class=\"row\">\n                                    <div class=\"col-12 col-lg-12 pb-4\">\n                                        \n                                        \n                    \n                    <a class=\"noticias-widget-title d-block \"  title=\"3\u00aa Edi\u00e7\u00e3o do ProPig reuniu profissionais da suinocultura em duas noites de palestras\" href=\"https:\/\/www.ufsm.br\/cursos\/tecnico\/santa-maria\/zootecnia\/2024\/04\/08\/3a-edicao-do-propig-reuniu-profissionais-da-suinocultura-em-duas-noites-de-palestras\">\n                                                3\u00aa Edi\u00e7\u00e3o do ProPig reuniu profissionais da suinocultura em duas noites de palestras                    <\/a>\n                    \n                                            <div class=\"noticias-widget-introtext\">\n                            Empres\u00e1rios e pesquisadores compartilharam relevantes insights sobre o futuro do setor                        <\/div>\n                    \n                                        \n                                        \n                                            \n                                                    <div title=\"Publicado em 08\/04\/2024 \" class=\"data-publicacao-widget\">\n                                <i  class=\"far fa-clock\"><\/i>\n                                08\/04\/2024                             <\/div>\n                                                                <\/div>\n                            <\/div>\n            <\/div>\n<div class=\"leia-mais p-1\">\n                <a href=\"https:\/\/www.ufsm.br\/cursos\/tecnico\/santa-maria\/zootecnia\/busca\/?q=&area=post&orderby=date&sites%5B%5D=589\">\n            LEIA MAIS            <span class=\"icon-box\">\n                <span class=\"bg-ufsm-widget-icon\">\n                    <i class=\"fas fa-chevron-right\" aria-hidden=\"true\"><\/i>\n                <\/span>\n            <\/span>\n        <\/a>\n    <\/div>\n\t\t<\/div>\n\t\t\t\t<\/div>\n\t\t\t\t\t<\/div>\n\t\t<\/div>\n\t\t\t\t\t<\/div>\n\t\t<\/section>\n\t\t\t\t<section class=\"elementor-section elementor-top-section elementor-element elementor-element-f907a70 elementor-section-boxed elementor-section-height-default elementor-section-height-default\" data-id=\"f907a70\" data-element_type=\"section\">\n\t\t\t\t\t\t<div class=\"elementor-container elementor-column-gap-default\">\n\t\t\t\t\t<div class=\"elementor-column elementor-col-100 elementor-top-column elementor-element elementor-element-021dac0\" data-id=\"021dac0\" data-element_type=\"column\">\n\t\t\t<div class=\"elementor-widget-wrap elementor-element-populated\">\n\t\t\t\t\t\t<div class=\"elementor-element elementor-element-6cd046e elementor-widget elementor-widget-wp-widget-ufsm_eventos_widget\" data-id=\"6cd046e\" data-element_type=\"widget\" data-widget_type=\"wp-widget-ufsm_eventos_widget.default\">\n\t\t\t\t<div class=\"elementor-widget-container\">\n\t\t\t<H2 class='titulo-conteudos'>Eventos<\/H2>\n          <div class='d-flex flex-column align-items-center justify-content-center py-4'>\n        <span class='text-muted fs-5 mb-2 d-flex align-items-center'>\n          <i class='fas fa-calendar-times fa-2x me-2'><\/i>\n          Nenhum evento futuro encontrado.\n        <\/span>\n        <a class='btn btn-outline-primary mt-2' href='https:\/\/www.ufsm.br\/cursos\/tecnico\/santa-maria\/zootecnia\/busca\/?q=&orderby=date&order=DESC&perpage=15&area=eventos&sites%5B%5D=589'>\n          Confira os eventos j\u00e1 realizados\n          <i class='fas fa-arrow-right ms-2'><\/i>\n        <\/a>\n          <\/div>\n        \t\t<\/div>\n\t\t\t\t<\/div>\n\t\t\t\t\t<\/div>\n\t\t<\/div>\n\t\t\t\t\t<\/div>\n\t\t<\/section>\n\t\t\t\t<\/div>\n\t\t","protected":false},"excerpt":{"rendered":"<p>Apresenta\u00e7\u00e3o Forma profissionais t\u00e9cnicos com conhecimentos, compet\u00eancias e habilidades que os qualifiquem a atuar de forma respons\u00e1vel e consciente na \u00e1rea de produ\u00e7\u00e3o animal, com base nos princ\u00edpios da \u00e9tica, da sustentabilidade econ\u00f4mica e ambiental e da seguran\u00e7a alimentar.<\/p>\n","protected":false},"author":8,"featured_media":0,"parent":0,"menu_order":0,"comment_status":"closed","ping_status":"closed","template":"","meta":{"footnotes":""},"categories":[],"tags":[],"class_list":["post-5","page","type-page","status-publish","hentry"],"acf":[],"_links":{"self":[{"href":"https:\/\/www.ufsm.br\/cursos\/tecnico\/santa-maria\/zootecnia\/wp-json\/wp\/v2\/pages\/5","targetHints":{"allow":["GET"]}}],"collection":[{"href":"https:\/\/www.ufsm.br\/cursos\/tecnico\/santa-maria\/zootecnia\/wp-json\/wp\/v2\/pages"}],"about":[{"href":"https:\/\/www.ufsm.br\/cursos\/tecnico\/santa-maria\/zootecnia\/wp-json\/wp\/v2\/types\/page"}],"author":[{"embeddable":true,"href":"https:\/\/www.ufsm.br\/cursos\/tecnico\/santa-maria\/zootecnia\/wp-json\/wp\/v2\/users\/8"}],"replies":[{"embeddable":true,"href":"https:\/\/www.ufsm.br\/cursos\/tecnico\/santa-maria\/zootecnia\/wp-json\/wp\/v2\/comments?post=5"}],"version-history":[{"count":0,"href":"https:\/\/www.ufsm.br\/cursos\/tecnico\/santa-maria\/zootecnia\/wp-json\/wp\/v2\/pages\/5\/revisions"}],"wp:attachment":[{"href":"https:\/\/www.ufsm.br\/cursos\/tecnico\/santa-maria\/zootecnia\/wp-json\/wp\/v2\/media?parent=5"}],"wp:term":[{"taxonomy":"category","embeddable":true,"href":"https:\/\/www.ufsm.br\/cursos\/tecnico\/santa-maria\/zootecnia\/wp-json\/wp\/v2\/categories?post=5"},{"taxonomy":"post_tag","embeddable":true,"href":"https:\/\/www.ufsm.br\/cursos\/tecnico\/santa-maria\/zootecnia\/wp-json\/wp\/v2\/tags?post=5"}],"curies":[{"name":"wp","href":"https:\/\/api.w.org\/{rel}","templated":true}]}}