{"id":287,"date":"2026-03-31T16:18:37","date_gmt":"2026-03-31T19:18:37","guid":{"rendered":"https:\/\/www.ufsm.br\/editoras\/editorappgart\/?page_id=287"},"modified":"2026-03-31T16:18:39","modified_gmt":"2026-03-31T19:18:39","slug":"sobre-a-editora","status":"publish","type":"page","link":"https:\/\/www.ufsm.br\/editoras\/editorappgart\/sobre-a-editora","title":{"rendered":"Sobre a Editora"},"content":{"rendered":"\n<p>A Editora PPGART \u00e9 uma editora universit\u00e1ria sem fins lucrativos, dedicada ao apoio \u00e0 autopublica\u00e7\u00e3o cient\u00edfica desenvolvida no \u00e2mbito da Universidade Federal de Santa Maria e de institui\u00e7\u00f5es parceiras. Alinhada ao modelo de Acesso Aberto (Open Access) e \u00e0s diretrizes da Creative Commons, suas publica\u00e7\u00f5es n\u00e3o possuem car\u00e1ter comercial e visam promover a ampla circula\u00e7\u00e3o do conhecimento. Institucionalmente, est\u00e1 vinculada ao Programa de P\u00f3s-Gradua\u00e7\u00e3o em Artes Visuais da Universidade Federal de Santa Maria.<\/p>\n\n\n\n<p>Criada em 2016 pela professora Darci Raquel Fonseca, a editora j\u00e1 publicou aproximadamente 58 t\u00edtulos. Seu cat\u00e1logo concentra-se majoritariamente na \u00e1rea de Artes, mantendo di\u00e1logo com campos como arquivologia, m\u00eddia, hist\u00f3ria, educa\u00e7\u00e3o e aprendizagem. Al\u00e9m de obras cient\u00edficas, a PPGART tamb\u00e9m publica trabalhos oriundos de eventos acad\u00eamicos, bem como de projetos de ensino e extens\u00e3o coordenados por docentes e t\u00e9cnicos administrativos da universidade.<\/p>\n\n\n\n<p>No ambiente digital, a editora acompanha as din\u00e2micas contempor\u00e2neas de acesso e consumo de bens culturais. Em seu site, disponibiliza e-books nas \u00e1reas de Artes e em outros campos do conhecimento, garantindo acesso livre e aberto ao p\u00fablico.<\/p>\n","protected":false},"excerpt":{"rendered":"<p>A Editora PPGART \u00e9 uma editora universit\u00e1ria sem fins lucrativos, dedicada ao apoio \u00e0 autopublica\u00e7\u00e3o cient\u00edfica desenvolvida no \u00e2mbito da Universidade Federal de Santa Maria e de institui\u00e7\u00f5es parceiras. Alinhada ao modelo de Acesso Aberto (Open Access) e \u00e0s diretrizes da Creative Commons, suas publica\u00e7\u00f5es n\u00e3o possuem car\u00e1ter comercial e visam promover a ampla circula\u00e7\u00e3o [&hellip;]<\/p>\n","protected":false},"author":820,"featured_media":0,"parent":0,"menu_order":0,"comment_status":"closed","ping_status":"closed","template":"","meta":{"footnotes":""},"categories":[],"tags":[],"class_list":["post-287","page","type-page","status-publish","hentry"],"acf":[],"_links":{"self":[{"href":"https:\/\/www.ufsm.br\/editoras\/editorappgart\/wp-json\/wp\/v2\/pages\/287","targetHints":{"allow":["GET"]}}],"collection":[{"href":"https:\/\/www.ufsm.br\/editoras\/editorappgart\/wp-json\/wp\/v2\/pages"}],"about":[{"href":"https:\/\/www.ufsm.br\/editoras\/editorappgart\/wp-json\/wp\/v2\/types\/page"}],"author":[{"embeddable":true,"href":"https:\/\/www.ufsm.br\/editoras\/editorappgart\/wp-json\/wp\/v2\/users\/820"}],"replies":[{"embeddable":true,"href":"https:\/\/www.ufsm.br\/editoras\/editorappgart\/wp-json\/wp\/v2\/comments?post=287"}],"version-history":[{"count":0,"href":"https:\/\/www.ufsm.br\/editoras\/editorappgart\/wp-json\/wp\/v2\/pages\/287\/revisions"}],"wp:attachment":[{"href":"https:\/\/www.ufsm.br\/editoras\/editorappgart\/wp-json\/wp\/v2\/media?parent=287"}],"wp:term":[{"taxonomy":"category","embeddable":true,"href":"https:\/\/www.ufsm.br\/editoras\/editorappgart\/wp-json\/wp\/v2\/categories?post=287"},{"taxonomy":"post_tag","embeddable":true,"href":"https:\/\/www.ufsm.br\/editoras\/editorappgart\/wp-json\/wp\/v2\/tags?post=287"}],"curies":[{"name":"wp","href":"https:\/\/api.w.org\/{rel}","templated":true}]}}