{"id":74,"date":"2019-08-26T10:18:27","date_gmt":"2019-08-26T13:18:27","guid":{"rendered":"https:\/\/www.ufsm.br\/editoras\/ppgart\/?page_id=74"},"modified":"2026-03-31T16:40:26","modified_gmt":"2026-03-31T19:40:26","slug":"editores-e-conselho-editorial","status":"publish","type":"page","link":"https:\/\/www.ufsm.br\/editoras\/editorappgart\/editores-e-conselho-editorial","title":{"rendered":"Editores e Conselho Editorial"},"content":{"rendered":"\t\t<div data-elementor-type=\"wp-page\" data-elementor-id=\"74\" class=\"elementor elementor-74\">\n\t\t\t\t\t\t<section class=\"elementor-section elementor-top-section elementor-element elementor-element-29034fd7 elementor-section-boxed elementor-section-height-default elementor-section-height-default\" data-id=\"29034fd7\" data-element_type=\"section\">\n\t\t\t\t\t\t<div class=\"elementor-container elementor-column-gap-default\">\n\t\t\t\t\t<div class=\"elementor-column elementor-col-100 elementor-top-column elementor-element elementor-element-2ffd5ea2\" data-id=\"2ffd5ea2\" data-element_type=\"column\">\n\t\t\t<div class=\"elementor-widget-wrap elementor-element-populated\">\n\t\t\t\t\t\t<div class=\"elementor-element elementor-element-bb95243 elementor-widget elementor-widget-text-editor\" data-id=\"bb95243\" data-element_type=\"widget\" data-widget_type=\"text-editor.default\">\n\t\t\t\t<div class=\"elementor-widget-container\">\n\t\t\t\t\t\t\t<div>\n<p><strong>EDITORES:<\/strong><\/p>\n<p>Diretora Prof.\u00aa Reinilda de F\u00e1tima Berguenmayer Minuzzi<\/p>\n<p><strong>CONSELHO EDITORIAL<\/strong><\/p>\n<p>Prof.\u00aa Dr.\u00aa Andr\u00e9ia Machado Oliveira<\/p>\n<p>Prof.\u00aa Dr.\u00aa\u00a0Darci Raquel Fonseca<\/p>\n<p>Prof.\u00aa Dr.\u00aa\u00a0Gisela Reis Biancalana<\/p>\n<p>Prof.\u00aa Dr.\u00aa Karine Gomes Perez Vieira<\/p>\n<p>Prof.\u00aa Dr.\u00aa Rebeca Lenize Stumm<\/p>\n<p>Prof.\u00aa Dr.\u00aa\u00a0Reinilda de F\u00e1tima Berguenmayer Minuzzi<\/p>\n<p>Prof.\u00aa Dr.\u00aa Rosa Maria Blanca Cedillo<\/p>\n<p>Tec. Adm. Camila Linhati Bitencourt\u00a0<\/p>\n<p><strong>CONSELHO T\u00c9CNICO-CIENT\u00cdFICO<\/strong><\/p>\n<p>Prof. Dr. Bernardo Baldisserotto (Brasil, UFSM)<\/p>\n<p>Prof.\u00aa Dr.\u00aa Christine Pires Nelson de Mello (<span style=\"color: #000000;font-size: 16px;background-color: var(--bs-body-bg);text-align: var(--bs-body-text-align)\">Brasil, \u00a0PUC-SP<\/span><span style=\"color: #000000;font-size: 1rem;background-color: var(--bs-body-bg);text-align: var(--bs-body-text-align)\">)<\/span><\/p>\n<p>Prof. Dr.\u00a0Cleomar de Souza Rocha (<span style=\"color: #000000;font-size: 16px;background-color: var(--bs-body-bg);text-align: var(--bs-body-text-align)\">Brasil,\u00a0<\/span><span style=\"color: #000000;font-size: 1rem;background-color: var(--bs-body-bg);text-align: var(--bs-body-text-align)\">UFG)<\/span><\/p>\n<p>Prof.\u00aa Dr.\u00aa\u00a0Eduarda\u00a0 Azevedo Gon\u00e7alves (<span style=\"color: #000000;font-size: 16px;background-color: var(--bs-body-bg);text-align: var(--bs-body-text-align)\">Brasil,\u00a0<\/span><span style=\"color: #000000;font-size: 1rem;background-color: var(--bs-body-bg);text-align: var(--bs-body-text-align)\">UFPEL)<\/span><\/p>\n<p>Prof. Dr. Emerson Dion\u00edsio Gomes de Oliveira (<span style=\"color: #000000;font-size: 16px;background-color: var(--bs-body-bg);text-align: var(--bs-body-text-align)\">Brasil,\u00a0<\/span><span style=\"color: #000000;font-size: 1rem;background-color: var(--bs-body-bg);text-align: var(--bs-body-text-align)\">UNB)<\/span><\/p>\n<p>Prof. Dr.\u00a0Jo\u00e3o Fernando Igansi Nunes (<span style=\"color: #000000;font-size: 16px;background-color: var(--bs-body-bg);text-align: var(--bs-body-text-align)\">Brasil,\u00a0<\/span><span style=\"color: #000000;font-size: 1rem;background-color: var(--bs-body-bg);text-align: var(--bs-body-text-align)\">UFPEL)<\/span><\/p>\n<p><span style=\"font-size: 16px\">Prof. Dr. Jos\u00e9 Afonso Medeiros Souza (Brasil, UFPA)<\/span><span style=\"color: #000000;font-size: 1rem;background-color: var(--bs-body-bg);text-align: var(--bs-body-text-align)\"><br \/><\/span><\/p>\n<p>Prof.\u00aa Dr.\u00aa Giselle Beiguelman (<span style=\"color: #000000;font-size: 16px;background-color: var(--bs-body-bg);text-align: var(--bs-body-text-align)\">Brasil,\u00a0<\/span><span style=\"color: #000000;font-size: 1rem;background-color: var(--bs-body-bg);text-align: var(--bs-body-text-align)\">USP)<\/span><\/p>\n<p>Prof.\u00aa Dr.\u00aa\u00a0Helena Ara\u00fajo Rodrigues Kanaan (<span style=\"color: #000000;font-size: 16px;background-color: var(--bs-body-bg);text-align: var(--bs-body-text-align)\">Brasil,\u00a0<\/span><span style=\"color: #000000;font-size: 1rem;background-color: var(--bs-body-bg);text-align: var(--bs-body-text-align)\">UFRGS)<\/span><\/p>\n<p>Prof. Dr. Marcel Henrique Marcondes Sari (<span style=\"color: #000000;font-size: 16px;background-color: var(--bs-body-bg);text-align: var(--bs-body-text-align)\">Brasil,\u00a0<\/span><span style=\"color: #000000;font-size: 1rem;background-color: var(--bs-body-bg);text-align: var(--bs-body-text-align)\">UFSM)<\/span><\/p>\n<p>Prof.\u00aa Dr.\u00aa Maria Rosa Chitolina (<span style=\"color: #000000;font-size: 16px;background-color: var(--bs-body-bg);text-align: var(--bs-body-text-align)\">Brasil,\u00a0<\/span><span style=\"color: #000000;font-size: 1rem;background-color: var(--bs-body-bg);text-align: var(--bs-body-text-align)\">UFSM)<\/span><\/p>\n<p>Prof.\u00aa Dr.\u00aa Maria Beatriz de Medeiros (<span style=\"color: #000000;font-size: 16px;background-color: var(--bs-body-bg);text-align: var(--bs-body-text-align)\">Brasil,\u00a0<\/span><span style=\"color: #000000;font-size: 1rem;background-color: var(--bs-body-bg);text-align: var(--bs-body-text-align)\">UNB)<\/span><\/p>\n<p>Prof.\u00aa Dr.\u00aa\u00a0Maria Luisa T\u00e1vora (<span style=\"color: #000000;font-size: 16px;background-color: var(--bs-body-bg);text-align: var(--bs-body-text-align)\">Brasil,\u00a0<\/span><span style=\"color: #000000;font-size: 1rem;background-color: var(--bs-body-bg);text-align: var(--bs-body-text-align)\">UFRJ)<\/span><\/p>\n<p>Prof.\u00aa Dr.\u00aa\u00a0Maria Raquel da Silva Stolf\u00a0(<span style=\"color: #000000;font-size: 16px;background-color: var(--bs-body-bg);text-align: var(--bs-body-text-align)\">Brasil,\u00a0<\/span><span style=\"color: #000000;font-size: 1rem;background-color: var(--bs-body-bg);text-align: var(--bs-body-text-align)\">UDESC)<\/span><\/p>\n<p>Prof.\u00aa Dr.\u00aa\u00a0Mariela Yeregui (Argentina, UNTREF)<\/p>\n<p>Prof. Dr.\u00a0Milton Terumitsu Sogabe (<span style=\"color: #000000;font-size: 16px;background-color: var(--bs-body-bg);text-align: var(--bs-body-text-align)\">Brasil,\u00a0<\/span><span style=\"color: #000000;font-size: 1rem;background-color: var(--bs-body-bg);text-align: var(--bs-body-text-align)\">UNESP)<\/span><\/p>\n<p>Prof.\u00aa Dr.\u00aa Paula Cristina Somenzari Almozara (<span style=\"color: #000000;font-size: 16px;background-color: var(--bs-body-bg);text-align: var(--bs-body-text-align)\">Brasil,\u00a0<\/span><span style=\"color: #000000;font-size: 1rem;background-color: var(--bs-body-bg);text-align: var(--bs-body-text-align)\">PUC\/Campinas)<\/span><\/p>\n<p>Prof.\u00aa Dr.\u00aa\u00a0Paula Viviane Ramos (<span style=\"color: #000000;font-size: 16px;background-color: var(--bs-body-bg);text-align: var(--bs-body-text-align)\">Brasil,\u00a0<\/span><span style=\"color: #000000;font-size: 1rem;background-color: var(--bs-body-bg);text-align: var(--bs-body-text-align)\">UFRGS)<\/span><\/p>\n<p>Prof. Dr.\u00a0Paulo Bernardino Bastos (Portugal, Univ. Aveiro)<\/p>\n<p>Prof. Dr.\u00a0Paulo C\u00e9sar Ribeiro Gomes (<span style=\"color: #000000;font-size: 16px;background-color: var(--bs-body-bg);text-align: var(--bs-body-text-align)\">Brasil,\u00a0<\/span><span style=\"color: #000000;font-size: 1rem;background-color: var(--bs-body-bg);text-align: var(--bs-body-text-align)\">UFRGS)<\/span><\/p>\n<p>Prof. Dr.\u00a0Paulo Antonio de Menezes Pereira da Silveira<span style=\"color: #000000;font-size: 1rem;background-color: var(--bs-body-bg);text-align: var(--bs-body-text-align)\">\u00a0(Brasil, UFRGS)<\/span><\/p>\n<p>Prof.\u00aa Dr.\u00aa\u00a0Rachel Zuanon Dias (Brasil, UAM)<\/p>\n<p>Prof.\u00aa Dr.\u00aa Regina Melim Cunha Vieira (Brasil, UDESC)<\/p>\n<p>Prof.\u00aa Dr.\u00aa Regilene Aparecida Sarzi Ribeiro (Brasil, UNESP)<\/p>\n<p>Prof. Dr. Ricardo Barreto Biriba (Brasil, UFBA)<\/p>\n<p>Prof.\u00aa Dr.\u00aa Sandra Makowiecky (Brasil, UDESC)<\/p>\n<p>Prof.\u00aa Dr.\u00aa\u00a0Sandra Terezinha Rey (Brasil, UFRGS)<\/p>\n<p>Prof.\u00aa Dr.\u00aa Vera Beatriz Siqueira (Brasil, UERJ)<\/p>\n<p><strong>CONSELHO T\u00c9CNICO-ADMINISTRATIVO<\/strong><\/p>\n<p>Coordena\u00e7\u00e3o de Editora\u00e7\u00e3o:<br \/>Altamir Moreira, Helga Corr\u00eaa<\/p>\n<p><span style=\"color: #000000;font-size: 1rem;background-color: var(--bs-body-bg);text-align: var(--bs-body-text-align)\">Coordena\u00e7\u00e3o de Administra\u00e7\u00e3o:<\/span><\/p>\n<p>Secretaria:<br \/>Tecn. Adm. Camila Linhati Bitencourt<\/p>\n<p>\u00a0<\/p>\n<\/div>\n<p><!-- \/wp:tadv\/classic-paragraph --><\/p>\t\t\t\t\t\t<\/div>\n\t\t\t\t<\/div>\n\t\t\t\t\t<\/div>\n\t\t<\/div>\n\t\t\t\t\t<\/div>\n\t\t<\/section>\n\t\t\t\t<\/div>\n\t\t","protected":false},"excerpt":{"rendered":"<p>EDITORES: Diretora Prof.\u00aa Reinilda de F\u00e1tima Berguenmayer Minuzzi CONSELHO EDITORIAL Prof.\u00aa Dr.\u00aa Andr\u00e9ia Machado Oliveira Prof.\u00aa Dr.\u00aa\u00a0Darci Raquel Fonseca Prof.\u00aa Dr.\u00aa\u00a0Gisela Reis Biancalana Prof.\u00aa Dr.\u00aa Karine Gomes Perez Vieira Prof.\u00aa Dr.\u00aa Rebeca Lenize Stumm Prof.\u00aa Dr.\u00aa\u00a0Reinilda de F\u00e1tima Berguenmayer Minuzzi Prof.\u00aa Dr.\u00aa Rosa Maria Blanca Cedillo Tec. Adm. Camila Linhati Bitencourt\u00a0 CONSELHO T\u00c9CNICO-CIENT\u00cdFICO Prof. Dr. [&hellip;]<\/p>\n","protected":false},"author":46,"featured_media":0,"parent":0,"menu_order":0,"comment_status":"closed","ping_status":"closed","template":"","meta":{"footnotes":""},"categories":[],"tags":[],"class_list":["post-74","page","type-page","status-publish","hentry"],"acf":[],"_links":{"self":[{"href":"https:\/\/www.ufsm.br\/editoras\/editorappgart\/wp-json\/wp\/v2\/pages\/74","targetHints":{"allow":["GET"]}}],"collection":[{"href":"https:\/\/www.ufsm.br\/editoras\/editorappgart\/wp-json\/wp\/v2\/pages"}],"about":[{"href":"https:\/\/www.ufsm.br\/editoras\/editorappgart\/wp-json\/wp\/v2\/types\/page"}],"author":[{"embeddable":true,"href":"https:\/\/www.ufsm.br\/editoras\/editorappgart\/wp-json\/wp\/v2\/users\/46"}],"replies":[{"embeddable":true,"href":"https:\/\/www.ufsm.br\/editoras\/editorappgart\/wp-json\/wp\/v2\/comments?post=74"}],"version-history":[{"count":0,"href":"https:\/\/www.ufsm.br\/editoras\/editorappgart\/wp-json\/wp\/v2\/pages\/74\/revisions"}],"wp:attachment":[{"href":"https:\/\/www.ufsm.br\/editoras\/editorappgart\/wp-json\/wp\/v2\/media?parent=74"}],"wp:term":[{"taxonomy":"category","embeddable":true,"href":"https:\/\/www.ufsm.br\/editoras\/editorappgart\/wp-json\/wp\/v2\/categories?post=74"},{"taxonomy":"post_tag","embeddable":true,"href":"https:\/\/www.ufsm.br\/editoras\/editorappgart\/wp-json\/wp\/v2\/tags?post=74"}],"curies":[{"name":"wp","href":"https:\/\/api.w.org\/{rel}","templated":true}]}}